{"id":26,"date":"2024-10-11T16:15:50","date_gmt":"2024-10-11T14:15:50","guid":{"rendered":"http:\/\/localhost\/OSE\/?page_id=26"},"modified":"2025-04-02T14:09:11","modified_gmt":"2025-04-02T12:09:11","slug":"nos-equipes","status":"publish","type":"page","link":"https:\/\/oseconseils.fr\/index.php\/nos-equipes\/","title":{"rendered":"Nos \u00e9quipes"},"content":{"rendered":"\t\t<div data-elementor-type=\"wp-page\" data-elementor-id=\"26\" class=\"elementor elementor-26\">\n\t\t\t\t<div class=\"elementor-element elementor-element-2dcac15 e-con-full e-flex wpr-particle-no wpr-jarallax-no wpr-parallax-no wpr-sticky-section-no e-con e-parent\" data-id=\"2dcac15\" data-element_type=\"container\" data-e-type=\"container\">\n\t\t\t\t<div class=\"elementor-element elementor-element-05d8b1d elementor-absolute elementor-widget elementor-widget-image\" data-id=\"05d8b1d\" data-element_type=\"widget\" data-e-type=\"widget\" data-settings=\"{&quot;_position&quot;:&quot;absolute&quot;}\" data-widget_type=\"image.default\">\n\t\t\t\t<div class=\"elementor-widget-container\">\n\t\t\t\t\t\t\t\t\t\t\t\t\t\t\t<img fetchpriority=\"high\" decoding=\"async\" width=\"1920\" height=\"1172\" src=\"https:\/\/oseconseils.fr\/wp-content\/uploads\/2024\/10\/AnyConv.com__AdobeStock_142475162-Filtre.webp\" class=\"attachment-full size-full wp-image-260\" alt=\"\" srcset=\"https:\/\/oseconseils.fr\/wp-content\/uploads\/2024\/10\/AnyConv.com__AdobeStock_142475162-Filtre.webp 1920w, https:\/\/oseconseils.fr\/wp-content\/uploads\/2024\/10\/AnyConv.com__AdobeStock_142475162-Filtre-300x183.webp 300w, https:\/\/oseconseils.fr\/wp-content\/uploads\/2024\/10\/AnyConv.com__AdobeStock_142475162-Filtre-1024x625.webp 1024w, https:\/\/oseconseils.fr\/wp-content\/uploads\/2024\/10\/AnyConv.com__AdobeStock_142475162-Filtre-768x469.webp 768w, https:\/\/oseconseils.fr\/wp-content\/uploads\/2024\/10\/AnyConv.com__AdobeStock_142475162-Filtre-1536x938.webp 1536w\" sizes=\"(max-width: 1920px) 100vw, 1920px\" \/>\t\t\t\t\t\t\t\t\t\t\t\t\t\t\t<\/div>\n\t\t\t\t<\/div>\n\t\t<div class=\"elementor-element elementor-element-043f0a7 e-con-full e-flex wpr-particle-no wpr-jarallax-no wpr-parallax-no wpr-sticky-section-no e-con e-child\" data-id=\"043f0a7\" data-element_type=\"container\" data-e-type=\"container\">\n\t\t\t\t<div class=\"elementor-element elementor-element-c31c50a elementor-widget elementor-widget-heading\" data-id=\"c31c50a\" data-element_type=\"widget\" data-e-type=\"widget\" data-widget_type=\"heading.default\">\n\t\t\t\t<div class=\"elementor-widget-container\">\n\t\t\t\t\t<h2 class=\"elementor-heading-title elementor-size-default\">Accueil \/ Qui sommes-nous ? \/ Nos \u00e9quipes<\/h2>\t\t\t\t<\/div>\n\t\t\t\t<\/div>\n\t\t\t\t<div class=\"elementor-element elementor-element-59317e2 elementor-widget__width-inherit elementor-widget elementor-widget-heading\" data-id=\"59317e2\" data-element_type=\"widget\" data-e-type=\"widget\" data-widget_type=\"heading.default\">\n\t\t\t\t<div class=\"elementor-widget-container\">\n\t\t\t\t\t<h2 class=\"elementor-heading-title elementor-size-default\">Nos \u00e9quipes<\/h2>\t\t\t\t<\/div>\n\t\t\t\t<\/div>\n\t\t\t\t<\/div>\n\t\t\t\t<\/div>\n\t\t<div class=\"elementor-element elementor-element-eb6ee66 e-grid e-con-full wpr-particle-no wpr-jarallax-no wpr-parallax-no wpr-sticky-section-no e-con e-parent\" data-id=\"eb6ee66\" data-element_type=\"container\" data-e-type=\"container\">\n\t\t\t\t<div class=\"elementor-element elementor-element-0cc03de elementor-widget elementor-widget-heading\" data-id=\"0cc03de\" data-element_type=\"widget\" data-e-type=\"widget\" data-widget_type=\"heading.default\">\n\t\t\t\t<div class=\"elementor-widget-container\">\n\t\t\t\t\t<h2 class=\"elementor-heading-title elementor-size-default\">D\u00e9couvrez nos expertises<\/h2>\t\t\t\t<\/div>\n\t\t\t\t<\/div>\n\t\t\t\t<div class=\"elementor-element elementor-element-c7d03a6 elementor-widget elementor-widget-text-editor\" data-id=\"c7d03a6\" data-element_type=\"widget\" data-e-type=\"widget\" data-widget_type=\"text-editor.default\">\n\t\t\t\t<div class=\"elementor-widget-container\">\n\t\t\t\t\t\t\t\t\t<p>Les \u00e9quipes d&rsquo;Ose Groupe sont compos\u00e9es de professionnels exp\u00e9riment\u00e9s et passionn\u00e9s, sp\u00e9cialis\u00e9s dans les domaines de la paie, \u2028des ressources humaines, de la comptabilit\u00e9, de l&rsquo;audit et du conseil. Chaque membre de notre \u00e9quipe met son expertise au service \u2028de nos clients pour proposer des solutions sur mesure, adapt\u00e9es \u00e0 leurs besoins sp\u00e9cifiques. Engag\u00e9es et r\u00e9actives, nos \u00e9quipes \u2028travaillent en \u00e9troite collaboration avec les entreprises.<\/p>\t\t\t\t\t\t\t\t<\/div>\n\t\t\t\t<\/div>\n\t\t<div class=\"elementor-element elementor-element-76bf0b1 e-grid e-con-full wpr-particle-no wpr-jarallax-no wpr-parallax-no wpr-sticky-section-no e-con e-child\" data-id=\"76bf0b1\" data-element_type=\"container\" data-e-type=\"container\">\n\t\t<div class=\"elementor-element elementor-element-5593c37 e-con-full e-flex wpr-particle-no wpr-jarallax-no wpr-parallax-no wpr-sticky-section-no e-con e-child\" data-id=\"5593c37\" data-element_type=\"container\" data-e-type=\"container\">\n\t\t\t\t<div class=\"elementor-element elementor-element-899e9da elementor-widget elementor-widget-image\" data-id=\"899e9da\" data-element_type=\"widget\" data-e-type=\"widget\" data-widget_type=\"image.default\">\n\t\t\t\t<div class=\"elementor-widget-container\">\n\t\t\t\t\t\t\t\t\t\t\t\t\t\t\t<img decoding=\"async\" width=\"683\" height=\"1024\" src=\"https:\/\/oseconseils.fr\/wp-content\/uploads\/2025\/04\/ChatGPT-Image-2-avr.-2025-11_18_34-683x1024.png\" class=\"attachment-large size-large wp-image-2454\" alt=\"\" \/>\t\t\t\t\t\t\t\t\t\t\t\t\t\t\t<\/div>\n\t\t\t\t<\/div>\n\t\t\t\t<div class=\"elementor-element elementor-element-fbb12d9 elementor-widget elementor-widget-text-editor\" data-id=\"fbb12d9\" data-element_type=\"widget\" data-e-type=\"widget\" data-widget_type=\"text-editor.default\">\n\t\t\t\t<div class=\"elementor-widget-container\">\n\t\t\t\t\t\t\t\t\t<p><strong>Jorge DA CUNHA<\/strong><\/p><p>Expert-comptable<br \/>Commissaire aux comptes<br \/>Responsable des sites de St Jean le Blanc <br \/>et Blois<\/p>\t\t\t\t\t\t\t\t<\/div>\n\t\t\t\t<\/div>\n\t\t\t\t<\/div>\n\t\t<div class=\"elementor-element elementor-element-d1b43dc e-con-full e-flex wpr-particle-no wpr-jarallax-no wpr-parallax-no wpr-sticky-section-no e-con e-child\" data-id=\"d1b43dc\" data-element_type=\"container\" data-e-type=\"container\">\n\t\t\t\t<div class=\"elementor-element elementor-element-0b8f59c elementor-widget elementor-widget-image\" data-id=\"0b8f59c\" data-element_type=\"widget\" data-e-type=\"widget\" data-widget_type=\"image.default\">\n\t\t\t\t<div class=\"elementor-widget-container\">\n\t\t\t\t\t\t\t\t\t\t\t\t\t\t\t<img decoding=\"async\" width=\"800\" height=\"800\" src=\"https:\/\/oseconseils.fr\/wp-content\/uploads\/2025\/04\/ChatGPT-Image-2-avr.-2025-11_22_34.png\" class=\"attachment-large size-large wp-image-2455\" alt=\"\" srcset=\"https:\/\/oseconseils.fr\/wp-content\/uploads\/2025\/04\/ChatGPT-Image-2-avr.-2025-11_22_34.png 1024w, https:\/\/oseconseils.fr\/wp-content\/uploads\/2025\/04\/ChatGPT-Image-2-avr.-2025-11_22_34-300x300.png 300w, https:\/\/oseconseils.fr\/wp-content\/uploads\/2025\/04\/ChatGPT-Image-2-avr.-2025-11_22_34-150x150.png 150w, https:\/\/oseconseils.fr\/wp-content\/uploads\/2025\/04\/ChatGPT-Image-2-avr.-2025-11_22_34-768x768.png 768w, https:\/\/oseconseils.fr\/wp-content\/uploads\/2025\/04\/ChatGPT-Image-2-avr.-2025-11_22_34-200x200.png 200w\" sizes=\"(max-width: 800px) 100vw, 800px\" \/>\t\t\t\t\t\t\t\t\t\t\t\t\t\t\t<\/div>\n\t\t\t\t<\/div>\n\t\t\t\t<div class=\"elementor-element elementor-element-a2145c6 elementor-widget elementor-widget-text-editor\" data-id=\"a2145c6\" data-element_type=\"widget\" data-e-type=\"widget\" data-widget_type=\"text-editor.default\">\n\t\t\t\t<div class=\"elementor-widget-container\">\n\t\t\t\t\t\t\t\t\t<p><strong>Peggy PARISOT<\/strong><\/p><p>Expert-comptable<br \/>Responsable du site de St Germain en Laye<\/p>\t\t\t\t\t\t\t\t<\/div>\n\t\t\t\t<\/div>\n\t\t\t\t<\/div>\n\t\t<div class=\"elementor-element elementor-element-45e04f7 e-con-full e-flex wpr-particle-no wpr-jarallax-no wpr-parallax-no wpr-sticky-section-no e-con e-child\" data-id=\"45e04f7\" data-element_type=\"container\" data-e-type=\"container\">\n\t\t\t\t<div class=\"elementor-element elementor-element-c157ca4 elementor-widget elementor-widget-image\" data-id=\"c157ca4\" data-element_type=\"widget\" data-e-type=\"widget\" data-widget_type=\"image.default\">\n\t\t\t\t<div class=\"elementor-widget-container\">\n\t\t\t\t\t\t\t\t\t\t\t\t\t\t\t<img loading=\"lazy\" decoding=\"async\" width=\"800\" height=\"800\" src=\"https:\/\/oseconseils.fr\/wp-content\/uploads\/2025\/04\/ChatGPT-Image-2-avr.-2025-11_15_49.png\" class=\"attachment-large size-large wp-image-2453\" alt=\"\" srcset=\"https:\/\/oseconseils.fr\/wp-content\/uploads\/2025\/04\/ChatGPT-Image-2-avr.-2025-11_15_49.png 1024w, https:\/\/oseconseils.fr\/wp-content\/uploads\/2025\/04\/ChatGPT-Image-2-avr.-2025-11_15_49-300x300.png 300w, https:\/\/oseconseils.fr\/wp-content\/uploads\/2025\/04\/ChatGPT-Image-2-avr.-2025-11_15_49-150x150.png 150w, https:\/\/oseconseils.fr\/wp-content\/uploads\/2025\/04\/ChatGPT-Image-2-avr.-2025-11_15_49-768x768.png 768w, https:\/\/oseconseils.fr\/wp-content\/uploads\/2025\/04\/ChatGPT-Image-2-avr.-2025-11_15_49-200x200.png 200w\" sizes=\"(max-width: 800px) 100vw, 800px\" \/>\t\t\t\t\t\t\t\t\t\t\t\t\t\t\t<\/div>\n\t\t\t\t<\/div>\n\t\t\t\t<div class=\"elementor-element elementor-element-4117003 elementor-widget elementor-widget-text-editor\" data-id=\"4117003\" data-element_type=\"widget\" data-e-type=\"widget\" data-widget_type=\"text-editor.default\">\n\t\t\t\t<div class=\"elementor-widget-container\">\n\t\t\t\t\t\t\t\t\t<p><strong>Nathalie BONNET<\/strong><\/p><p>Expert-comptable<br \/>Commissaire aux comptes<br \/>Responsable du site de La Fert\u00e9 St Aubin<\/p>\t\t\t\t\t\t\t\t<\/div>\n\t\t\t\t<\/div>\n\t\t\t\t<\/div>\n\t\t\t\t<\/div>\n\t\t\t\t<\/div>\n\t\t\t\t<\/div>\n\t\t","protected":false},"excerpt":{"rendered":"<p>Accueil \/ Qui sommes-nous ? \/ Nos \u00e9quipes Nos \u00e9quipes D\u00e9couvrez nos expertises Les \u00e9quipes d&rsquo;Ose Groupe sont compos\u00e9es de professionnels exp\u00e9riment\u00e9s et passionn\u00e9s, sp\u00e9cialis\u00e9s dans les domaines de la paie, \u2028des ressources humaines, de la comptabilit\u00e9, de l&rsquo;audit et du conseil. Chaque membre de notre \u00e9quipe met son expertise au service \u2028de nos clients pour proposer des solutions sur mesure, adapt\u00e9es \u00e0 leurs besoins sp\u00e9cifiques. Engag\u00e9es et r\u00e9actives, nos \u00e9quipes \u2028travaillent en \u00e9troite collaboration avec les entreprises. Jorge DA CUNHA Expert-comptableCommissaire aux comptesResponsable des sites de St Jean le Blanc et Blois Peggy PARISOT Expert-comptableResponsable du site de St Germain en Laye Nathalie BONNET Expert-comptableCommissaire aux comptesResponsable du site de La Fert\u00e9 St Aubin<\/p>\n","protected":false},"author":1,"featured_media":288,"parent":0,"menu_order":0,"comment_status":"closed","ping_status":"closed","template":"","meta":{"footnotes":""},"class_list":["post-26","page","type-page","status-publish","has-post-thumbnail","hentry"],"yoast_head":"<!-- This site is optimized with the Yoast SEO plugin v27.3 - https:\/\/yoast.com\/product\/yoast-seo-wordpress\/ -->\n<title>OSE - Nos \u00e9quipes D\u00e9vou\u00e9es au Service de Votre R\u00e9ussite<\/title>\n<meta name=\"description\" content=\"Rencontrez nos \u00e9quipes d&#039;experts passionn\u00e9s qui travaillent ensemble pour garantir votre succ\u00e8s.\" \/>\n<meta name=\"robots\" content=\"index, follow, max-snippet:-1, max-image-preview:large, max-video-preview:-1\" \/>\n<link rel=\"canonical\" href=\"https:\/\/oseconseils.fr\/index.php\/nos-equipes\/\" \/>\n<meta property=\"og:locale\" content=\"fr_FR\" \/>\n<meta property=\"og:type\" content=\"article\" \/>\n<meta property=\"og:title\" content=\"OSE - Nos \u00e9quipes D\u00e9vou\u00e9es au Service de Votre R\u00e9ussite\" \/>\n<meta property=\"og:description\" content=\"Rencontrez nos \u00e9quipes d&#039;experts passionn\u00e9s qui travaillent ensemble pour garantir votre succ\u00e8s.\" \/>\n<meta property=\"og:url\" content=\"https:\/\/oseconseils.fr\/index.php\/nos-equipes\/\" \/>\n<meta property=\"og:site_name\" content=\"OSE\" \/>\n<meta property=\"article:modified_time\" content=\"2025-04-02T12:09:11+00:00\" \/>\n<meta property=\"og:image\" content=\"https:\/\/oseconseils.fr\/wp-content\/uploads\/2024\/10\/AnyConv.com__AdobeStock_321783986-2.webp\" \/>\n\t<meta property=\"og:image:width\" content=\"2000\" \/>\n\t<meta property=\"og:image:height\" content=\"1999\" \/>\n\t<meta property=\"og:image:type\" content=\"image\/webp\" \/>\n<meta name=\"twitter:card\" content=\"summary_large_image\" \/>\n<meta name=\"twitter:label1\" content=\"Dur\u00e9e de lecture estim\u00e9e\" \/>\n\t<meta name=\"twitter:data1\" content=\"2 minutes\" \/>\n<script type=\"application\/ld+json\" class=\"yoast-schema-graph\">{\"@context\":\"https:\\\/\\\/schema.org\",\"@graph\":[{\"@type\":\"WebPage\",\"@id\":\"https:\\\/\\\/oseconseils.fr\\\/index.php\\\/nos-equipes\\\/\",\"url\":\"https:\\\/\\\/oseconseils.fr\\\/index.php\\\/nos-equipes\\\/\",\"name\":\"OSE - Nos \u00e9quipes D\u00e9vou\u00e9es au Service de Votre R\u00e9ussite\",\"isPartOf\":{\"@id\":\"https:\\\/\\\/oseconseils.fr\\\/#website\"},\"primaryImageOfPage\":{\"@id\":\"https:\\\/\\\/oseconseils.fr\\\/index.php\\\/nos-equipes\\\/#primaryimage\"},\"image\":{\"@id\":\"https:\\\/\\\/oseconseils.fr\\\/index.php\\\/nos-equipes\\\/#primaryimage\"},\"thumbnailUrl\":\"https:\\\/\\\/oseconseils.fr\\\/wp-content\\\/uploads\\\/2024\\\/10\\\/AnyConv.com__AdobeStock_321783986-2.webp\",\"datePublished\":\"2024-10-11T14:15:50+00:00\",\"dateModified\":\"2025-04-02T12:09:11+00:00\",\"description\":\"Rencontrez nos \u00e9quipes d'experts passionn\u00e9s qui travaillent ensemble pour garantir votre succ\u00e8s.\",\"breadcrumb\":{\"@id\":\"https:\\\/\\\/oseconseils.fr\\\/index.php\\\/nos-equipes\\\/#breadcrumb\"},\"inLanguage\":\"fr-FR\",\"potentialAction\":[{\"@type\":\"ReadAction\",\"target\":[\"https:\\\/\\\/oseconseils.fr\\\/index.php\\\/nos-equipes\\\/\"]}]},{\"@type\":\"ImageObject\",\"inLanguage\":\"fr-FR\",\"@id\":\"https:\\\/\\\/oseconseils.fr\\\/index.php\\\/nos-equipes\\\/#primaryimage\",\"url\":\"https:\\\/\\\/oseconseils.fr\\\/wp-content\\\/uploads\\\/2024\\\/10\\\/AnyConv.com__AdobeStock_321783986-2.webp\",\"contentUrl\":\"https:\\\/\\\/oseconseils.fr\\\/wp-content\\\/uploads\\\/2024\\\/10\\\/AnyConv.com__AdobeStock_321783986-2.webp\",\"width\":2000,\"height\":1999},{\"@type\":\"BreadcrumbList\",\"@id\":\"https:\\\/\\\/oseconseils.fr\\\/index.php\\\/nos-equipes\\\/#breadcrumb\",\"itemListElement\":[{\"@type\":\"ListItem\",\"position\":1,\"name\":\"Accueil\",\"item\":\"https:\\\/\\\/oseconseils.fr\\\/\"},{\"@type\":\"ListItem\",\"position\":2,\"name\":\"Nos \u00e9quipes\"}]},{\"@type\":\"WebSite\",\"@id\":\"https:\\\/\\\/oseconseils.fr\\\/#website\",\"url\":\"https:\\\/\\\/oseconseils.fr\\\/\",\"name\":\"OSE\",\"description\":\"\",\"publisher\":{\"@id\":\"https:\\\/\\\/oseconseils.fr\\\/#organization\"},\"potentialAction\":[{\"@type\":\"SearchAction\",\"target\":{\"@type\":\"EntryPoint\",\"urlTemplate\":\"https:\\\/\\\/oseconseils.fr\\\/?s={search_term_string}\"},\"query-input\":{\"@type\":\"PropertyValueSpecification\",\"valueRequired\":true,\"valueName\":\"search_term_string\"}}],\"inLanguage\":\"fr-FR\"},{\"@type\":\"Organization\",\"@id\":\"https:\\\/\\\/oseconseils.fr\\\/#organization\",\"name\":\"OSE\",\"url\":\"https:\\\/\\\/oseconseils.fr\\\/\",\"logo\":{\"@type\":\"ImageObject\",\"inLanguage\":\"fr-FR\",\"@id\":\"https:\\\/\\\/oseconseils.fr\\\/#\\\/schema\\\/logo\\\/image\\\/\",\"url\":\"https:\\\/\\\/oseconseils.fr\\\/wp-content\\\/uploads\\\/2024\\\/10\\\/AnyConv.com__OSE-LOGO_groupe-blanc.webp\",\"contentUrl\":\"https:\\\/\\\/oseconseils.fr\\\/wp-content\\\/uploads\\\/2024\\\/10\\\/AnyConv.com__OSE-LOGO_groupe-blanc.webp\",\"width\":1303,\"height\":684,\"caption\":\"OSE\"},\"image\":{\"@id\":\"https:\\\/\\\/oseconseils.fr\\\/#\\\/schema\\\/logo\\\/image\\\/\"},\"sameAs\":[\"https:\\\/\\\/www.linkedin.com\\\/company\\\/oseconseils\\\/posts\\\/?feedView=all\"]}]}<\/script>\n<!-- \/ Yoast SEO plugin. -->","yoast_head_json":{"title":"OSE - Nos \u00e9quipes D\u00e9vou\u00e9es au Service de Votre R\u00e9ussite","description":"Rencontrez nos \u00e9quipes d'experts passionn\u00e9s qui travaillent ensemble pour garantir votre succ\u00e8s.","robots":{"index":"index","follow":"follow","max-snippet":"max-snippet:-1","max-image-preview":"max-image-preview:large","max-video-preview":"max-video-preview:-1"},"canonical":"https:\/\/oseconseils.fr\/index.php\/nos-equipes\/","og_locale":"fr_FR","og_type":"article","og_title":"OSE - Nos \u00e9quipes D\u00e9vou\u00e9es au Service de Votre R\u00e9ussite","og_description":"Rencontrez nos \u00e9quipes d'experts passionn\u00e9s qui travaillent ensemble pour garantir votre succ\u00e8s.","og_url":"https:\/\/oseconseils.fr\/index.php\/nos-equipes\/","og_site_name":"OSE","article_modified_time":"2025-04-02T12:09:11+00:00","og_image":[{"width":2000,"height":1999,"url":"https:\/\/oseconseils.fr\/wp-content\/uploads\/2024\/10\/AnyConv.com__AdobeStock_321783986-2.webp","type":"image\/webp"}],"twitter_card":"summary_large_image","twitter_misc":{"Dur\u00e9e de lecture estim\u00e9e":"2 minutes"},"schema":{"@context":"https:\/\/schema.org","@graph":[{"@type":"WebPage","@id":"https:\/\/oseconseils.fr\/index.php\/nos-equipes\/","url":"https:\/\/oseconseils.fr\/index.php\/nos-equipes\/","name":"OSE - Nos \u00e9quipes D\u00e9vou\u00e9es au Service de Votre R\u00e9ussite","isPartOf":{"@id":"https:\/\/oseconseils.fr\/#website"},"primaryImageOfPage":{"@id":"https:\/\/oseconseils.fr\/index.php\/nos-equipes\/#primaryimage"},"image":{"@id":"https:\/\/oseconseils.fr\/index.php\/nos-equipes\/#primaryimage"},"thumbnailUrl":"https:\/\/oseconseils.fr\/wp-content\/uploads\/2024\/10\/AnyConv.com__AdobeStock_321783986-2.webp","datePublished":"2024-10-11T14:15:50+00:00","dateModified":"2025-04-02T12:09:11+00:00","description":"Rencontrez nos \u00e9quipes d'experts passionn\u00e9s qui travaillent ensemble pour garantir votre succ\u00e8s.","breadcrumb":{"@id":"https:\/\/oseconseils.fr\/index.php\/nos-equipes\/#breadcrumb"},"inLanguage":"fr-FR","potentialAction":[{"@type":"ReadAction","target":["https:\/\/oseconseils.fr\/index.php\/nos-equipes\/"]}]},{"@type":"ImageObject","inLanguage":"fr-FR","@id":"https:\/\/oseconseils.fr\/index.php\/nos-equipes\/#primaryimage","url":"https:\/\/oseconseils.fr\/wp-content\/uploads\/2024\/10\/AnyConv.com__AdobeStock_321783986-2.webp","contentUrl":"https:\/\/oseconseils.fr\/wp-content\/uploads\/2024\/10\/AnyConv.com__AdobeStock_321783986-2.webp","width":2000,"height":1999},{"@type":"BreadcrumbList","@id":"https:\/\/oseconseils.fr\/index.php\/nos-equipes\/#breadcrumb","itemListElement":[{"@type":"ListItem","position":1,"name":"Accueil","item":"https:\/\/oseconseils.fr\/"},{"@type":"ListItem","position":2,"name":"Nos \u00e9quipes"}]},{"@type":"WebSite","@id":"https:\/\/oseconseils.fr\/#website","url":"https:\/\/oseconseils.fr\/","name":"OSE","description":"","publisher":{"@id":"https:\/\/oseconseils.fr\/#organization"},"potentialAction":[{"@type":"SearchAction","target":{"@type":"EntryPoint","urlTemplate":"https:\/\/oseconseils.fr\/?s={search_term_string}"},"query-input":{"@type":"PropertyValueSpecification","valueRequired":true,"valueName":"search_term_string"}}],"inLanguage":"fr-FR"},{"@type":"Organization","@id":"https:\/\/oseconseils.fr\/#organization","name":"OSE","url":"https:\/\/oseconseils.fr\/","logo":{"@type":"ImageObject","inLanguage":"fr-FR","@id":"https:\/\/oseconseils.fr\/#\/schema\/logo\/image\/","url":"https:\/\/oseconseils.fr\/wp-content\/uploads\/2024\/10\/AnyConv.com__OSE-LOGO_groupe-blanc.webp","contentUrl":"https:\/\/oseconseils.fr\/wp-content\/uploads\/2024\/10\/AnyConv.com__OSE-LOGO_groupe-blanc.webp","width":1303,"height":684,"caption":"OSE"},"image":{"@id":"https:\/\/oseconseils.fr\/#\/schema\/logo\/image\/"},"sameAs":["https:\/\/www.linkedin.com\/company\/oseconseils\/posts\/?feedView=all"]}]}},"_links":{"self":[{"href":"https:\/\/oseconseils.fr\/index.php\/wp-json\/wp\/v2\/pages\/26","targetHints":{"allow":["GET"]}}],"collection":[{"href":"https:\/\/oseconseils.fr\/index.php\/wp-json\/wp\/v2\/pages"}],"about":[{"href":"https:\/\/oseconseils.fr\/index.php\/wp-json\/wp\/v2\/types\/page"}],"author":[{"embeddable":true,"href":"https:\/\/oseconseils.fr\/index.php\/wp-json\/wp\/v2\/users\/1"}],"replies":[{"embeddable":true,"href":"https:\/\/oseconseils.fr\/index.php\/wp-json\/wp\/v2\/comments?post=26"}],"version-history":[{"count":112,"href":"https:\/\/oseconseils.fr\/index.php\/wp-json\/wp\/v2\/pages\/26\/revisions"}],"predecessor-version":[{"id":2470,"href":"https:\/\/oseconseils.fr\/index.php\/wp-json\/wp\/v2\/pages\/26\/revisions\/2470"}],"wp:featuredmedia":[{"embeddable":true,"href":"https:\/\/oseconseils.fr\/index.php\/wp-json\/wp\/v2\/media\/288"}],"wp:attachment":[{"href":"https:\/\/oseconseils.fr\/index.php\/wp-json\/wp\/v2\/media?parent=26"}],"curies":[{"name":"wp","href":"https:\/\/api.w.org\/{rel}","templated":true}]}}