{"id":32,"date":"2024-10-11T16:16:55","date_gmt":"2024-10-11T14:16:55","guid":{"rendered":"http:\/\/localhost\/OSE\/?page_id=32"},"modified":"2024-11-08T15:03:42","modified_gmt":"2024-11-08T14:03:42","slug":"services-et-metiers","status":"publish","type":"page","link":"https:\/\/oseconseils.fr\/index.php\/services-et-metiers\/","title":{"rendered":"Services et m\u00e9tiers"},"content":{"rendered":"\t\t<div data-elementor-type=\"wp-page\" data-elementor-id=\"32\" class=\"elementor elementor-32\">\n\t\t\t\t<div class=\"elementor-element elementor-element-2bdce99 e-con-full e-flex wpr-particle-no wpr-jarallax-no wpr-parallax-no wpr-sticky-section-no e-con e-parent\" data-id=\"2bdce99\" data-element_type=\"container\" data-e-type=\"container\">\n\t\t\t\t<div class=\"elementor-element elementor-element-16b23d1 elementor-widget__width-inherit elementor-absolute elementor-widget elementor-widget-image\" data-id=\"16b23d1\" data-element_type=\"widget\" data-e-type=\"widget\" data-settings=\"{&quot;_position&quot;:&quot;absolute&quot;}\" data-widget_type=\"image.default\">\n\t\t\t\t<div class=\"elementor-widget-container\">\n\t\t\t\t\t\t\t\t\t\t\t\t\t\t\t<img fetchpriority=\"high\" decoding=\"async\" width=\"800\" height=\"600\" src=\"https:\/\/oseconseils.fr\/wp-content\/uploads\/2024\/10\/AnyConv.com__LogoOSE-Filtre_11zon-1024x768.webp\" class=\"attachment-large size-large wp-image-266\" alt=\"\" srcset=\"https:\/\/oseconseils.fr\/wp-content\/uploads\/2024\/10\/AnyConv.com__LogoOSE-Filtre_11zon-1024x768.webp 1024w, https:\/\/oseconseils.fr\/wp-content\/uploads\/2024\/10\/AnyConv.com__LogoOSE-Filtre_11zon-300x225.webp 300w, https:\/\/oseconseils.fr\/wp-content\/uploads\/2024\/10\/AnyConv.com__LogoOSE-Filtre_11zon-768x576.webp 768w, https:\/\/oseconseils.fr\/wp-content\/uploads\/2024\/10\/AnyConv.com__LogoOSE-Filtre_11zon-1536x1152.webp 1536w, https:\/\/oseconseils.fr\/wp-content\/uploads\/2024\/10\/AnyConv.com__LogoOSE-Filtre_11zon-2048x1536.webp 2048w\" sizes=\"(max-width: 800px) 100vw, 800px\" \/>\t\t\t\t\t\t\t\t\t\t\t\t\t\t\t<\/div>\n\t\t\t\t<\/div>\n\t\t\t\t<div class=\"elementor-element elementor-element-031e8f4 elementor-widget elementor-widget-heading\" data-id=\"031e8f4\" data-element_type=\"widget\" data-e-type=\"widget\" data-widget_type=\"heading.default\">\n\t\t\t\t<div class=\"elementor-widget-container\">\n\t\t\t\t\t<h2 class=\"elementor-heading-title elementor-size-default\">Accueil \/ Services et m\u00e9tiers <\/h2>\t\t\t\t<\/div>\n\t\t\t\t<\/div>\n\t\t\t\t<div class=\"elementor-element elementor-element-de51a54 elementor-widget elementor-widget-heading\" data-id=\"de51a54\" data-element_type=\"widget\" data-e-type=\"widget\" data-widget_type=\"heading.default\">\n\t\t\t\t<div class=\"elementor-widget-container\">\n\t\t\t\t\t<h2 class=\"elementor-heading-title elementor-size-default\">Services et m\u00e9tiers<\/h2>\t\t\t\t<\/div>\n\t\t\t\t<\/div>\n\t\t\t\t<\/div>\n\t\t<div class=\"elementor-element elementor-element-bd478da e-flex e-con-boxed wpr-particle-no wpr-jarallax-no wpr-parallax-no wpr-sticky-section-no e-con e-parent\" data-id=\"bd478da\" data-element_type=\"container\" data-e-type=\"container\">\n\t\t\t\t\t<div class=\"e-con-inner\">\n\t\t\t\t<div class=\"elementor-element elementor-element-6e9c921 elementor-widget elementor-widget-heading\" data-id=\"6e9c921\" data-element_type=\"widget\" data-e-type=\"widget\" data-widget_type=\"heading.default\">\n\t\t\t\t<div class=\"elementor-widget-container\">\n\t\t\t\t\t<h2 class=\"elementor-heading-title elementor-size-default\">Nos offres adapt\u00e9es \u00e0 vos besoins<\/h2>\t\t\t\t<\/div>\n\t\t\t\t<\/div>\n\t\t\t\t\t<\/div>\n\t\t\t\t<\/div>\n\t\t<div class=\"elementor-element elementor-element-47caebe e-con-full e-flex wpr-particle-no wpr-jarallax-no wpr-parallax-no wpr-sticky-section-no e-con e-parent\" data-id=\"47caebe\" data-element_type=\"container\" data-e-type=\"container\">\n\t\t\t\t<div class=\"elementor-element elementor-element-13cd78f elementor-widget elementor-widget-shortcode\" data-id=\"13cd78f\" data-element_type=\"widget\" data-e-type=\"widget\" data-widget_type=\"shortcode.default\">\n\t\t\t\t<div class=\"elementor-widget-container\">\n\t\t\t\t\t\t\t<div class=\"elementor-shortcode\"><style id=\"depicter-16-inline-pre-css\">\n\n\n<\/style>\n<div id=\"depicter-16\" class=\"depicter depicter-document depicter-revert depicter-16 depicter-layout-fullscreen\">\n\n<div class=\"depicter-loading-container depicter-loading dotFlashing-dark\"><div class=\"depicter-loading-dark depicter-dot-flashing\">\n   <span><\/span>\n   <span><\/span>\n   <span><\/span>\n<\/div>\n<\/div>\n<div id=\"depicter-16-section-1\" class=\"depicter-section depicter-16-section-1\" data-name=\"Section 1\" data-type=\"section\" data-local-id=\"section-1\">\n<picture id=\"depicter-16-element-3\" class=\"depicter-element depicter-layer depicter-16-element-3\" data-type=\"image\" data-wrap=\"true\" data-name=\"Image 2\" data-local-id=\"element-3\" data-offset=\"x:50px;y:0px;origin:tl\" data-tablet-offset=\"x:77px;y:0px;origin:tl\" data-mobile-offset=\"x:25px;y:0px;origin:tl\" data-width=\"537px,415px,318px\" data-height=\"330px,330px,169px\" data-responsive-scale=\"true,,\" data-crop=\"false\">\n<source data-depicter-srcset=\"https:\/\/oseconseils.fr\/wp-content\/uploads\/2024\/10\/AnyConv.com__AdobeStock_345656874-318x169.webp, https:\/\/oseconseils.fr\/wp-content\/uploads\/2024\/10\/AnyConv.com__AdobeStock_345656874-636x338.webp 2x\" srcset=\"data:image\/gif;base64,R0lGODlhAQABAIAAAAAAAP\/\/\/yH5BAEAAAAALAAAAAABAAEAAAIBRAA7\" media=\"(max-width: 767px)\" \/>\n\n<source data-depicter-srcset=\"https:\/\/oseconseils.fr\/wp-content\/uploads\/2024\/10\/AnyConv.com__AdobeStock_345656874-415x330.webp, https:\/\/oseconseils.fr\/wp-content\/uploads\/2024\/10\/AnyConv.com__AdobeStock_345656874-830x660.webp 2x\" srcset=\"data:image\/gif;base64,R0lGODlhAQABAIAAAAAAAP\/\/\/yH5BAEAAAAALAAAAAABAAEAAAIBRAA7\" media=\"(max-width: 1024px)\" \/>\n\n<source data-depicter-srcset=\"https:\/\/oseconseils.fr\/wp-content\/uploads\/2024\/10\/AnyConv.com__AdobeStock_345656874-537x330.webp, https:\/\/oseconseils.fr\/wp-content\/uploads\/2024\/10\/AnyConv.com__AdobeStock_345656874-1074x660.webp 2x\" srcset=\"data:image\/gif;base64,R0lGODlhAQABAIAAAAAAAP\/\/\/yH5BAEAAAAALAAAAAABAAEAAAIBRAA7\" media=\"(min-width: 1025px)\" \/>\n<img decoding=\"async\" src=\"data:image\/gif;base64,R0lGODlhAQABAIAAAAAAAP\/\/\/yH5BAEAAAAALAAAAAABAAEAAAIBRAA7\" data-depicter-src=\"https:\/\/oseconseils.fr\/wp-content\/uploads\/2024\/10\/AnyConv.com__AdobeStock_345656874-537x330.webp\" alt=\"\" \/>\n<\/picture>\n<picture id=\"depicter-16-element-4\" class=\"depicter-element depicter-layer depicter-16-element-4\" data-type=\"image\" data-wrap=\"true\" data-name=\"Image 3\" data-local-id=\"element-4\" data-offset=\"x:627px;y:370px;origin:tl\" data-tablet-offset=\"x:531px;y:370px;origin:tl\" data-mobile-offset=\"x:26px;y:378px;origin:tl\" data-width=\"523px,410px,317px\" data-height=\"330px,330px,170px\" data-responsive-scale=\"true,,\" data-crop=\"false\">\n<source data-depicter-srcset=\"https:\/\/oseconseils.fr\/wp-content\/uploads\/2024\/10\/AnyConv.com__AdobeStock_321783986-1-317x170.webp, https:\/\/oseconseils.fr\/wp-content\/uploads\/2024\/10\/AnyConv.com__AdobeStock_321783986-1-634x340.webp 2x\" srcset=\"data:image\/gif;base64,R0lGODlhAQABAIAAAAAAAP\/\/\/yH5BAEAAAAALAAAAAABAAEAAAIBRAA7\" media=\"(max-width: 767px)\" \/>\n\n<source data-depicter-srcset=\"https:\/\/oseconseils.fr\/wp-content\/uploads\/2024\/10\/AnyConv.com__AdobeStock_321783986-1-410x330.webp, https:\/\/oseconseils.fr\/wp-content\/uploads\/2024\/10\/AnyConv.com__AdobeStock_321783986-1-820x660.webp 2x\" srcset=\"data:image\/gif;base64,R0lGODlhAQABAIAAAAAAAP\/\/\/yH5BAEAAAAALAAAAAABAAEAAAIBRAA7\" media=\"(max-width: 1024px)\" \/>\n\n<source data-depicter-srcset=\"https:\/\/oseconseils.fr\/wp-content\/uploads\/2024\/10\/AnyConv.com__AdobeStock_321783986-1-523x330.webp, https:\/\/oseconseils.fr\/wp-content\/uploads\/2024\/10\/AnyConv.com__AdobeStock_321783986-1-1046x660.webp 2x\" srcset=\"data:image\/gif;base64,R0lGODlhAQABAIAAAAAAAP\/\/\/yH5BAEAAAAALAAAAAABAAEAAAIBRAA7\" media=\"(min-width: 1025px)\" \/>\n<img decoding=\"async\" src=\"data:image\/gif;base64,R0lGODlhAQABAIAAAAAAAP\/\/\/yH5BAEAAAAALAAAAAABAAEAAAIBRAA7\" data-depicter-src=\"https:\/\/oseconseils.fr\/wp-content\/uploads\/2024\/10\/AnyConv.com__AdobeStock_321783986-1-523x330.webp\" alt=\"\" \/>\n<\/picture>\n<picture id=\"depicter-16-element-5\" class=\"depicter-element depicter-layer depicter-16-element-5\" data-type=\"image\" data-wrap=\"true\" data-name=\"Image 4\" data-local-id=\"element-5\" data-offset=\"x:50px;y:370px;origin:tl\" data-tablet-offset=\"x:77px;y:370px;origin:tl\" data-mobile-offset=\"x:27px;y:189px;origin:tl\" data-width=\"537px,415px,316px\" data-height=\"330px,330px,169px\" data-responsive-scale=\"true,,\" data-crop=\"false\">\n<source data-depicter-srcset=\"https:\/\/oseconseils.fr\/wp-content\/uploads\/2024\/10\/AdobeStock_261880077-scaled-316x169.jpeg, https:\/\/oseconseils.fr\/wp-content\/uploads\/2024\/10\/AdobeStock_261880077-scaled-632x338.jpeg 2x\" srcset=\"data:image\/gif;base64,R0lGODlhAQABAIAAAAAAAP\/\/\/yH5BAEAAAAALAAAAAABAAEAAAIBRAA7\" media=\"(max-width: 767px)\" \/>\n\n<source data-depicter-srcset=\"https:\/\/oseconseils.fr\/wp-content\/uploads\/2024\/10\/AdobeStock_261880077-scaled-415x330.jpeg, https:\/\/oseconseils.fr\/wp-content\/uploads\/2024\/10\/AdobeStock_261880077-scaled-830x660.jpeg 2x\" srcset=\"data:image\/gif;base64,R0lGODlhAQABAIAAAAAAAP\/\/\/yH5BAEAAAAALAAAAAABAAEAAAIBRAA7\" media=\"(max-width: 1024px)\" \/>\n\n<source data-depicter-srcset=\"https:\/\/oseconseils.fr\/wp-content\/uploads\/2024\/10\/AdobeStock_261880077-scaled-537x330.jpeg, https:\/\/oseconseils.fr\/wp-content\/uploads\/2024\/10\/AdobeStock_261880077-scaled-1074x660.jpeg 2x\" srcset=\"data:image\/gif;base64,R0lGODlhAQABAIAAAAAAAP\/\/\/yH5BAEAAAAALAAAAAABAAEAAAIBRAA7\" media=\"(min-width: 1025px)\" \/>\n<img decoding=\"async\" src=\"data:image\/gif;base64,R0lGODlhAQABAIAAAAAAAP\/\/\/yH5BAEAAAAALAAAAAABAAEAAAIBRAA7\" data-depicter-src=\"https:\/\/oseconseils.fr\/wp-content\/uploads\/2024\/10\/AdobeStock_261880077-scaled-537x330.jpeg\" alt=\"\" \/>\n<\/picture>\n<picture id=\"depicter-16-element-6\" class=\"depicter-element depicter-layer depicter-16-element-6\" data-type=\"image\" data-wrap=\"true\" data-name=\"Image 5\" data-local-id=\"element-6\" data-offset=\"x:626px;y:0px;origin:tl\" data-tablet-offset=\"x:531px;y:0px;origin:tl\" data-mobile-offset=\"x:26px;y:568px;origin:tl\" data-width=\"523px,410px,317px\" data-height=\"330px,330px,169px\" data-responsive-scale=\"true,,\" data-crop=\"false\">\n<source data-depicter-srcset=\"https:\/\/oseconseils.fr\/wp-content\/uploads\/2024\/10\/AnyConv.com__AdobeStock_375314838-360500-317x169.webp, https:\/\/oseconseils.fr\/wp-content\/uploads\/2024\/10\/AnyConv.com__AdobeStock_375314838-360500-634x338.webp 2x\" srcset=\"data:image\/gif;base64,R0lGODlhAQABAIAAAAAAAP\/\/\/yH5BAEAAAAALAAAAAABAAEAAAIBRAA7\" media=\"(max-width: 767px)\" \/>\n\n<source data-depicter-srcset=\"https:\/\/oseconseils.fr\/wp-content\/uploads\/2024\/10\/AnyConv.com__AdobeStock_375314838-360500-410x330.webp, https:\/\/oseconseils.fr\/wp-content\/uploads\/2024\/10\/AnyConv.com__AdobeStock_375314838-360500-820x660.webp 2x\" srcset=\"data:image\/gif;base64,R0lGODlhAQABAIAAAAAAAP\/\/\/yH5BAEAAAAALAAAAAABAAEAAAIBRAA7\" media=\"(max-width: 1024px)\" \/>\n\n<source data-depicter-srcset=\"https:\/\/oseconseils.fr\/wp-content\/uploads\/2024\/10\/AnyConv.com__AdobeStock_375314838-360500-523x330.webp, https:\/\/oseconseils.fr\/wp-content\/uploads\/2024\/10\/AnyConv.com__AdobeStock_375314838-360500-1046x660.webp 2x\" srcset=\"data:image\/gif;base64,R0lGODlhAQABAIAAAAAAAP\/\/\/yH5BAEAAAAALAAAAAABAAEAAAIBRAA7\" media=\"(min-width: 1025px)\" \/>\n<img decoding=\"async\" src=\"data:image\/gif;base64,R0lGODlhAQABAIAAAAAAAP\/\/\/yH5BAEAAAAALAAAAAABAAEAAAIBRAA7\" data-depicter-src=\"https:\/\/oseconseils.fr\/wp-content\/uploads\/2024\/10\/AnyConv.com__AdobeStock_375314838-360500-523x330.webp\" alt=\"\" \/>\n<\/picture>\n<a href=\"\/index.php\/gestion-et-conseils\/\"><h3 id=\"depicter-16-element-7\" class=\"depicter-element depicter-layer depicter-16-element-7\" data-type=\"text\" data-wrap=\"true\" data-name=\"Text 1\" data-local-id=\"element-7\" data-offset=\"x:50px;y:4px;origin:tl\" data-tablet-offset=\"x:77px;y:375px;origin:tl\" data-mobile-offset=\"x:25px;y:36px;origin:tl\" data-width=\"537px,415px,318px\" data-height=\"auto,auto,auto\" data-responsive-scale=\"true,,\" data-hover-off=\"tablet\">Gestion &amp; Conseil<\/h3><\/a>\n\n<a href=\"\/index.php\/audit\/\"><h3 id=\"depicter-16-element-8\" class=\"depicter-element depicter-layer depicter-16-element-8\" data-type=\"text\" data-wrap=\"true\" data-name=\"Text 2\" data-local-id=\"element-8\" data-offset=\"x:625px;y:4px;origin:tl\" data-tablet-offset=\"x:531px;y:376px;origin:tl\" data-mobile-offset=\"x:25px;y:227px;origin:tl\" data-width=\"523px,410px,318px\" data-height=\"auto,auto,auto\" data-responsive-scale=\"true,,\" data-hover-off=\"tablet\">Audit<\/h3><\/a>\n\n<a href=\"\/index.php\/paie-rh\/\"><h3 id=\"depicter-16-element-9\" class=\"depicter-element depicter-layer depicter-16-element-9\" data-type=\"text\" data-wrap=\"true\" data-name=\"Text 3\" data-local-id=\"element-9\" data-offset=\"x:50px;y:374px;origin:tl\" data-tablet-offset=\"x:77px;y:6px;origin:tl\" data-mobile-offset=\"x:24px;y:-151px;origin:tl\" data-width=\"537px,415px,319px\" data-height=\"auto,auto,auto\" data-responsive-scale=\"true,,\" data-hover-off=\"tablet\">Paie &amp; RH<\/h3><\/a>\n\n<a href=\"\/index.php\/comptabilite-et-juridique\/\"><h3 id=\"depicter-16-element-10\" class=\"depicter-element depicter-layer depicter-16-element-10\" data-type=\"text\" data-wrap=\"true\" data-name=\"Text 4\" data-local-id=\"element-10\" data-offset=\"x:625px;y:374px;origin:tl\" data-tablet-offset=\"x:531px;y:6px;origin:tl\" data-mobile-offset=\"x:26px;y:415px;origin:tl\" data-width=\"524px,410px,317px\" data-height=\"auto,auto,auto\" data-responsive-scale=\"1,true,true\" data-hover-off=\"tablet\">Comptabilit\u00e9 &amp; Juridique<\/h3><\/a>\n<\/div>\n<\/div>\n<script>\n(window.depicterSetups = window.depicterSetups || []).push(function(){\n\tDepicter.basePath = 'https:\/\/oseconseils.fr\/wp-content\/plugins\/depicter\/resources\/scripts\/player\/';\n\tconst dpPlayer = Depicter.setup('.depicter-16',\n\t\t{\"width\":[\"1200\",\"1024\",\"360\"],\"height\":[\"700\",\"700\",\"740\"],\"view\":\"basic\",\"keepAspectRatio\":true,\"preload\":0,\"layout\":\"fullscreen\",\"rtl\":false,\"initAfterAppear\":false,\"ajaxApiUrl\":\"https:\\\/\\\/oseconseils.fr\\\/wp-admin\\\/admin-ajax.php\",\"mouseSwipe\":true,\"touchSwipe\":true,\"useWatermark\":false}\n\t);\n});\n<\/script><\/div>\n\t\t\t\t\t\t<\/div>\n\t\t\t\t<\/div>\n\t\t\t\t<\/div>\n\t\t\t\t<\/div>\n\t\t","protected":false},"excerpt":{"rendered":"<p>Accueil \/ Services et m\u00e9tiers Services et m\u00e9tiers Nos offres adapt\u00e9es \u00e0 vos besoins<\/p>\n","protected":false},"author":1,"featured_media":1547,"parent":0,"menu_order":0,"comment_status":"closed","ping_status":"closed","template":"","meta":{"footnotes":""},"class_list":["post-32","page","type-page","status-publish","has-post-thumbnail","hentry"],"yoast_head":"<!-- This site is optimized with the Yoast SEO plugin v27.3 - https:\/\/yoast.com\/product\/yoast-seo-wordpress\/ -->\n<title>OSE - Services et m\u00e9tiers : Expertise et Solutions Personnalis\u00e9es<\/title>\n<meta name=\"description\" content=\"D\u00e9couvrez notre large gamme de services et m\u00e9tiers, con\u00e7us pour r\u00e9pondre \u00e0 vos besoins sp\u00e9cifiques.\" \/>\n<meta name=\"robots\" content=\"index, follow, max-snippet:-1, max-image-preview:large, max-video-preview:-1\" \/>\n<link rel=\"canonical\" href=\"https:\/\/oseconseils.fr\/index.php\/services-et-metiers\/\" \/>\n<meta property=\"og:locale\" content=\"fr_FR\" \/>\n<meta property=\"og:type\" content=\"article\" \/>\n<meta property=\"og:title\" content=\"OSE - Services et m\u00e9tiers : Expertise et Solutions Personnalis\u00e9es\" \/>\n<meta property=\"og:description\" content=\"D\u00e9couvrez notre large gamme de services et m\u00e9tiers, con\u00e7us pour r\u00e9pondre \u00e0 vos besoins sp\u00e9cifiques.\" \/>\n<meta property=\"og:url\" content=\"https:\/\/oseconseils.fr\/index.php\/services-et-metiers\/\" \/>\n<meta property=\"og:site_name\" content=\"OSE\" \/>\n<meta property=\"article:modified_time\" content=\"2024-11-08T14:03:42+00:00\" \/>\n<meta property=\"og:image\" content=\"https:\/\/oseconseils.fr\/wp-content\/uploads\/2024\/11\/Sans-titre-1-scaled.jpg\" \/>\n\t<meta property=\"og:image:width\" content=\"2560\" \/>\n\t<meta property=\"og:image:height\" content=\"1920\" \/>\n\t<meta property=\"og:image:type\" content=\"image\/jpeg\" \/>\n<meta name=\"twitter:card\" content=\"summary_large_image\" \/>\n<meta name=\"twitter:label1\" content=\"Dur\u00e9e de lecture estim\u00e9e\" \/>\n\t<meta name=\"twitter:data1\" content=\"1 minute\" \/>\n<script type=\"application\/ld+json\" class=\"yoast-schema-graph\">{\"@context\":\"https:\\\/\\\/schema.org\",\"@graph\":[{\"@type\":\"WebPage\",\"@id\":\"https:\\\/\\\/oseconseils.fr\\\/index.php\\\/services-et-metiers\\\/\",\"url\":\"https:\\\/\\\/oseconseils.fr\\\/index.php\\\/services-et-metiers\\\/\",\"name\":\"OSE - Services et m\u00e9tiers : Expertise et Solutions Personnalis\u00e9es\",\"isPartOf\":{\"@id\":\"https:\\\/\\\/oseconseils.fr\\\/#website\"},\"primaryImageOfPage\":{\"@id\":\"https:\\\/\\\/oseconseils.fr\\\/index.php\\\/services-et-metiers\\\/#primaryimage\"},\"image\":{\"@id\":\"https:\\\/\\\/oseconseils.fr\\\/index.php\\\/services-et-metiers\\\/#primaryimage\"},\"thumbnailUrl\":\"https:\\\/\\\/oseconseils.fr\\\/wp-content\\\/uploads\\\/2024\\\/11\\\/Sans-titre-1-scaled.jpg\",\"datePublished\":\"2024-10-11T14:16:55+00:00\",\"dateModified\":\"2024-11-08T14:03:42+00:00\",\"description\":\"D\u00e9couvrez notre large gamme de services et m\u00e9tiers, con\u00e7us pour r\u00e9pondre \u00e0 vos besoins sp\u00e9cifiques.\",\"breadcrumb\":{\"@id\":\"https:\\\/\\\/oseconseils.fr\\\/index.php\\\/services-et-metiers\\\/#breadcrumb\"},\"inLanguage\":\"fr-FR\",\"potentialAction\":[{\"@type\":\"ReadAction\",\"target\":[\"https:\\\/\\\/oseconseils.fr\\\/index.php\\\/services-et-metiers\\\/\"]}]},{\"@type\":\"ImageObject\",\"inLanguage\":\"fr-FR\",\"@id\":\"https:\\\/\\\/oseconseils.fr\\\/index.php\\\/services-et-metiers\\\/#primaryimage\",\"url\":\"https:\\\/\\\/oseconseils.fr\\\/wp-content\\\/uploads\\\/2024\\\/11\\\/Sans-titre-1-scaled.jpg\",\"contentUrl\":\"https:\\\/\\\/oseconseils.fr\\\/wp-content\\\/uploads\\\/2024\\\/11\\\/Sans-titre-1-scaled.jpg\",\"width\":2560,\"height\":1920},{\"@type\":\"BreadcrumbList\",\"@id\":\"https:\\\/\\\/oseconseils.fr\\\/index.php\\\/services-et-metiers\\\/#breadcrumb\",\"itemListElement\":[{\"@type\":\"ListItem\",\"position\":1,\"name\":\"Accueil\",\"item\":\"https:\\\/\\\/oseconseils.fr\\\/\"},{\"@type\":\"ListItem\",\"position\":2,\"name\":\"Services et m\u00e9tiers\"}]},{\"@type\":\"WebSite\",\"@id\":\"https:\\\/\\\/oseconseils.fr\\\/#website\",\"url\":\"https:\\\/\\\/oseconseils.fr\\\/\",\"name\":\"OSE\",\"description\":\"\",\"publisher\":{\"@id\":\"https:\\\/\\\/oseconseils.fr\\\/#organization\"},\"potentialAction\":[{\"@type\":\"SearchAction\",\"target\":{\"@type\":\"EntryPoint\",\"urlTemplate\":\"https:\\\/\\\/oseconseils.fr\\\/?s={search_term_string}\"},\"query-input\":{\"@type\":\"PropertyValueSpecification\",\"valueRequired\":true,\"valueName\":\"search_term_string\"}}],\"inLanguage\":\"fr-FR\"},{\"@type\":\"Organization\",\"@id\":\"https:\\\/\\\/oseconseils.fr\\\/#organization\",\"name\":\"OSE\",\"url\":\"https:\\\/\\\/oseconseils.fr\\\/\",\"logo\":{\"@type\":\"ImageObject\",\"inLanguage\":\"fr-FR\",\"@id\":\"https:\\\/\\\/oseconseils.fr\\\/#\\\/schema\\\/logo\\\/image\\\/\",\"url\":\"https:\\\/\\\/oseconseils.fr\\\/wp-content\\\/uploads\\\/2024\\\/10\\\/AnyConv.com__OSE-LOGO_groupe-blanc.webp\",\"contentUrl\":\"https:\\\/\\\/oseconseils.fr\\\/wp-content\\\/uploads\\\/2024\\\/10\\\/AnyConv.com__OSE-LOGO_groupe-blanc.webp\",\"width\":1303,\"height\":684,\"caption\":\"OSE\"},\"image\":{\"@id\":\"https:\\\/\\\/oseconseils.fr\\\/#\\\/schema\\\/logo\\\/image\\\/\"},\"sameAs\":[\"https:\\\/\\\/www.linkedin.com\\\/company\\\/oseconseils\\\/posts\\\/?feedView=all\"]}]}<\/script>\n<!-- \/ Yoast SEO plugin. -->","yoast_head_json":{"title":"OSE - Services et m\u00e9tiers : Expertise et Solutions Personnalis\u00e9es","description":"D\u00e9couvrez notre large gamme de services et m\u00e9tiers, con\u00e7us pour r\u00e9pondre \u00e0 vos besoins sp\u00e9cifiques.","robots":{"index":"index","follow":"follow","max-snippet":"max-snippet:-1","max-image-preview":"max-image-preview:large","max-video-preview":"max-video-preview:-1"},"canonical":"https:\/\/oseconseils.fr\/index.php\/services-et-metiers\/","og_locale":"fr_FR","og_type":"article","og_title":"OSE - Services et m\u00e9tiers : Expertise et Solutions Personnalis\u00e9es","og_description":"D\u00e9couvrez notre large gamme de services et m\u00e9tiers, con\u00e7us pour r\u00e9pondre \u00e0 vos besoins sp\u00e9cifiques.","og_url":"https:\/\/oseconseils.fr\/index.php\/services-et-metiers\/","og_site_name":"OSE","article_modified_time":"2024-11-08T14:03:42+00:00","og_image":[{"width":2560,"height":1920,"url":"https:\/\/oseconseils.fr\/wp-content\/uploads\/2024\/11\/Sans-titre-1-scaled.jpg","type":"image\/jpeg"}],"twitter_card":"summary_large_image","twitter_misc":{"Dur\u00e9e de lecture estim\u00e9e":"1 minute"},"schema":{"@context":"https:\/\/schema.org","@graph":[{"@type":"WebPage","@id":"https:\/\/oseconseils.fr\/index.php\/services-et-metiers\/","url":"https:\/\/oseconseils.fr\/index.php\/services-et-metiers\/","name":"OSE - Services et m\u00e9tiers : Expertise et Solutions Personnalis\u00e9es","isPartOf":{"@id":"https:\/\/oseconseils.fr\/#website"},"primaryImageOfPage":{"@id":"https:\/\/oseconseils.fr\/index.php\/services-et-metiers\/#primaryimage"},"image":{"@id":"https:\/\/oseconseils.fr\/index.php\/services-et-metiers\/#primaryimage"},"thumbnailUrl":"https:\/\/oseconseils.fr\/wp-content\/uploads\/2024\/11\/Sans-titre-1-scaled.jpg","datePublished":"2024-10-11T14:16:55+00:00","dateModified":"2024-11-08T14:03:42+00:00","description":"D\u00e9couvrez notre large gamme de services et m\u00e9tiers, con\u00e7us pour r\u00e9pondre \u00e0 vos besoins sp\u00e9cifiques.","breadcrumb":{"@id":"https:\/\/oseconseils.fr\/index.php\/services-et-metiers\/#breadcrumb"},"inLanguage":"fr-FR","potentialAction":[{"@type":"ReadAction","target":["https:\/\/oseconseils.fr\/index.php\/services-et-metiers\/"]}]},{"@type":"ImageObject","inLanguage":"fr-FR","@id":"https:\/\/oseconseils.fr\/index.php\/services-et-metiers\/#primaryimage","url":"https:\/\/oseconseils.fr\/wp-content\/uploads\/2024\/11\/Sans-titre-1-scaled.jpg","contentUrl":"https:\/\/oseconseils.fr\/wp-content\/uploads\/2024\/11\/Sans-titre-1-scaled.jpg","width":2560,"height":1920},{"@type":"BreadcrumbList","@id":"https:\/\/oseconseils.fr\/index.php\/services-et-metiers\/#breadcrumb","itemListElement":[{"@type":"ListItem","position":1,"name":"Accueil","item":"https:\/\/oseconseils.fr\/"},{"@type":"ListItem","position":2,"name":"Services et m\u00e9tiers"}]},{"@type":"WebSite","@id":"https:\/\/oseconseils.fr\/#website","url":"https:\/\/oseconseils.fr\/","name":"OSE","description":"","publisher":{"@id":"https:\/\/oseconseils.fr\/#organization"},"potentialAction":[{"@type":"SearchAction","target":{"@type":"EntryPoint","urlTemplate":"https:\/\/oseconseils.fr\/?s={search_term_string}"},"query-input":{"@type":"PropertyValueSpecification","valueRequired":true,"valueName":"search_term_string"}}],"inLanguage":"fr-FR"},{"@type":"Organization","@id":"https:\/\/oseconseils.fr\/#organization","name":"OSE","url":"https:\/\/oseconseils.fr\/","logo":{"@type":"ImageObject","inLanguage":"fr-FR","@id":"https:\/\/oseconseils.fr\/#\/schema\/logo\/image\/","url":"https:\/\/oseconseils.fr\/wp-content\/uploads\/2024\/10\/AnyConv.com__OSE-LOGO_groupe-blanc.webp","contentUrl":"https:\/\/oseconseils.fr\/wp-content\/uploads\/2024\/10\/AnyConv.com__OSE-LOGO_groupe-blanc.webp","width":1303,"height":684,"caption":"OSE"},"image":{"@id":"https:\/\/oseconseils.fr\/#\/schema\/logo\/image\/"},"sameAs":["https:\/\/www.linkedin.com\/company\/oseconseils\/posts\/?feedView=all"]}]}},"_links":{"self":[{"href":"https:\/\/oseconseils.fr\/index.php\/wp-json\/wp\/v2\/pages\/32","targetHints":{"allow":["GET"]}}],"collection":[{"href":"https:\/\/oseconseils.fr\/index.php\/wp-json\/wp\/v2\/pages"}],"about":[{"href":"https:\/\/oseconseils.fr\/index.php\/wp-json\/wp\/v2\/types\/page"}],"author":[{"embeddable":true,"href":"https:\/\/oseconseils.fr\/index.php\/wp-json\/wp\/v2\/users\/1"}],"replies":[{"embeddable":true,"href":"https:\/\/oseconseils.fr\/index.php\/wp-json\/wp\/v2\/comments?post=32"}],"version-history":[{"count":91,"href":"https:\/\/oseconseils.fr\/index.php\/wp-json\/wp\/v2\/pages\/32\/revisions"}],"predecessor-version":[{"id":2199,"href":"https:\/\/oseconseils.fr\/index.php\/wp-json\/wp\/v2\/pages\/32\/revisions\/2199"}],"wp:featuredmedia":[{"embeddable":true,"href":"https:\/\/oseconseils.fr\/index.php\/wp-json\/wp\/v2\/media\/1547"}],"wp:attachment":[{"href":"https:\/\/oseconseils.fr\/index.php\/wp-json\/wp\/v2\/media?parent=32"}],"curies":[{"name":"wp","href":"https:\/\/api.w.org\/{rel}","templated":true}]}}