{"id":34,"date":"2024-10-11T16:17:16","date_gmt":"2024-10-11T14:17:16","guid":{"rendered":"http:\/\/localhost\/OSE\/?page_id=34"},"modified":"2024-12-02T09:38:42","modified_gmt":"2024-12-02T08:38:42","slug":"gestion-et-conseils","status":"publish","type":"page","link":"https:\/\/oseconseils.fr\/index.php\/gestion-et-conseils\/","title":{"rendered":"Gestion et Conseils"},"content":{"rendered":"\t\t<div data-elementor-type=\"wp-page\" data-elementor-id=\"34\" class=\"elementor elementor-34\">\n\t\t\t\t<div class=\"elementor-element elementor-element-55856b8 e-con-full e-flex wpr-particle-no wpr-jarallax-no wpr-parallax-no wpr-sticky-section-no e-con e-parent\" data-id=\"55856b8\" data-element_type=\"container\" data-e-type=\"container\">\n\t\t\t\t<div class=\"elementor-element elementor-element-75fd24b elementor-absolute elementor-widget elementor-widget-image\" data-id=\"75fd24b\" data-element_type=\"widget\" data-e-type=\"widget\" data-settings=\"{&quot;_position&quot;:&quot;absolute&quot;}\" data-widget_type=\"image.default\">\n\t\t\t\t<div class=\"elementor-widget-container\">\n\t\t\t\t\t\t\t\t\t\t\t\t\t\t\t<img fetchpriority=\"high\" decoding=\"async\" width=\"800\" height=\"534\" src=\"https:\/\/oseconseils.fr\/wp-content\/uploads\/2024\/10\/AdobeStock_345656874-FILTRE-1024x683.webp\" class=\"attachment-large size-large wp-image-565\" alt=\"\" srcset=\"https:\/\/oseconseils.fr\/wp-content\/uploads\/2024\/10\/AdobeStock_345656874-FILTRE-1024x683.webp 1024w, https:\/\/oseconseils.fr\/wp-content\/uploads\/2024\/10\/AdobeStock_345656874-FILTRE-300x200.webp 300w, https:\/\/oseconseils.fr\/wp-content\/uploads\/2024\/10\/AdobeStock_345656874-FILTRE-768x512.webp 768w, https:\/\/oseconseils.fr\/wp-content\/uploads\/2024\/10\/AdobeStock_345656874-FILTRE-1536x1024.webp 1536w, https:\/\/oseconseils.fr\/wp-content\/uploads\/2024\/10\/AdobeStock_345656874-FILTRE-2048x1365.webp 2048w\" sizes=\"(max-width: 800px) 100vw, 800px\" \/>\t\t\t\t\t\t\t\t\t\t\t\t\t\t\t<\/div>\n\t\t\t\t<\/div>\n\t\t\t\t<\/div>\n\t\t<div class=\"elementor-element elementor-element-d22c768 e-con-full e-flex wpr-particle-no wpr-jarallax-no wpr-parallax-no wpr-sticky-section-no e-con e-parent\" data-id=\"d22c768\" data-element_type=\"container\" data-e-type=\"container\">\n\t\t\t\t<div class=\"elementor-element elementor-element-348aa7c elementor-widget elementor-widget-heading\" data-id=\"348aa7c\" data-element_type=\"widget\" data-e-type=\"widget\" data-widget_type=\"heading.default\">\n\t\t\t\t<div class=\"elementor-widget-container\">\n\t\t\t\t\t<h2 class=\"elementor-heading-title elementor-size-default\">Accueil \/ Services et m\u00e9tiers \/ Gestion et Conseil<\/h2>\t\t\t\t<\/div>\n\t\t\t\t<\/div>\n\t\t\t\t<div class=\"elementor-element elementor-element-86ad0aa elementor-widget__width-inherit elementor-widget elementor-widget-heading\" data-id=\"86ad0aa\" data-element_type=\"widget\" data-e-type=\"widget\" data-widget_type=\"heading.default\">\n\t\t\t\t<div class=\"elementor-widget-container\">\n\t\t\t\t\t<h2 class=\"elementor-heading-title elementor-size-default\">Gestion et Conseils<\/h2>\t\t\t\t<\/div>\n\t\t\t\t<\/div>\n\t\t\t\t<\/div>\n\t\t<div class=\"elementor-element elementor-element-b1769f1 e-con-full e-flex wpr-particle-no wpr-jarallax-no wpr-parallax-no wpr-sticky-section-no e-con e-parent\" data-id=\"b1769f1\" data-element_type=\"container\" data-e-type=\"container\">\n\t\t\t\t<div class=\"elementor-element elementor-element-890b1ed elementor-widget elementor-widget-heading\" data-id=\"890b1ed\" data-element_type=\"widget\" data-e-type=\"widget\" data-widget_type=\"heading.default\">\n\t\t\t\t<div class=\"elementor-widget-container\">\n\t\t\t\t\t<h2 class=\"elementor-heading-title elementor-size-default\">Le conseil au coeur de notre activit\u00e9<\/h2>\t\t\t\t<\/div>\n\t\t\t\t<\/div>\n\t\t\t\t<div class=\"elementor-element elementor-element-812bfbe elementor-widget__width-initial elementor-widget elementor-widget-text-editor\" data-id=\"812bfbe\" data-element_type=\"widget\" data-e-type=\"widget\" data-widget_type=\"text-editor.default\">\n\t\t\t\t<div class=\"elementor-widget-container\">\n\t\t\t\t\t\t\t\t\t<p>Au-del\u00e0 de la gestion comptable, Ose Groupe accompagne les entreprises dans leurs d\u00e9cisions strat\u00e9giques. En nous appuyant sur des analyses pr\u00e9cises et des outils performants, nous aidons nos clients \u00e0 anticiper les risques, optimiser leur tr\u00e9sorerie et d\u00e9finir des strat\u00e9gies de croissance. Nos experts interviennent \u00e9galement dans la planification budg\u00e9taire, l\u2019optimisation fiscale et la gestion des co\u00fbts. Chaque solution propos\u00e9e est personnalis\u00e9e, car nous croyons que chaque entreprise est unique et m\u00e9rite un conseil sur mesure pour atteindre ses objectifs financiers et op\u00e9rationnels.<\/p>\t\t\t\t\t\t\t\t<\/div>\n\t\t\t\t<\/div>\n\t\t\t\t<div class=\"elementor-element elementor-element-d7f285b elementor-widget elementor-widget-image\" data-id=\"d7f285b\" data-element_type=\"widget\" data-e-type=\"widget\" data-widget_type=\"image.default\">\n\t\t\t\t<div class=\"elementor-widget-container\">\n\t\t\t\t\t\t\t\t\t\t\t\t\t\t\t<img decoding=\"async\" width=\"2000\" height=\"1125\" src=\"https:\/\/oseconseils.fr\/wp-content\/uploads\/2024\/10\/AnyConv.com__AdobeStock_561003288.webp\" class=\"attachment-2048x2048 size-2048x2048 wp-image-862\" alt=\"\" srcset=\"https:\/\/oseconseils.fr\/wp-content\/uploads\/2024\/10\/AnyConv.com__AdobeStock_561003288.webp 2000w, https:\/\/oseconseils.fr\/wp-content\/uploads\/2024\/10\/AnyConv.com__AdobeStock_561003288-300x169.webp 300w, https:\/\/oseconseils.fr\/wp-content\/uploads\/2024\/10\/AnyConv.com__AdobeStock_561003288-1024x576.webp 1024w, https:\/\/oseconseils.fr\/wp-content\/uploads\/2024\/10\/AnyConv.com__AdobeStock_561003288-768x432.webp 768w, https:\/\/oseconseils.fr\/wp-content\/uploads\/2024\/10\/AnyConv.com__AdobeStock_561003288-1536x864.webp 1536w\" sizes=\"(max-width: 2000px) 100vw, 2000px\" \/>\t\t\t\t\t\t\t\t\t\t\t\t\t\t\t<\/div>\n\t\t\t\t<\/div>\n\t\t\t\t<div class=\"elementor-element elementor-element-9deeed9 elementor-widget elementor-widget-heading\" data-id=\"9deeed9\" data-element_type=\"widget\" data-e-type=\"widget\" data-widget_type=\"heading.default\">\n\t\t\t\t<div class=\"elementor-widget-container\">\n\t\t\t\t\t<h2 class=\"elementor-heading-title elementor-size-default\">Notre accompagnement<\/h2>\t\t\t\t<\/div>\n\t\t\t\t<\/div>\n\t\t\t\t<div class=\"elementor-element elementor-element-14370cb elementor-widget__width-initial elementor-widget-mobile__width-inherit elementor-widget elementor-widget-text-editor\" data-id=\"14370cb\" data-element_type=\"widget\" data-e-type=\"widget\" data-widget_type=\"text-editor.default\">\n\t\t\t\t<div class=\"elementor-widget-container\">\n\t\t\t\t\t\t\t\t\t<p>Que ce soit lors de la cr\u00e9ation d&rsquo;une entreprise, dans sa phase de croissance ou en p\u00e9riode de transition, Ose Groupe se positionne comme un partenaire cl\u00e9 \u00e0 chaque \u00e9tape de la vie de l\u2019entreprise. Nous soutenons les entrepreneurs dans la structuration de leur activit\u00e9, en les guidant dans leurs choix d\u2019investissement, le suivi de leur performance financi\u00e8re et les d\u00e9marches de lev\u00e9e de fonds. Gr\u00e2ce \u00e0 notre expertise, nous permettons aux dirigeants de prendre des d\u00e9cisions \u00e9clair\u00e9es et de piloter efficacement leur activit\u00e9 pour garantir sa p\u00e9rennit\u00e9 et sa r\u00e9ussite.<\/p>\t\t\t\t\t\t\t\t<\/div>\n\t\t\t\t<\/div>\n\t\t\t\t<\/div>\n\t\t\t\t<\/div>\n\t\t","protected":false},"excerpt":{"rendered":"<p>Accueil \/ Services et m\u00e9tiers \/ Gestion et Conseil Gestion et Conseils Le conseil au coeur de notre activit\u00e9 Au-del\u00e0 de la gestion comptable, Ose Groupe accompagne les entreprises dans leurs d\u00e9cisions strat\u00e9giques. En nous appuyant sur des analyses pr\u00e9cises et des outils performants, nous aidons nos clients \u00e0 anticiper les risques, optimiser leur tr\u00e9sorerie et d\u00e9finir des strat\u00e9gies de croissance. Nos experts interviennent \u00e9galement dans la planification budg\u00e9taire, l\u2019optimisation fiscale et la gestion des co\u00fbts. Chaque solution propos\u00e9e est personnalis\u00e9e, car nous croyons que chaque entreprise est unique et m\u00e9rite un conseil sur mesure pour atteindre ses objectifs financiers et op\u00e9rationnels. Notre accompagnement Que ce soit lors de la cr\u00e9ation d&rsquo;une entreprise, dans sa phase de croissance ou en p\u00e9riode de transition, Ose Groupe se positionne comme un partenaire cl\u00e9 \u00e0 chaque \u00e9tape de la vie de l\u2019entreprise. Nous soutenons les entrepreneurs dans la structuration de leur activit\u00e9, en les guidant dans leurs choix d\u2019investissement, le suivi de leur performance financi\u00e8re et les d\u00e9marches de lev\u00e9e de fonds. Gr\u00e2ce \u00e0 notre expertise, nous permettons aux dirigeants de prendre des d\u00e9cisions \u00e9clair\u00e9es et de piloter efficacement leur activit\u00e9 pour garantir sa p\u00e9rennit\u00e9 et sa r\u00e9ussite.<\/p>\n","protected":false},"author":1,"featured_media":862,"parent":0,"menu_order":0,"comment_status":"closed","ping_status":"closed","template":"","meta":{"footnotes":""},"class_list":["post-34","page","type-page","status-publish","has-post-thumbnail","hentry"],"yoast_head":"<!-- This site is optimized with the Yoast SEO plugin v27.3 - https:\/\/yoast.com\/product\/yoast-seo-wordpress\/ -->\n<title>OSE - Gestion et Conseils : Accompagnement et Strat\u00e9gie Personnalis\u00e9es<\/title>\n<meta name=\"description\" content=\"D\u00e9couvrez nos services de gestion et conseils d&#039;entreprise pour optimiser et d\u00e9velopper des strat\u00e9gies efficaces.\" \/>\n<meta name=\"robots\" content=\"index, follow, max-snippet:-1, max-image-preview:large, max-video-preview:-1\" \/>\n<link rel=\"canonical\" href=\"https:\/\/oseconseils.fr\/index.php\/gestion-et-conseils\/\" \/>\n<meta property=\"og:locale\" content=\"fr_FR\" \/>\n<meta property=\"og:type\" content=\"article\" \/>\n<meta property=\"og:title\" content=\"OSE - Gestion et Conseils : Accompagnement et Strat\u00e9gie Personnalis\u00e9es\" \/>\n<meta property=\"og:description\" content=\"D\u00e9couvrez nos services de gestion et conseils d&#039;entreprise pour optimiser et d\u00e9velopper des strat\u00e9gies efficaces.\" \/>\n<meta property=\"og:url\" content=\"https:\/\/oseconseils.fr\/index.php\/gestion-et-conseils\/\" \/>\n<meta property=\"og:site_name\" content=\"OSE\" \/>\n<meta property=\"article:modified_time\" content=\"2024-12-02T08:38:42+00:00\" \/>\n<meta property=\"og:image\" content=\"https:\/\/oseconseils.fr\/wp-content\/uploads\/2024\/10\/AnyConv.com__AdobeStock_561003288.webp\" \/>\n\t<meta property=\"og:image:width\" content=\"2000\" \/>\n\t<meta property=\"og:image:height\" content=\"1125\" \/>\n\t<meta property=\"og:image:type\" content=\"image\/webp\" \/>\n<meta name=\"twitter:card\" content=\"summary_large_image\" \/>\n<meta name=\"twitter:label1\" content=\"Dur\u00e9e de lecture estim\u00e9e\" \/>\n\t<meta name=\"twitter:data1\" content=\"2 minutes\" \/>\n<script type=\"application\/ld+json\" class=\"yoast-schema-graph\">{\"@context\":\"https:\\\/\\\/schema.org\",\"@graph\":[{\"@type\":\"WebPage\",\"@id\":\"https:\\\/\\\/oseconseils.fr\\\/index.php\\\/gestion-et-conseils\\\/\",\"url\":\"https:\\\/\\\/oseconseils.fr\\\/index.php\\\/gestion-et-conseils\\\/\",\"name\":\"OSE - Gestion et Conseils : Accompagnement et Strat\u00e9gie Personnalis\u00e9es\",\"isPartOf\":{\"@id\":\"https:\\\/\\\/oseconseils.fr\\\/#website\"},\"primaryImageOfPage\":{\"@id\":\"https:\\\/\\\/oseconseils.fr\\\/index.php\\\/gestion-et-conseils\\\/#primaryimage\"},\"image\":{\"@id\":\"https:\\\/\\\/oseconseils.fr\\\/index.php\\\/gestion-et-conseils\\\/#primaryimage\"},\"thumbnailUrl\":\"https:\\\/\\\/oseconseils.fr\\\/wp-content\\\/uploads\\\/2024\\\/10\\\/AnyConv.com__AdobeStock_561003288.webp\",\"datePublished\":\"2024-10-11T14:17:16+00:00\",\"dateModified\":\"2024-12-02T08:38:42+00:00\",\"description\":\"D\u00e9couvrez nos services de gestion et conseils d'entreprise pour optimiser et d\u00e9velopper des strat\u00e9gies efficaces.\",\"breadcrumb\":{\"@id\":\"https:\\\/\\\/oseconseils.fr\\\/index.php\\\/gestion-et-conseils\\\/#breadcrumb\"},\"inLanguage\":\"fr-FR\",\"potentialAction\":[{\"@type\":\"ReadAction\",\"target\":[\"https:\\\/\\\/oseconseils.fr\\\/index.php\\\/gestion-et-conseils\\\/\"]}]},{\"@type\":\"ImageObject\",\"inLanguage\":\"fr-FR\",\"@id\":\"https:\\\/\\\/oseconseils.fr\\\/index.php\\\/gestion-et-conseils\\\/#primaryimage\",\"url\":\"https:\\\/\\\/oseconseils.fr\\\/wp-content\\\/uploads\\\/2024\\\/10\\\/AnyConv.com__AdobeStock_561003288.webp\",\"contentUrl\":\"https:\\\/\\\/oseconseils.fr\\\/wp-content\\\/uploads\\\/2024\\\/10\\\/AnyConv.com__AdobeStock_561003288.webp\",\"width\":2000,\"height\":1125},{\"@type\":\"BreadcrumbList\",\"@id\":\"https:\\\/\\\/oseconseils.fr\\\/index.php\\\/gestion-et-conseils\\\/#breadcrumb\",\"itemListElement\":[{\"@type\":\"ListItem\",\"position\":1,\"name\":\"Accueil\",\"item\":\"https:\\\/\\\/oseconseils.fr\\\/\"},{\"@type\":\"ListItem\",\"position\":2,\"name\":\"Gestion et Conseils\"}]},{\"@type\":\"WebSite\",\"@id\":\"https:\\\/\\\/oseconseils.fr\\\/#website\",\"url\":\"https:\\\/\\\/oseconseils.fr\\\/\",\"name\":\"OSE\",\"description\":\"\",\"publisher\":{\"@id\":\"https:\\\/\\\/oseconseils.fr\\\/#organization\"},\"potentialAction\":[{\"@type\":\"SearchAction\",\"target\":{\"@type\":\"EntryPoint\",\"urlTemplate\":\"https:\\\/\\\/oseconseils.fr\\\/?s={search_term_string}\"},\"query-input\":{\"@type\":\"PropertyValueSpecification\",\"valueRequired\":true,\"valueName\":\"search_term_string\"}}],\"inLanguage\":\"fr-FR\"},{\"@type\":\"Organization\",\"@id\":\"https:\\\/\\\/oseconseils.fr\\\/#organization\",\"name\":\"OSE\",\"url\":\"https:\\\/\\\/oseconseils.fr\\\/\",\"logo\":{\"@type\":\"ImageObject\",\"inLanguage\":\"fr-FR\",\"@id\":\"https:\\\/\\\/oseconseils.fr\\\/#\\\/schema\\\/logo\\\/image\\\/\",\"url\":\"https:\\\/\\\/oseconseils.fr\\\/wp-content\\\/uploads\\\/2024\\\/10\\\/AnyConv.com__OSE-LOGO_groupe-blanc.webp\",\"contentUrl\":\"https:\\\/\\\/oseconseils.fr\\\/wp-content\\\/uploads\\\/2024\\\/10\\\/AnyConv.com__OSE-LOGO_groupe-blanc.webp\",\"width\":1303,\"height\":684,\"caption\":\"OSE\"},\"image\":{\"@id\":\"https:\\\/\\\/oseconseils.fr\\\/#\\\/schema\\\/logo\\\/image\\\/\"},\"sameAs\":[\"https:\\\/\\\/www.linkedin.com\\\/company\\\/oseconseils\\\/posts\\\/?feedView=all\"]}]}<\/script>\n<!-- \/ Yoast SEO plugin. -->","yoast_head_json":{"title":"OSE - Gestion et Conseils : Accompagnement et Strat\u00e9gie Personnalis\u00e9es","description":"D\u00e9couvrez nos services de gestion et conseils d'entreprise pour optimiser et d\u00e9velopper des strat\u00e9gies efficaces.","robots":{"index":"index","follow":"follow","max-snippet":"max-snippet:-1","max-image-preview":"max-image-preview:large","max-video-preview":"max-video-preview:-1"},"canonical":"https:\/\/oseconseils.fr\/index.php\/gestion-et-conseils\/","og_locale":"fr_FR","og_type":"article","og_title":"OSE - Gestion et Conseils : Accompagnement et Strat\u00e9gie Personnalis\u00e9es","og_description":"D\u00e9couvrez nos services de gestion et conseils d'entreprise pour optimiser et d\u00e9velopper des strat\u00e9gies efficaces.","og_url":"https:\/\/oseconseils.fr\/index.php\/gestion-et-conseils\/","og_site_name":"OSE","article_modified_time":"2024-12-02T08:38:42+00:00","og_image":[{"width":2000,"height":1125,"url":"https:\/\/oseconseils.fr\/wp-content\/uploads\/2024\/10\/AnyConv.com__AdobeStock_561003288.webp","type":"image\/webp"}],"twitter_card":"summary_large_image","twitter_misc":{"Dur\u00e9e de lecture estim\u00e9e":"2 minutes"},"schema":{"@context":"https:\/\/schema.org","@graph":[{"@type":"WebPage","@id":"https:\/\/oseconseils.fr\/index.php\/gestion-et-conseils\/","url":"https:\/\/oseconseils.fr\/index.php\/gestion-et-conseils\/","name":"OSE - Gestion et Conseils : Accompagnement et Strat\u00e9gie Personnalis\u00e9es","isPartOf":{"@id":"https:\/\/oseconseils.fr\/#website"},"primaryImageOfPage":{"@id":"https:\/\/oseconseils.fr\/index.php\/gestion-et-conseils\/#primaryimage"},"image":{"@id":"https:\/\/oseconseils.fr\/index.php\/gestion-et-conseils\/#primaryimage"},"thumbnailUrl":"https:\/\/oseconseils.fr\/wp-content\/uploads\/2024\/10\/AnyConv.com__AdobeStock_561003288.webp","datePublished":"2024-10-11T14:17:16+00:00","dateModified":"2024-12-02T08:38:42+00:00","description":"D\u00e9couvrez nos services de gestion et conseils d'entreprise pour optimiser et d\u00e9velopper des strat\u00e9gies efficaces.","breadcrumb":{"@id":"https:\/\/oseconseils.fr\/index.php\/gestion-et-conseils\/#breadcrumb"},"inLanguage":"fr-FR","potentialAction":[{"@type":"ReadAction","target":["https:\/\/oseconseils.fr\/index.php\/gestion-et-conseils\/"]}]},{"@type":"ImageObject","inLanguage":"fr-FR","@id":"https:\/\/oseconseils.fr\/index.php\/gestion-et-conseils\/#primaryimage","url":"https:\/\/oseconseils.fr\/wp-content\/uploads\/2024\/10\/AnyConv.com__AdobeStock_561003288.webp","contentUrl":"https:\/\/oseconseils.fr\/wp-content\/uploads\/2024\/10\/AnyConv.com__AdobeStock_561003288.webp","width":2000,"height":1125},{"@type":"BreadcrumbList","@id":"https:\/\/oseconseils.fr\/index.php\/gestion-et-conseils\/#breadcrumb","itemListElement":[{"@type":"ListItem","position":1,"name":"Accueil","item":"https:\/\/oseconseils.fr\/"},{"@type":"ListItem","position":2,"name":"Gestion et Conseils"}]},{"@type":"WebSite","@id":"https:\/\/oseconseils.fr\/#website","url":"https:\/\/oseconseils.fr\/","name":"OSE","description":"","publisher":{"@id":"https:\/\/oseconseils.fr\/#organization"},"potentialAction":[{"@type":"SearchAction","target":{"@type":"EntryPoint","urlTemplate":"https:\/\/oseconseils.fr\/?s={search_term_string}"},"query-input":{"@type":"PropertyValueSpecification","valueRequired":true,"valueName":"search_term_string"}}],"inLanguage":"fr-FR"},{"@type":"Organization","@id":"https:\/\/oseconseils.fr\/#organization","name":"OSE","url":"https:\/\/oseconseils.fr\/","logo":{"@type":"ImageObject","inLanguage":"fr-FR","@id":"https:\/\/oseconseils.fr\/#\/schema\/logo\/image\/","url":"https:\/\/oseconseils.fr\/wp-content\/uploads\/2024\/10\/AnyConv.com__OSE-LOGO_groupe-blanc.webp","contentUrl":"https:\/\/oseconseils.fr\/wp-content\/uploads\/2024\/10\/AnyConv.com__OSE-LOGO_groupe-blanc.webp","width":1303,"height":684,"caption":"OSE"},"image":{"@id":"https:\/\/oseconseils.fr\/#\/schema\/logo\/image\/"},"sameAs":["https:\/\/www.linkedin.com\/company\/oseconseils\/posts\/?feedView=all"]}]}},"_links":{"self":[{"href":"https:\/\/oseconseils.fr\/index.php\/wp-json\/wp\/v2\/pages\/34","targetHints":{"allow":["GET"]}}],"collection":[{"href":"https:\/\/oseconseils.fr\/index.php\/wp-json\/wp\/v2\/pages"}],"about":[{"href":"https:\/\/oseconseils.fr\/index.php\/wp-json\/wp\/v2\/types\/page"}],"author":[{"embeddable":true,"href":"https:\/\/oseconseils.fr\/index.php\/wp-json\/wp\/v2\/users\/1"}],"replies":[{"embeddable":true,"href":"https:\/\/oseconseils.fr\/index.php\/wp-json\/wp\/v2\/comments?post=34"}],"version-history":[{"count":85,"href":"https:\/\/oseconseils.fr\/index.php\/wp-json\/wp\/v2\/pages\/34\/revisions"}],"predecessor-version":[{"id":2361,"href":"https:\/\/oseconseils.fr\/index.php\/wp-json\/wp\/v2\/pages\/34\/revisions\/2361"}],"wp:featuredmedia":[{"embeddable":true,"href":"https:\/\/oseconseils.fr\/index.php\/wp-json\/wp\/v2\/media\/862"}],"wp:attachment":[{"href":"https:\/\/oseconseils.fr\/index.php\/wp-json\/wp\/v2\/media?parent=34"}],"curies":[{"name":"wp","href":"https:\/\/api.w.org\/{rel}","templated":true}]}}