{"id":36,"date":"2024-10-11T16:17:29","date_gmt":"2024-10-11T14:17:29","guid":{"rendered":"http:\/\/localhost\/OSE\/?page_id=36"},"modified":"2024-12-02T09:28:42","modified_gmt":"2024-12-02T08:28:42","slug":"audit","status":"publish","type":"page","link":"https:\/\/oseconseils.fr\/index.php\/audit\/","title":{"rendered":"Audit"},"content":{"rendered":"\t\t<div data-elementor-type=\"wp-page\" data-elementor-id=\"36\" class=\"elementor elementor-36\">\n\t\t\t\t<div class=\"elementor-element elementor-element-fe036b2 e-flex e-con-boxed wpr-particle-no wpr-jarallax-no wpr-parallax-no wpr-sticky-section-no e-con e-parent\" data-id=\"fe036b2\" data-element_type=\"container\" data-e-type=\"container\">\n\t\t\t\t\t<div class=\"e-con-inner\">\n\t\t\t\t<div class=\"elementor-element elementor-element-3df73b0 elementor-widget__width-inherit elementor-absolute elementor-widget elementor-widget-image\" data-id=\"3df73b0\" data-element_type=\"widget\" data-e-type=\"widget\" data-settings=\"{&quot;_position&quot;:&quot;absolute&quot;}\" data-widget_type=\"image.default\">\n\t\t\t\t<div class=\"elementor-widget-container\">\n\t\t\t\t\t\t\t\t\t\t\t\t\t\t\t<img fetchpriority=\"high\" decoding=\"async\" width=\"800\" height=\"266\" src=\"https:\/\/oseconseils.fr\/wp-content\/uploads\/2024\/10\/AdobeStock_375314838-FILTRE-1024x341.webp\" class=\"attachment-large size-large wp-image-613\" alt=\"\" srcset=\"https:\/\/oseconseils.fr\/wp-content\/uploads\/2024\/10\/AdobeStock_375314838-FILTRE-1024x341.webp 1024w, https:\/\/oseconseils.fr\/wp-content\/uploads\/2024\/10\/AdobeStock_375314838-FILTRE-300x100.webp 300w, https:\/\/oseconseils.fr\/wp-content\/uploads\/2024\/10\/AdobeStock_375314838-FILTRE-768x256.webp 768w, https:\/\/oseconseils.fr\/wp-content\/uploads\/2024\/10\/AdobeStock_375314838-FILTRE-1536x512.webp 1536w, https:\/\/oseconseils.fr\/wp-content\/uploads\/2024\/10\/AdobeStock_375314838-FILTRE-2048x683.webp 2048w\" sizes=\"(max-width: 800px) 100vw, 800px\" \/>\t\t\t\t\t\t\t\t\t\t\t\t\t\t\t<\/div>\n\t\t\t\t<\/div>\n\t\t\t\t\t<\/div>\n\t\t\t\t<\/div>\n\t\t<div class=\"elementor-element elementor-element-3a6128a e-con-full e-flex wpr-particle-no wpr-jarallax-no wpr-parallax-no wpr-sticky-section-no e-con e-parent\" data-id=\"3a6128a\" data-element_type=\"container\" data-e-type=\"container\">\n\t\t\t\t<div class=\"elementor-element elementor-element-3edcc98 elementor-widget elementor-widget-heading\" data-id=\"3edcc98\" data-element_type=\"widget\" data-e-type=\"widget\" data-widget_type=\"heading.default\">\n\t\t\t\t<div class=\"elementor-widget-container\">\n\t\t\t\t\t<h2 class=\"elementor-heading-title elementor-size-default\">Accueil \/ Services et m\u00e9tiers \/ Audit<\/h2>\t\t\t\t<\/div>\n\t\t\t\t<\/div>\n\t\t\t\t<div class=\"elementor-element elementor-element-741d5ed elementor-widget elementor-widget-heading\" data-id=\"741d5ed\" data-element_type=\"widget\" data-e-type=\"widget\" data-widget_type=\"heading.default\">\n\t\t\t\t<div class=\"elementor-widget-container\">\n\t\t\t\t\t<h2 class=\"elementor-heading-title elementor-size-default\">Audit<\/h2>\t\t\t\t<\/div>\n\t\t\t\t<\/div>\n\t\t\t\t<\/div>\n\t\t<div class=\"elementor-element elementor-element-3c0f811 e-con-full e-flex wpr-particle-no wpr-jarallax-no wpr-parallax-no wpr-sticky-section-no e-con e-parent\" data-id=\"3c0f811\" data-element_type=\"container\" data-e-type=\"container\">\n\t\t\t\t<div class=\"elementor-element elementor-element-5d80171 elementor-widget elementor-widget-heading\" data-id=\"5d80171\" data-element_type=\"widget\" data-e-type=\"widget\" data-widget_type=\"heading.default\">\n\t\t\t\t<div class=\"elementor-widget-container\">\n\t\t\t\t\t<h2 class=\"elementor-heading-title elementor-size-default\">L\u2019expertise au service de la transparence<\/h2>\t\t\t\t<\/div>\n\t\t\t\t<\/div>\n\t\t\t\t<div class=\"elementor-element elementor-element-b38caf1 elementor-widget elementor-widget-text-editor\" data-id=\"b38caf1\" data-element_type=\"widget\" data-e-type=\"widget\" data-widget_type=\"text-editor.default\">\n\t\t\t\t<div class=\"elementor-widget-container\">\n\t\t\t\t\t\t\t\t\t<p>Chez Ose Groupe, l&rsquo;audit financier est une composante essentielle de notre activit\u00e9. Nous intervenons pour \u00e9valuer et certifier la conformit\u00e9 des \u00e9tats financiers de nos clients, en respectant les normes comptables en vigueur. Nos \u00e9quipes d\u2019auditeurs exp\u00e9riment\u00e9s effectuent un examen minutieux des documents financiers pour garantir leur exactitude et d\u00e9tecter d&rsquo;\u00e9ventuelles anomalies. Ce processus rigoureux permet d\u2019assurer la transparence des comptes et renforce la confiance des parties prenantes, qu\u2019il s\u2019agisse des actionnaires, des investisseurs ou des partenaires commerciaux.<\/p>\t\t\t\t\t\t\t\t<\/div>\n\t\t\t\t<\/div>\n\t\t\t\t<div class=\"elementor-element elementor-element-a413209 elementor-widget elementor-widget-image\" data-id=\"a413209\" data-element_type=\"widget\" data-e-type=\"widget\" data-widget_type=\"image.default\">\n\t\t\t\t<div class=\"elementor-widget-container\">\n\t\t\t\t\t\t\t\t\t\t\t\t\t\t\t<img decoding=\"async\" width=\"800\" height=\"471\" src=\"https:\/\/oseconseils.fr\/wp-content\/uploads\/2024\/10\/AnyConv.com__AdobeStock_274647387-1024x603.webp\" class=\"attachment-large size-large wp-image-866\" alt=\"\" srcset=\"https:\/\/oseconseils.fr\/wp-content\/uploads\/2024\/10\/AnyConv.com__AdobeStock_274647387-1024x603.webp 1024w, https:\/\/oseconseils.fr\/wp-content\/uploads\/2024\/10\/AnyConv.com__AdobeStock_274647387-300x177.webp 300w, https:\/\/oseconseils.fr\/wp-content\/uploads\/2024\/10\/AnyConv.com__AdobeStock_274647387-768x452.webp 768w, https:\/\/oseconseils.fr\/wp-content\/uploads\/2024\/10\/AnyConv.com__AdobeStock_274647387-1536x905.webp 1536w, https:\/\/oseconseils.fr\/wp-content\/uploads\/2024\/10\/AnyConv.com__AdobeStock_274647387.webp 2000w\" sizes=\"(max-width: 800px) 100vw, 800px\" \/>\t\t\t\t\t\t\t\t\t\t\t\t\t\t\t<\/div>\n\t\t\t\t<\/div>\n\t\t\t\t<\/div>\n\t\t<div class=\"elementor-element elementor-element-c6fc531 e-grid e-con-full wpr-particle-no wpr-jarallax-no wpr-parallax-no wpr-sticky-section-no e-con e-parent\" data-id=\"c6fc531\" data-element_type=\"container\" data-e-type=\"container\">\n\t\t<div class=\"elementor-element elementor-element-f8c403e e-con-full e-flex wpr-particle-no wpr-jarallax-no wpr-parallax-no wpr-sticky-section-no e-con e-child\" data-id=\"f8c403e\" data-element_type=\"container\" data-e-type=\"container\">\n\t\t\t\t<div class=\"elementor-element elementor-element-117e955 elementor-widget elementor-widget-heading\" data-id=\"117e955\" data-element_type=\"widget\" data-e-type=\"widget\" data-widget_type=\"heading.default\">\n\t\t\t\t<div class=\"elementor-widget-container\">\n\t\t\t\t\t<h2 class=\"elementor-heading-title elementor-size-default\">Audit interne<\/h2>\t\t\t\t<\/div>\n\t\t\t\t<\/div>\n\t\t\t\t<div class=\"elementor-element elementor-element-415943b elementor-widget elementor-widget-text-editor\" data-id=\"415943b\" data-element_type=\"widget\" data-e-type=\"widget\" data-widget_type=\"text-editor.default\">\n\t\t\t\t<div class=\"elementor-widget-container\">\n\t\t\t\t\t\t\t\t\t<p>Au-del\u00e0 de l\u2019audit financier, Ose Groupe propose \u00e9galement des services d\u2019audit interne pour aider les entreprises \u00e0 optimiser leur organisation interne et \u00e0 mieux g\u00e9rer les risques. Nous analysons les processus de gestion, les contr\u00f4les internes et la gouvernance de nos clients afin de d\u00e9tecter les faiblesses potentielles et d\u2019apporter des recommandations d\u2019am\u00e9lioration. Cet audit interne permet non seulement de r\u00e9duire les risques op\u00e9rationnels, mais aussi d\u2019am\u00e9liorer l&rsquo;efficacit\u00e9 des \u00e9quipes et des proc\u00e9dures, contribuant ainsi \u00e0 une meilleure performance globale de l&rsquo;entreprise.<\/p>\t\t\t\t\t\t\t\t<\/div>\n\t\t\t\t<\/div>\n\t\t\t\t<\/div>\n\t\t\t\t<div class=\"elementor-element elementor-element-9156d98 elementor-widget elementor-widget-image\" data-id=\"9156d98\" data-element_type=\"widget\" data-e-type=\"widget\" data-widget_type=\"image.default\">\n\t\t\t\t<div class=\"elementor-widget-container\">\n\t\t\t\t\t\t\t\t\t\t\t\t\t\t\t<img decoding=\"async\" width=\"800\" height=\"450\" src=\"https:\/\/oseconseils.fr\/wp-content\/uploads\/2024\/10\/AnyConv.com__AdobeStock_511716255-1024x576.webp\" class=\"attachment-large size-large wp-image-867\" alt=\"\" srcset=\"https:\/\/oseconseils.fr\/wp-content\/uploads\/2024\/10\/AnyConv.com__AdobeStock_511716255-1024x576.webp 1024w, https:\/\/oseconseils.fr\/wp-content\/uploads\/2024\/10\/AnyConv.com__AdobeStock_511716255-300x169.webp 300w, https:\/\/oseconseils.fr\/wp-content\/uploads\/2024\/10\/AnyConv.com__AdobeStock_511716255-768x432.webp 768w, https:\/\/oseconseils.fr\/wp-content\/uploads\/2024\/10\/AnyConv.com__AdobeStock_511716255-1536x864.webp 1536w, https:\/\/oseconseils.fr\/wp-content\/uploads\/2024\/10\/AnyConv.com__AdobeStock_511716255.webp 2000w\" sizes=\"(max-width: 800px) 100vw, 800px\" \/>\t\t\t\t\t\t\t\t\t\t\t\t\t\t\t<\/div>\n\t\t\t\t<\/div>\n\t\t\t\t<\/div>\n\t\t<div class=\"elementor-element elementor-element-8391e78 e-con-full e-flex wpr-particle-no wpr-jarallax-no wpr-parallax-no wpr-sticky-section-no e-con e-parent\" data-id=\"8391e78\" data-element_type=\"container\" data-e-type=\"container\">\n\t\t\t\t<div class=\"elementor-element elementor-element-a8774d0 elementor-widget elementor-widget-heading\" data-id=\"a8774d0\" data-element_type=\"widget\" data-e-type=\"widget\" data-widget_type=\"heading.default\">\n\t\t\t\t<div class=\"elementor-widget-container\">\n\t\t\t\t\t<h2 class=\"elementor-heading-title elementor-size-default\">Un accompagnement pour une conformit\u00e9 continue<\/h2>\t\t\t\t<\/div>\n\t\t\t\t<\/div>\n\t\t\t\t<div class=\"elementor-element elementor-element-eeab303 elementor-widget elementor-widget-text-editor\" data-id=\"eeab303\" data-element_type=\"widget\" data-e-type=\"widget\" data-widget_type=\"text-editor.default\">\n\t\t\t\t<div class=\"elementor-widget-container\">\n\t\t\t\t\t\t\t\t\t<p>Avec Ose Groupe, l\u2019audit ne se limite pas \u00e0 un contr\u00f4le ponctuel. Nous nous engageons \u00e0 accompagner nos clients dans la mise en place de recommandations et dans la gestion continue de leur conformit\u00e9 l\u00e9gale et r\u00e9glementaire. Notre approche personnalis\u00e9e permet \u00e0 chaque entreprise de b\u00e9n\u00e9ficier d\u2019un suivi adapt\u00e9 \u00e0 son secteur d\u2019activit\u00e9 et \u00e0 ses sp\u00e9cificit\u00e9s. Que ce soit pour une mission d&rsquo;audit l\u00e9gal ou contractuel, Ose Groupe offre un service sur mesure pour garantir la p\u00e9rennit\u00e9 et la conformit\u00e9 des op\u00e9rations financi\u00e8res \u00e0 long terme.<\/p>\t\t\t\t\t\t\t\t<\/div>\n\t\t\t\t<\/div>\n\t\t\t\t<\/div>\n\t\t\t\t<\/div>\n\t\t","protected":false},"excerpt":{"rendered":"<p>Accueil \/ Services et m\u00e9tiers \/ Audit Audit L\u2019expertise au service de la transparence Chez Ose Groupe, l&rsquo;audit financier est une composante essentielle de notre activit\u00e9. Nous intervenons pour \u00e9valuer et certifier la conformit\u00e9 des \u00e9tats financiers de nos clients, en respectant les normes comptables en vigueur. Nos \u00e9quipes d\u2019auditeurs exp\u00e9riment\u00e9s effectuent un examen minutieux des documents financiers pour garantir leur exactitude et d\u00e9tecter d&rsquo;\u00e9ventuelles anomalies. Ce processus rigoureux permet d\u2019assurer la transparence des comptes et renforce la confiance des parties prenantes, qu\u2019il s\u2019agisse des actionnaires, des investisseurs ou des partenaires commerciaux. Audit interne Au-del\u00e0 de l\u2019audit financier, Ose Groupe propose \u00e9galement des services d\u2019audit interne pour aider les entreprises \u00e0 optimiser leur organisation interne et \u00e0 mieux g\u00e9rer les risques. Nous analysons les processus de gestion, les contr\u00f4les internes et la gouvernance de nos clients afin de d\u00e9tecter les faiblesses potentielles et d\u2019apporter des recommandations d\u2019am\u00e9lioration. Cet audit interne permet non seulement de r\u00e9duire les risques op\u00e9rationnels, mais aussi d\u2019am\u00e9liorer l&rsquo;efficacit\u00e9 des \u00e9quipes et des proc\u00e9dures, contribuant ainsi \u00e0 une meilleure performance globale de l&rsquo;entreprise. Un accompagnement pour une conformit\u00e9 continue Avec Ose Groupe, l\u2019audit ne se limite pas \u00e0 un contr\u00f4le ponctuel. Nous nous engageons \u00e0 accompagner nos clients dans la mise en place de recommandations et dans la gestion continue de leur conformit\u00e9 l\u00e9gale et r\u00e9glementaire. Notre approche personnalis\u00e9e permet \u00e0 chaque entreprise de b\u00e9n\u00e9ficier d\u2019un suivi adapt\u00e9 \u00e0 son secteur d\u2019activit\u00e9 et \u00e0 ses sp\u00e9cificit\u00e9s. Que ce soit pour une mission d&rsquo;audit l\u00e9gal ou contractuel, Ose Groupe offre un service sur mesure pour garantir la p\u00e9rennit\u00e9 et la conformit\u00e9 des op\u00e9rations financi\u00e8res \u00e0 long terme.<\/p>\n","protected":false},"author":1,"featured_media":857,"parent":0,"menu_order":0,"comment_status":"closed","ping_status":"closed","template":"","meta":{"footnotes":""},"class_list":["post-36","page","type-page","status-publish","has-post-thumbnail","hentry"],"yoast_head":"<!-- This site is optimized with the Yoast SEO plugin v27.3 - https:\/\/yoast.com\/product\/yoast-seo-wordpress\/ -->\n<title>OSE - Audit Professionnel : Diagnostic, Strat\u00e9gies et Solutions sur Mesure<\/title>\n<meta name=\"description\" content=\"Audit professionnel : diagnostic complet, strat\u00e9gies personnalis\u00e9es et solutions sur mesure pour optimiser la performance de votre entreprise\" \/>\n<meta name=\"robots\" content=\"index, follow, max-snippet:-1, max-image-preview:large, max-video-preview:-1\" \/>\n<link rel=\"canonical\" href=\"https:\/\/oseconseils.fr\/index.php\/audit\/\" \/>\n<meta property=\"og:locale\" content=\"fr_FR\" \/>\n<meta property=\"og:type\" content=\"article\" \/>\n<meta property=\"og:title\" content=\"OSE - Audit Professionnel : Diagnostic, Strat\u00e9gies et Solutions sur Mesure\" \/>\n<meta property=\"og:description\" content=\"Audit professionnel : diagnostic complet, strat\u00e9gies personnalis\u00e9es et solutions sur mesure pour optimiser la performance de votre entreprise\" \/>\n<meta property=\"og:url\" content=\"https:\/\/oseconseils.fr\/index.php\/audit\/\" \/>\n<meta property=\"og:site_name\" content=\"OSE\" \/>\n<meta property=\"article:modified_time\" content=\"2024-12-02T08:28:42+00:00\" \/>\n<meta property=\"og:image\" content=\"https:\/\/oseconseils.fr\/wp-content\/uploads\/2024\/10\/AnyConv.com__AdobeStock_375314838.webp\" \/>\n\t<meta property=\"og:image:width\" content=\"2000\" \/>\n\t<meta property=\"og:image:height\" content=\"667\" \/>\n\t<meta property=\"og:image:type\" content=\"image\/webp\" \/>\n<meta name=\"twitter:card\" content=\"summary_large_image\" \/>\n<meta name=\"twitter:label1\" content=\"Dur\u00e9e de lecture estim\u00e9e\" \/>\n\t<meta name=\"twitter:data1\" content=\"2 minutes\" \/>\n<script type=\"application\/ld+json\" class=\"yoast-schema-graph\">{\"@context\":\"https:\\\/\\\/schema.org\",\"@graph\":[{\"@type\":\"WebPage\",\"@id\":\"https:\\\/\\\/oseconseils.fr\\\/index.php\\\/audit\\\/\",\"url\":\"https:\\\/\\\/oseconseils.fr\\\/index.php\\\/audit\\\/\",\"name\":\"OSE - Audit Professionnel : Diagnostic, Strat\u00e9gies et Solutions sur Mesure\",\"isPartOf\":{\"@id\":\"https:\\\/\\\/oseconseils.fr\\\/#website\"},\"primaryImageOfPage\":{\"@id\":\"https:\\\/\\\/oseconseils.fr\\\/index.php\\\/audit\\\/#primaryimage\"},\"image\":{\"@id\":\"https:\\\/\\\/oseconseils.fr\\\/index.php\\\/audit\\\/#primaryimage\"},\"thumbnailUrl\":\"https:\\\/\\\/oseconseils.fr\\\/wp-content\\\/uploads\\\/2024\\\/10\\\/AnyConv.com__AdobeStock_375314838.webp\",\"datePublished\":\"2024-10-11T14:17:29+00:00\",\"dateModified\":\"2024-12-02T08:28:42+00:00\",\"description\":\"Audit professionnel : diagnostic complet, strat\u00e9gies personnalis\u00e9es et solutions sur mesure pour optimiser la performance de votre entreprise\",\"breadcrumb\":{\"@id\":\"https:\\\/\\\/oseconseils.fr\\\/index.php\\\/audit\\\/#breadcrumb\"},\"inLanguage\":\"fr-FR\",\"potentialAction\":[{\"@type\":\"ReadAction\",\"target\":[\"https:\\\/\\\/oseconseils.fr\\\/index.php\\\/audit\\\/\"]}]},{\"@type\":\"ImageObject\",\"inLanguage\":\"fr-FR\",\"@id\":\"https:\\\/\\\/oseconseils.fr\\\/index.php\\\/audit\\\/#primaryimage\",\"url\":\"https:\\\/\\\/oseconseils.fr\\\/wp-content\\\/uploads\\\/2024\\\/10\\\/AnyConv.com__AdobeStock_375314838.webp\",\"contentUrl\":\"https:\\\/\\\/oseconseils.fr\\\/wp-content\\\/uploads\\\/2024\\\/10\\\/AnyConv.com__AdobeStock_375314838.webp\",\"width\":2000,\"height\":667},{\"@type\":\"BreadcrumbList\",\"@id\":\"https:\\\/\\\/oseconseils.fr\\\/index.php\\\/audit\\\/#breadcrumb\",\"itemListElement\":[{\"@type\":\"ListItem\",\"position\":1,\"name\":\"Accueil\",\"item\":\"https:\\\/\\\/oseconseils.fr\\\/\"},{\"@type\":\"ListItem\",\"position\":2,\"name\":\"Audit\"}]},{\"@type\":\"WebSite\",\"@id\":\"https:\\\/\\\/oseconseils.fr\\\/#website\",\"url\":\"https:\\\/\\\/oseconseils.fr\\\/\",\"name\":\"OSE\",\"description\":\"\",\"publisher\":{\"@id\":\"https:\\\/\\\/oseconseils.fr\\\/#organization\"},\"potentialAction\":[{\"@type\":\"SearchAction\",\"target\":{\"@type\":\"EntryPoint\",\"urlTemplate\":\"https:\\\/\\\/oseconseils.fr\\\/?s={search_term_string}\"},\"query-input\":{\"@type\":\"PropertyValueSpecification\",\"valueRequired\":true,\"valueName\":\"search_term_string\"}}],\"inLanguage\":\"fr-FR\"},{\"@type\":\"Organization\",\"@id\":\"https:\\\/\\\/oseconseils.fr\\\/#organization\",\"name\":\"OSE\",\"url\":\"https:\\\/\\\/oseconseils.fr\\\/\",\"logo\":{\"@type\":\"ImageObject\",\"inLanguage\":\"fr-FR\",\"@id\":\"https:\\\/\\\/oseconseils.fr\\\/#\\\/schema\\\/logo\\\/image\\\/\",\"url\":\"https:\\\/\\\/oseconseils.fr\\\/wp-content\\\/uploads\\\/2024\\\/10\\\/AnyConv.com__OSE-LOGO_groupe-blanc.webp\",\"contentUrl\":\"https:\\\/\\\/oseconseils.fr\\\/wp-content\\\/uploads\\\/2024\\\/10\\\/AnyConv.com__OSE-LOGO_groupe-blanc.webp\",\"width\":1303,\"height\":684,\"caption\":\"OSE\"},\"image\":{\"@id\":\"https:\\\/\\\/oseconseils.fr\\\/#\\\/schema\\\/logo\\\/image\\\/\"},\"sameAs\":[\"https:\\\/\\\/www.linkedin.com\\\/company\\\/oseconseils\\\/posts\\\/?feedView=all\"]}]}<\/script>\n<!-- \/ Yoast SEO plugin. -->","yoast_head_json":{"title":"OSE - Audit Professionnel : Diagnostic, Strat\u00e9gies et Solutions sur Mesure","description":"Audit professionnel : diagnostic complet, strat\u00e9gies personnalis\u00e9es et solutions sur mesure pour optimiser la performance de votre entreprise","robots":{"index":"index","follow":"follow","max-snippet":"max-snippet:-1","max-image-preview":"max-image-preview:large","max-video-preview":"max-video-preview:-1"},"canonical":"https:\/\/oseconseils.fr\/index.php\/audit\/","og_locale":"fr_FR","og_type":"article","og_title":"OSE - Audit Professionnel : Diagnostic, Strat\u00e9gies et Solutions sur Mesure","og_description":"Audit professionnel : diagnostic complet, strat\u00e9gies personnalis\u00e9es et solutions sur mesure pour optimiser la performance de votre entreprise","og_url":"https:\/\/oseconseils.fr\/index.php\/audit\/","og_site_name":"OSE","article_modified_time":"2024-12-02T08:28:42+00:00","og_image":[{"width":2000,"height":667,"url":"https:\/\/oseconseils.fr\/wp-content\/uploads\/2024\/10\/AnyConv.com__AdobeStock_375314838.webp","type":"image\/webp"}],"twitter_card":"summary_large_image","twitter_misc":{"Dur\u00e9e de lecture estim\u00e9e":"2 minutes"},"schema":{"@context":"https:\/\/schema.org","@graph":[{"@type":"WebPage","@id":"https:\/\/oseconseils.fr\/index.php\/audit\/","url":"https:\/\/oseconseils.fr\/index.php\/audit\/","name":"OSE - Audit Professionnel : Diagnostic, Strat\u00e9gies et Solutions sur Mesure","isPartOf":{"@id":"https:\/\/oseconseils.fr\/#website"},"primaryImageOfPage":{"@id":"https:\/\/oseconseils.fr\/index.php\/audit\/#primaryimage"},"image":{"@id":"https:\/\/oseconseils.fr\/index.php\/audit\/#primaryimage"},"thumbnailUrl":"https:\/\/oseconseils.fr\/wp-content\/uploads\/2024\/10\/AnyConv.com__AdobeStock_375314838.webp","datePublished":"2024-10-11T14:17:29+00:00","dateModified":"2024-12-02T08:28:42+00:00","description":"Audit professionnel : diagnostic complet, strat\u00e9gies personnalis\u00e9es et solutions sur mesure pour optimiser la performance de votre entreprise","breadcrumb":{"@id":"https:\/\/oseconseils.fr\/index.php\/audit\/#breadcrumb"},"inLanguage":"fr-FR","potentialAction":[{"@type":"ReadAction","target":["https:\/\/oseconseils.fr\/index.php\/audit\/"]}]},{"@type":"ImageObject","inLanguage":"fr-FR","@id":"https:\/\/oseconseils.fr\/index.php\/audit\/#primaryimage","url":"https:\/\/oseconseils.fr\/wp-content\/uploads\/2024\/10\/AnyConv.com__AdobeStock_375314838.webp","contentUrl":"https:\/\/oseconseils.fr\/wp-content\/uploads\/2024\/10\/AnyConv.com__AdobeStock_375314838.webp","width":2000,"height":667},{"@type":"BreadcrumbList","@id":"https:\/\/oseconseils.fr\/index.php\/audit\/#breadcrumb","itemListElement":[{"@type":"ListItem","position":1,"name":"Accueil","item":"https:\/\/oseconseils.fr\/"},{"@type":"ListItem","position":2,"name":"Audit"}]},{"@type":"WebSite","@id":"https:\/\/oseconseils.fr\/#website","url":"https:\/\/oseconseils.fr\/","name":"OSE","description":"","publisher":{"@id":"https:\/\/oseconseils.fr\/#organization"},"potentialAction":[{"@type":"SearchAction","target":{"@type":"EntryPoint","urlTemplate":"https:\/\/oseconseils.fr\/?s={search_term_string}"},"query-input":{"@type":"PropertyValueSpecification","valueRequired":true,"valueName":"search_term_string"}}],"inLanguage":"fr-FR"},{"@type":"Organization","@id":"https:\/\/oseconseils.fr\/#organization","name":"OSE","url":"https:\/\/oseconseils.fr\/","logo":{"@type":"ImageObject","inLanguage":"fr-FR","@id":"https:\/\/oseconseils.fr\/#\/schema\/logo\/image\/","url":"https:\/\/oseconseils.fr\/wp-content\/uploads\/2024\/10\/AnyConv.com__OSE-LOGO_groupe-blanc.webp","contentUrl":"https:\/\/oseconseils.fr\/wp-content\/uploads\/2024\/10\/AnyConv.com__OSE-LOGO_groupe-blanc.webp","width":1303,"height":684,"caption":"OSE"},"image":{"@id":"https:\/\/oseconseils.fr\/#\/schema\/logo\/image\/"},"sameAs":["https:\/\/www.linkedin.com\/company\/oseconseils\/posts\/?feedView=all"]}]}},"_links":{"self":[{"href":"https:\/\/oseconseils.fr\/index.php\/wp-json\/wp\/v2\/pages\/36","targetHints":{"allow":["GET"]}}],"collection":[{"href":"https:\/\/oseconseils.fr\/index.php\/wp-json\/wp\/v2\/pages"}],"about":[{"href":"https:\/\/oseconseils.fr\/index.php\/wp-json\/wp\/v2\/types\/page"}],"author":[{"embeddable":true,"href":"https:\/\/oseconseils.fr\/index.php\/wp-json\/wp\/v2\/users\/1"}],"replies":[{"embeddable":true,"href":"https:\/\/oseconseils.fr\/index.php\/wp-json\/wp\/v2\/comments?post=36"}],"version-history":[{"count":145,"href":"https:\/\/oseconseils.fr\/index.php\/wp-json\/wp\/v2\/pages\/36\/revisions"}],"predecessor-version":[{"id":2347,"href":"https:\/\/oseconseils.fr\/index.php\/wp-json\/wp\/v2\/pages\/36\/revisions\/2347"}],"wp:featuredmedia":[{"embeddable":true,"href":"https:\/\/oseconseils.fr\/index.php\/wp-json\/wp\/v2\/media\/857"}],"wp:attachment":[{"href":"https:\/\/oseconseils.fr\/index.php\/wp-json\/wp\/v2\/media?parent=36"}],"curies":[{"name":"wp","href":"https:\/\/api.w.org\/{rel}","templated":true}]}}