{"id":38,"date":"2024-10-11T16:17:46","date_gmt":"2024-10-11T14:17:46","guid":{"rendered":"http:\/\/localhost\/OSE\/?page_id=38"},"modified":"2024-12-02T10:09:15","modified_gmt":"2024-12-02T09:09:15","slug":"paie-rh","status":"publish","type":"page","link":"https:\/\/oseconseils.fr\/index.php\/paie-rh\/","title":{"rendered":"Paie &amp; RH"},"content":{"rendered":"\t\t<div data-elementor-type=\"wp-page\" data-elementor-id=\"38\" class=\"elementor elementor-38\">\n\t\t\t\t<div class=\"elementor-element elementor-element-8b1e4ca e-con-full e-flex wpr-particle-no wpr-jarallax-no wpr-parallax-no wpr-sticky-section-no e-con e-parent\" data-id=\"8b1e4ca\" data-element_type=\"container\" data-e-type=\"container\">\n\t\t\t\t<div class=\"elementor-element elementor-element-a497003 elementor-widget__width-inherit elementor-absolute elementor-widget elementor-widget-image\" data-id=\"a497003\" data-element_type=\"widget\" data-e-type=\"widget\" data-settings=\"{&quot;_position&quot;:&quot;absolute&quot;}\" data-widget_type=\"image.default\">\n\t\t\t\t<div class=\"elementor-widget-container\">\n\t\t\t\t\t\t\t\t\t\t\t\t\t\t\t<img fetchpriority=\"high\" decoding=\"async\" width=\"800\" height=\"533\" src=\"https:\/\/oseconseils.fr\/wp-content\/uploads\/2024\/10\/AnyConv.com__AdobeStock_261880077-copie-1024x682.webp\" class=\"attachment-large size-large wp-image-805\" alt=\"\" srcset=\"https:\/\/oseconseils.fr\/wp-content\/uploads\/2024\/10\/AnyConv.com__AdobeStock_261880077-copie-1024x682.webp 1024w, https:\/\/oseconseils.fr\/wp-content\/uploads\/2024\/10\/AnyConv.com__AdobeStock_261880077-copie-300x200.webp 300w, https:\/\/oseconseils.fr\/wp-content\/uploads\/2024\/10\/AnyConv.com__AdobeStock_261880077-copie-768x512.webp 768w, https:\/\/oseconseils.fr\/wp-content\/uploads\/2024\/10\/AnyConv.com__AdobeStock_261880077-copie-1536x1024.webp 1536w, https:\/\/oseconseils.fr\/wp-content\/uploads\/2024\/10\/AnyConv.com__AdobeStock_261880077-copie.webp 2000w\" sizes=\"(max-width: 800px) 100vw, 800px\" \/>\t\t\t\t\t\t\t\t\t\t\t\t\t\t\t<\/div>\n\t\t\t\t<\/div>\n\t\t\t\t<\/div>\n\t\t<div class=\"elementor-element elementor-element-db402ef e-con-full e-flex wpr-particle-no wpr-jarallax-no wpr-parallax-no wpr-sticky-section-no e-con e-parent\" data-id=\"db402ef\" data-element_type=\"container\" data-e-type=\"container\">\n\t\t\t\t<div class=\"elementor-element elementor-element-b36c6c4 elementor-widget elementor-widget-heading\" data-id=\"b36c6c4\" data-element_type=\"widget\" data-e-type=\"widget\" data-widget_type=\"heading.default\">\n\t\t\t\t<div class=\"elementor-widget-container\">\n\t\t\t\t\t<h2 class=\"elementor-heading-title elementor-size-default\">Accueil \/ Services et m\u00e9tiers \/ Paie &amp; RH\u200b<\/h2>\t\t\t\t<\/div>\n\t\t\t\t<\/div>\n\t\t\t\t<div class=\"elementor-element elementor-element-e8d786a elementor-widget elementor-widget-heading\" data-id=\"e8d786a\" data-element_type=\"widget\" data-e-type=\"widget\" data-widget_type=\"heading.default\">\n\t\t\t\t<div class=\"elementor-widget-container\">\n\t\t\t\t\t<h2 class=\"elementor-heading-title elementor-size-default\">Paie &amp; RH\u200b<\/h2>\t\t\t\t<\/div>\n\t\t\t\t<\/div>\n\t\t\t\t<\/div>\n\t\t<div class=\"elementor-element elementor-element-ee85a55 e-con-full e-flex wpr-particle-no wpr-jarallax-no wpr-parallax-no wpr-sticky-section-no e-con e-parent\" data-id=\"ee85a55\" data-element_type=\"container\" data-e-type=\"container\">\n\t\t\t\t<div class=\"elementor-element elementor-element-329b28b elementor-widget elementor-widget-heading\" data-id=\"329b28b\" data-element_type=\"widget\" data-e-type=\"widget\" data-widget_type=\"heading.default\">\n\t\t\t\t<div class=\"elementor-widget-container\">\n\t\t\t\t\t<h2 class=\"elementor-heading-title elementor-size-default\">Gestion de la paie : un service complet et s\u00e9curis\u00e9<\/h2>\t\t\t\t<\/div>\n\t\t\t\t<\/div>\n\t\t\t\t<div class=\"elementor-element elementor-element-4828e88 elementor-widget elementor-widget-text-editor\" data-id=\"4828e88\" data-element_type=\"widget\" data-e-type=\"widget\" data-widget_type=\"text-editor.default\">\n\t\t\t\t<div class=\"elementor-widget-container\">\n\t\t\t\t\t\t\t\t\t<p>Au sein d&rsquo;Ose Group, le m\u00e9tier de la paie est fondamental pour assurer une r\u00e9mun\u00e9ration juste et conforme aux attentes des employ\u00e9s. Les experts en paie sont responsables de la pr\u00e9paration des bulletins de salaire, int\u00e9grant les \u00e9l\u00e9ments variables tels que les heures suppl\u00e9mentaires, les primes et les cong\u00e9s. Ils veillent \u00e9galement au respect des normes l\u00e9gales et r\u00e9glementaires, garantissant ainsi une gestion rigoureuse et transparente. Leur r\u00f4le est crucial pour maintenir la confiance des employ\u00e9s et assurer une bonne ambiance de travail.<\/p>\t\t\t\t\t\t\t\t<\/div>\n\t\t\t\t<\/div>\n\t\t\t\t<div class=\"elementor-element elementor-element-1287efa elementor-widget__width-inherit elementor-widget elementor-widget-image\" data-id=\"1287efa\" data-element_type=\"widget\" data-e-type=\"widget\" data-widget_type=\"image.default\">\n\t\t\t\t<div class=\"elementor-widget-container\">\n\t\t\t\t\t\t\t\t\t\t\t\t\t\t\t<img decoding=\"async\" width=\"2000\" height=\"1143\" src=\"https:\/\/oseconseils.fr\/wp-content\/uploads\/2024\/10\/AnyConv.com__AdobeStock_822224619.webp\" class=\"attachment-2048x2048 size-2048x2048 wp-image-873\" alt=\"\" srcset=\"https:\/\/oseconseils.fr\/wp-content\/uploads\/2024\/10\/AnyConv.com__AdobeStock_822224619.webp 2000w, https:\/\/oseconseils.fr\/wp-content\/uploads\/2024\/10\/AnyConv.com__AdobeStock_822224619-300x171.webp 300w, https:\/\/oseconseils.fr\/wp-content\/uploads\/2024\/10\/AnyConv.com__AdobeStock_822224619-1024x585.webp 1024w, https:\/\/oseconseils.fr\/wp-content\/uploads\/2024\/10\/AnyConv.com__AdobeStock_822224619-768x439.webp 768w, https:\/\/oseconseils.fr\/wp-content\/uploads\/2024\/10\/AnyConv.com__AdobeStock_822224619-1536x878.webp 1536w\" sizes=\"(max-width: 2000px) 100vw, 2000px\" \/>\t\t\t\t\t\t\t\t\t\t\t\t\t\t\t<\/div>\n\t\t\t\t<\/div>\n\t\t\t\t<\/div>\n\t\t<div class=\"elementor-element elementor-element-0c13895 e-grid e-con-full wpr-particle-no wpr-jarallax-no wpr-parallax-no wpr-sticky-section-no e-con e-parent\" data-id=\"0c13895\" data-element_type=\"container\" data-e-type=\"container\">\n\t\t<div class=\"elementor-element elementor-element-129f452 e-flex e-con-boxed wpr-particle-no wpr-jarallax-no wpr-parallax-no wpr-sticky-section-no e-con e-child\" data-id=\"129f452\" data-element_type=\"container\" data-e-type=\"container\">\n\t\t\t\t\t<div class=\"e-con-inner\">\n\t\t\t\t<div class=\"elementor-element elementor-element-4b91ac9 elementor-widget elementor-widget-heading\" data-id=\"4b91ac9\" data-element_type=\"widget\" data-e-type=\"widget\" data-widget_type=\"heading.default\">\n\t\t\t\t<div class=\"elementor-widget-container\">\n\t\t\t\t\t<h2 class=\"elementor-heading-title elementor-size-default\">Ressources Humaines : \u2028un moteur de performance<\/h2>\t\t\t\t<\/div>\n\t\t\t\t<\/div>\n\t\t\t\t<div class=\"elementor-element elementor-element-5db5878 elementor-widget elementor-widget-text-editor\" data-id=\"5db5878\" data-element_type=\"widget\" data-e-type=\"widget\" data-widget_type=\"text-editor.default\">\n\t\t\t\t<div class=\"elementor-widget-container\">\n\t\t\t\t\t\t\t\t\t<p>Le d\u00e9partement des ressources humaines chez Ose Group est au c\u0153ur de la strat\u00e9gie de gestion des talents. Les professionnels RH se chargent du recrutement, de l\u2019int\u00e9gration des nouveaux collaborateurs et de la gestion des carri\u00e8res. Ils mettent en place des programmes de formation et de d\u00e9veloppement personnel, visant \u00e0 maximiser le potentiel des employ\u00e9s et \u00e0 favoriser leur \u00e9panouissement. En cultivant une culture d&rsquo;entreprise positive, l&rsquo;\u00e9quipe RH contribue \u00e0 renforcer l&rsquo;engagement et la motivation des \u00e9quipes.<\/p>\t\t\t\t\t\t\t\t<\/div>\n\t\t\t\t<\/div>\n\t\t\t\t\t<\/div>\n\t\t\t\t<\/div>\n\t\t\t\t<div class=\"elementor-element elementor-element-605740c elementor-widget elementor-widget-image\" data-id=\"605740c\" data-element_type=\"widget\" data-e-type=\"widget\" data-widget_type=\"image.default\">\n\t\t\t\t<div class=\"elementor-widget-container\">\n\t\t\t\t\t\t\t\t\t\t\t\t\t\t\t<img decoding=\"async\" width=\"800\" height=\"534\" src=\"https:\/\/oseconseils.fr\/wp-content\/uploads\/2024\/10\/AnyConv.com__AdobeStock_289812318-1024x684.webp\" class=\"attachment-large size-large wp-image-871\" alt=\"\" srcset=\"https:\/\/oseconseils.fr\/wp-content\/uploads\/2024\/10\/AnyConv.com__AdobeStock_289812318-1024x684.webp 1024w, https:\/\/oseconseils.fr\/wp-content\/uploads\/2024\/10\/AnyConv.com__AdobeStock_289812318-300x200.webp 300w, https:\/\/oseconseils.fr\/wp-content\/uploads\/2024\/10\/AnyConv.com__AdobeStock_289812318-768x513.webp 768w, https:\/\/oseconseils.fr\/wp-content\/uploads\/2024\/10\/AnyConv.com__AdobeStock_289812318-1536x1025.webp 1536w, https:\/\/oseconseils.fr\/wp-content\/uploads\/2024\/10\/AnyConv.com__AdobeStock_289812318.webp 2000w\" sizes=\"(max-width: 800px) 100vw, 800px\" \/>\t\t\t\t\t\t\t\t\t\t\t\t\t\t\t<\/div>\n\t\t\t\t<\/div>\n\t\t\t\t<\/div>\n\t\t<div class=\"elementor-element elementor-element-005f854 e-con-full e-flex wpr-particle-no wpr-jarallax-no wpr-parallax-no wpr-sticky-section-no e-con e-parent\" data-id=\"005f854\" data-element_type=\"container\" data-e-type=\"container\">\n\t\t\t\t<div class=\"elementor-element elementor-element-5112ea5 elementor-widget elementor-widget-heading\" data-id=\"5112ea5\" data-element_type=\"widget\" data-e-type=\"widget\" data-widget_type=\"heading.default\">\n\t\t\t\t<div class=\"elementor-widget-container\">\n\t\t\t\t\t<h2 class=\"elementor-heading-title elementor-size-default\">Synergie entre Paie et Ressources Humaines<\/h2>\t\t\t\t<\/div>\n\t\t\t\t<\/div>\n\t\t\t\t<div class=\"elementor-element elementor-element-882f631 elementor-widget elementor-widget-text-editor\" data-id=\"882f631\" data-element_type=\"widget\" data-e-type=\"widget\" data-widget_type=\"text-editor.default\">\n\t\t\t\t<div class=\"elementor-widget-container\">\n\t\t\t\t\t\t\t\t\t<p>La collaboration entre les d\u00e9partements de la paie et des ressources humaines est essentielle chez Ose Group. Cette synergie permet une gestion fluide et efficace des ressources humaines, garantissant que les donn\u00e9es concernant les employ\u00e9s sont \u00e0 jour et coh\u00e9rentes. Ensemble, ces \u00e9quipes optimisent les processus administratifs et am\u00e9liorent la qualit\u00e9 de service, ce qui a un impact direct sur la satisfaction des employ\u00e9s. Leur objectif commun est de cr\u00e9er un environnement de travail dynamique et inclusif, propice \u00e0 l\u2019\u00e9panouissement de chacun.<\/p>\t\t\t\t\t\t\t\t<\/div>\n\t\t\t\t<\/div>\n\t\t\t\t<\/div>\n\t\t\t\t<\/div>\n\t\t","protected":false},"excerpt":{"rendered":"<p>Accueil \/ Services et m\u00e9tiers \/ Paie &amp; RH\u200b Paie &amp; RH\u200b Gestion de la paie : un service complet et s\u00e9curis\u00e9 Au sein d&rsquo;Ose Group, le m\u00e9tier de la paie est fondamental pour assurer une r\u00e9mun\u00e9ration juste et conforme aux attentes des employ\u00e9s. Les experts en paie sont responsables de la pr\u00e9paration des bulletins de salaire, int\u00e9grant les \u00e9l\u00e9ments variables tels que les heures suppl\u00e9mentaires, les primes et les cong\u00e9s. Ils veillent \u00e9galement au respect des normes l\u00e9gales et r\u00e9glementaires, garantissant ainsi une gestion rigoureuse et transparente. Leur r\u00f4le est crucial pour maintenir la confiance des employ\u00e9s et assurer une bonne ambiance de travail. Ressources Humaines : \u2028un moteur de performance Le d\u00e9partement des ressources humaines chez Ose Group est au c\u0153ur de la strat\u00e9gie de gestion des talents. Les professionnels RH se chargent du recrutement, de l\u2019int\u00e9gration des nouveaux collaborateurs et de la gestion des carri\u00e8res. Ils mettent en place des programmes de formation et de d\u00e9veloppement personnel, visant \u00e0 maximiser le potentiel des employ\u00e9s et \u00e0 favoriser leur \u00e9panouissement. En cultivant une culture d&rsquo;entreprise positive, l&rsquo;\u00e9quipe RH contribue \u00e0 renforcer l&rsquo;engagement et la motivation des \u00e9quipes. Synergie entre Paie et Ressources Humaines La collaboration entre les d\u00e9partements de la paie et des ressources humaines est essentielle chez Ose Group. Cette synergie permet une gestion fluide et efficace des ressources humaines, garantissant que les donn\u00e9es concernant les employ\u00e9s sont \u00e0 jour et coh\u00e9rentes. Ensemble, ces \u00e9quipes optimisent les processus administratifs et am\u00e9liorent la qualit\u00e9 de service, ce qui a un impact direct sur la satisfaction des employ\u00e9s. Leur objectif commun est de cr\u00e9er un environnement de travail dynamique et inclusif, propice \u00e0 l\u2019\u00e9panouissement de chacun.<\/p>\n","protected":false},"author":1,"featured_media":805,"parent":0,"menu_order":0,"comment_status":"closed","ping_status":"closed","template":"","meta":{"footnotes":""},"class_list":["post-38","page","type-page","status-publish","has-post-thumbnail","hentry"],"yoast_head":"<!-- This site is optimized with the Yoast SEO plugin v27.3 - https:\/\/yoast.com\/product\/yoast-seo-wordpress\/ -->\n<title>OSE - Paie &amp; RH : Expertise pour Optimiser Votre Gestion du Personnel<\/title>\n<meta name=\"description\" content=\"D\u00e9couvrez nos solutions de gestion de la paie et des ressources humaines pour optimiser l&#039;administration de votre personnel.\" \/>\n<meta name=\"robots\" content=\"index, follow, max-snippet:-1, max-image-preview:large, max-video-preview:-1\" \/>\n<link rel=\"canonical\" href=\"https:\/\/oseconseils.fr\/index.php\/paie-rh\/\" \/>\n<meta property=\"og:locale\" content=\"fr_FR\" \/>\n<meta property=\"og:type\" content=\"article\" \/>\n<meta property=\"og:title\" content=\"OSE - Paie &amp; RH : Expertise pour Optimiser Votre Gestion du Personnel\" \/>\n<meta property=\"og:description\" content=\"D\u00e9couvrez nos solutions de gestion de la paie et des ressources humaines pour optimiser l&#039;administration de votre personnel.\" \/>\n<meta property=\"og:url\" content=\"https:\/\/oseconseils.fr\/index.php\/paie-rh\/\" \/>\n<meta property=\"og:site_name\" content=\"OSE\" \/>\n<meta property=\"article:modified_time\" content=\"2024-12-02T09:09:15+00:00\" \/>\n<meta property=\"og:image\" content=\"https:\/\/oseconseils.fr\/wp-content\/uploads\/2024\/10\/AnyConv.com__AdobeStock_261880077-copie.webp\" \/>\n\t<meta property=\"og:image:width\" content=\"2000\" \/>\n\t<meta property=\"og:image:height\" content=\"1333\" \/>\n\t<meta property=\"og:image:type\" content=\"image\/webp\" \/>\n<meta name=\"twitter:card\" content=\"summary_large_image\" \/>\n<meta name=\"twitter:label1\" content=\"Dur\u00e9e de lecture estim\u00e9e\" \/>\n\t<meta name=\"twitter:data1\" content=\"2 minutes\" \/>\n<script type=\"application\/ld+json\" class=\"yoast-schema-graph\">{\"@context\":\"https:\\\/\\\/schema.org\",\"@graph\":[{\"@type\":\"WebPage\",\"@id\":\"https:\\\/\\\/oseconseils.fr\\\/index.php\\\/paie-rh\\\/\",\"url\":\"https:\\\/\\\/oseconseils.fr\\\/index.php\\\/paie-rh\\\/\",\"name\":\"OSE - Paie &amp; RH : Expertise pour Optimiser Votre Gestion du Personnel\",\"isPartOf\":{\"@id\":\"https:\\\/\\\/oseconseils.fr\\\/#website\"},\"primaryImageOfPage\":{\"@id\":\"https:\\\/\\\/oseconseils.fr\\\/index.php\\\/paie-rh\\\/#primaryimage\"},\"image\":{\"@id\":\"https:\\\/\\\/oseconseils.fr\\\/index.php\\\/paie-rh\\\/#primaryimage\"},\"thumbnailUrl\":\"https:\\\/\\\/oseconseils.fr\\\/wp-content\\\/uploads\\\/2024\\\/10\\\/AnyConv.com__AdobeStock_261880077-copie.webp\",\"datePublished\":\"2024-10-11T14:17:46+00:00\",\"dateModified\":\"2024-12-02T09:09:15+00:00\",\"description\":\"D\u00e9couvrez nos solutions de gestion de la paie et des ressources humaines pour optimiser l'administration de votre personnel.\",\"breadcrumb\":{\"@id\":\"https:\\\/\\\/oseconseils.fr\\\/index.php\\\/paie-rh\\\/#breadcrumb\"},\"inLanguage\":\"fr-FR\",\"potentialAction\":[{\"@type\":\"ReadAction\",\"target\":[\"https:\\\/\\\/oseconseils.fr\\\/index.php\\\/paie-rh\\\/\"]}]},{\"@type\":\"ImageObject\",\"inLanguage\":\"fr-FR\",\"@id\":\"https:\\\/\\\/oseconseils.fr\\\/index.php\\\/paie-rh\\\/#primaryimage\",\"url\":\"https:\\\/\\\/oseconseils.fr\\\/wp-content\\\/uploads\\\/2024\\\/10\\\/AnyConv.com__AdobeStock_261880077-copie.webp\",\"contentUrl\":\"https:\\\/\\\/oseconseils.fr\\\/wp-content\\\/uploads\\\/2024\\\/10\\\/AnyConv.com__AdobeStock_261880077-copie.webp\",\"width\":2000,\"height\":1333},{\"@type\":\"BreadcrumbList\",\"@id\":\"https:\\\/\\\/oseconseils.fr\\\/index.php\\\/paie-rh\\\/#breadcrumb\",\"itemListElement\":[{\"@type\":\"ListItem\",\"position\":1,\"name\":\"Accueil\",\"item\":\"https:\\\/\\\/oseconseils.fr\\\/\"},{\"@type\":\"ListItem\",\"position\":2,\"name\":\"Paie &amp; RH\"}]},{\"@type\":\"WebSite\",\"@id\":\"https:\\\/\\\/oseconseils.fr\\\/#website\",\"url\":\"https:\\\/\\\/oseconseils.fr\\\/\",\"name\":\"OSE\",\"description\":\"\",\"publisher\":{\"@id\":\"https:\\\/\\\/oseconseils.fr\\\/#organization\"},\"potentialAction\":[{\"@type\":\"SearchAction\",\"target\":{\"@type\":\"EntryPoint\",\"urlTemplate\":\"https:\\\/\\\/oseconseils.fr\\\/?s={search_term_string}\"},\"query-input\":{\"@type\":\"PropertyValueSpecification\",\"valueRequired\":true,\"valueName\":\"search_term_string\"}}],\"inLanguage\":\"fr-FR\"},{\"@type\":\"Organization\",\"@id\":\"https:\\\/\\\/oseconseils.fr\\\/#organization\",\"name\":\"OSE\",\"url\":\"https:\\\/\\\/oseconseils.fr\\\/\",\"logo\":{\"@type\":\"ImageObject\",\"inLanguage\":\"fr-FR\",\"@id\":\"https:\\\/\\\/oseconseils.fr\\\/#\\\/schema\\\/logo\\\/image\\\/\",\"url\":\"https:\\\/\\\/oseconseils.fr\\\/wp-content\\\/uploads\\\/2024\\\/10\\\/AnyConv.com__OSE-LOGO_groupe-blanc.webp\",\"contentUrl\":\"https:\\\/\\\/oseconseils.fr\\\/wp-content\\\/uploads\\\/2024\\\/10\\\/AnyConv.com__OSE-LOGO_groupe-blanc.webp\",\"width\":1303,\"height\":684,\"caption\":\"OSE\"},\"image\":{\"@id\":\"https:\\\/\\\/oseconseils.fr\\\/#\\\/schema\\\/logo\\\/image\\\/\"},\"sameAs\":[\"https:\\\/\\\/www.linkedin.com\\\/company\\\/oseconseils\\\/posts\\\/?feedView=all\"]}]}<\/script>\n<!-- \/ Yoast SEO plugin. -->","yoast_head_json":{"title":"OSE - Paie &amp; RH : Expertise pour Optimiser Votre Gestion du Personnel","description":"D\u00e9couvrez nos solutions de gestion de la paie et des ressources humaines pour optimiser l'administration de votre personnel.","robots":{"index":"index","follow":"follow","max-snippet":"max-snippet:-1","max-image-preview":"max-image-preview:large","max-video-preview":"max-video-preview:-1"},"canonical":"https:\/\/oseconseils.fr\/index.php\/paie-rh\/","og_locale":"fr_FR","og_type":"article","og_title":"OSE - Paie &amp; RH : Expertise pour Optimiser Votre Gestion du Personnel","og_description":"D\u00e9couvrez nos solutions de gestion de la paie et des ressources humaines pour optimiser l'administration de votre personnel.","og_url":"https:\/\/oseconseils.fr\/index.php\/paie-rh\/","og_site_name":"OSE","article_modified_time":"2024-12-02T09:09:15+00:00","og_image":[{"width":2000,"height":1333,"url":"https:\/\/oseconseils.fr\/wp-content\/uploads\/2024\/10\/AnyConv.com__AdobeStock_261880077-copie.webp","type":"image\/webp"}],"twitter_card":"summary_large_image","twitter_misc":{"Dur\u00e9e de lecture estim\u00e9e":"2 minutes"},"schema":{"@context":"https:\/\/schema.org","@graph":[{"@type":"WebPage","@id":"https:\/\/oseconseils.fr\/index.php\/paie-rh\/","url":"https:\/\/oseconseils.fr\/index.php\/paie-rh\/","name":"OSE - Paie &amp; RH : Expertise pour Optimiser Votre Gestion du Personnel","isPartOf":{"@id":"https:\/\/oseconseils.fr\/#website"},"primaryImageOfPage":{"@id":"https:\/\/oseconseils.fr\/index.php\/paie-rh\/#primaryimage"},"image":{"@id":"https:\/\/oseconseils.fr\/index.php\/paie-rh\/#primaryimage"},"thumbnailUrl":"https:\/\/oseconseils.fr\/wp-content\/uploads\/2024\/10\/AnyConv.com__AdobeStock_261880077-copie.webp","datePublished":"2024-10-11T14:17:46+00:00","dateModified":"2024-12-02T09:09:15+00:00","description":"D\u00e9couvrez nos solutions de gestion de la paie et des ressources humaines pour optimiser l'administration de votre personnel.","breadcrumb":{"@id":"https:\/\/oseconseils.fr\/index.php\/paie-rh\/#breadcrumb"},"inLanguage":"fr-FR","potentialAction":[{"@type":"ReadAction","target":["https:\/\/oseconseils.fr\/index.php\/paie-rh\/"]}]},{"@type":"ImageObject","inLanguage":"fr-FR","@id":"https:\/\/oseconseils.fr\/index.php\/paie-rh\/#primaryimage","url":"https:\/\/oseconseils.fr\/wp-content\/uploads\/2024\/10\/AnyConv.com__AdobeStock_261880077-copie.webp","contentUrl":"https:\/\/oseconseils.fr\/wp-content\/uploads\/2024\/10\/AnyConv.com__AdobeStock_261880077-copie.webp","width":2000,"height":1333},{"@type":"BreadcrumbList","@id":"https:\/\/oseconseils.fr\/index.php\/paie-rh\/#breadcrumb","itemListElement":[{"@type":"ListItem","position":1,"name":"Accueil","item":"https:\/\/oseconseils.fr\/"},{"@type":"ListItem","position":2,"name":"Paie &amp; RH"}]},{"@type":"WebSite","@id":"https:\/\/oseconseils.fr\/#website","url":"https:\/\/oseconseils.fr\/","name":"OSE","description":"","publisher":{"@id":"https:\/\/oseconseils.fr\/#organization"},"potentialAction":[{"@type":"SearchAction","target":{"@type":"EntryPoint","urlTemplate":"https:\/\/oseconseils.fr\/?s={search_term_string}"},"query-input":{"@type":"PropertyValueSpecification","valueRequired":true,"valueName":"search_term_string"}}],"inLanguage":"fr-FR"},{"@type":"Organization","@id":"https:\/\/oseconseils.fr\/#organization","name":"OSE","url":"https:\/\/oseconseils.fr\/","logo":{"@type":"ImageObject","inLanguage":"fr-FR","@id":"https:\/\/oseconseils.fr\/#\/schema\/logo\/image\/","url":"https:\/\/oseconseils.fr\/wp-content\/uploads\/2024\/10\/AnyConv.com__OSE-LOGO_groupe-blanc.webp","contentUrl":"https:\/\/oseconseils.fr\/wp-content\/uploads\/2024\/10\/AnyConv.com__OSE-LOGO_groupe-blanc.webp","width":1303,"height":684,"caption":"OSE"},"image":{"@id":"https:\/\/oseconseils.fr\/#\/schema\/logo\/image\/"},"sameAs":["https:\/\/www.linkedin.com\/company\/oseconseils\/posts\/?feedView=all"]}]}},"_links":{"self":[{"href":"https:\/\/oseconseils.fr\/index.php\/wp-json\/wp\/v2\/pages\/38","targetHints":{"allow":["GET"]}}],"collection":[{"href":"https:\/\/oseconseils.fr\/index.php\/wp-json\/wp\/v2\/pages"}],"about":[{"href":"https:\/\/oseconseils.fr\/index.php\/wp-json\/wp\/v2\/types\/page"}],"author":[{"embeddable":true,"href":"https:\/\/oseconseils.fr\/index.php\/wp-json\/wp\/v2\/users\/1"}],"replies":[{"embeddable":true,"href":"https:\/\/oseconseils.fr\/index.php\/wp-json\/wp\/v2\/comments?post=38"}],"version-history":[{"count":73,"href":"https:\/\/oseconseils.fr\/index.php\/wp-json\/wp\/v2\/pages\/38\/revisions"}],"predecessor-version":[{"id":2376,"href":"https:\/\/oseconseils.fr\/index.php\/wp-json\/wp\/v2\/pages\/38\/revisions\/2376"}],"wp:featuredmedia":[{"embeddable":true,"href":"https:\/\/oseconseils.fr\/index.php\/wp-json\/wp\/v2\/media\/805"}],"wp:attachment":[{"href":"https:\/\/oseconseils.fr\/index.php\/wp-json\/wp\/v2\/media?parent=38"}],"curies":[{"name":"wp","href":"https:\/\/api.w.org\/{rel}","templated":true}]}}