{"id":40,"date":"2024-10-11T16:18:12","date_gmt":"2024-10-11T14:18:12","guid":{"rendered":"http:\/\/localhost\/OSE\/?page_id=40"},"modified":"2024-12-02T09:31:21","modified_gmt":"2024-12-02T08:31:21","slug":"comptabilite-et-juridique","status":"publish","type":"page","link":"https:\/\/oseconseils.fr\/index.php\/comptabilite-et-juridique\/","title":{"rendered":"Comptabilit\u00e9 et juridique"},"content":{"rendered":"\t\t<div data-elementor-type=\"wp-page\" data-elementor-id=\"40\" class=\"elementor elementor-40\">\n\t\t\t\t<div class=\"elementor-element elementor-element-397c046 e-flex e-con-boxed wpr-particle-no wpr-jarallax-no wpr-parallax-no wpr-sticky-section-no e-con e-parent\" data-id=\"397c046\" data-element_type=\"container\" data-e-type=\"container\">\n\t\t\t\t\t<div class=\"e-con-inner\">\n\t\t\t\t<div class=\"elementor-element elementor-element-eca7bfa elementor-widget__width-inherit elementor-absolute elementor-widget elementor-widget-image\" data-id=\"eca7bfa\" data-element_type=\"widget\" data-e-type=\"widget\" data-settings=\"{&quot;_position&quot;:&quot;absolute&quot;}\" data-widget_type=\"image.default\">\n\t\t\t\t<div class=\"elementor-widget-container\">\n\t\t\t\t\t\t\t\t\t\t\t\t\t\t\t<img fetchpriority=\"high\" decoding=\"async\" width=\"800\" height=\"344\" src=\"https:\/\/oseconseils.fr\/wp-content\/uploads\/2024\/10\/AnyConv.com__AdobeStock_321783986-copie-1024x440.webp\" class=\"attachment-large size-large wp-image-366\" alt=\"\" srcset=\"https:\/\/oseconseils.fr\/wp-content\/uploads\/2024\/10\/AnyConv.com__AdobeStock_321783986-copie-1024x440.webp 1024w, https:\/\/oseconseils.fr\/wp-content\/uploads\/2024\/10\/AnyConv.com__AdobeStock_321783986-copie-300x129.webp 300w, https:\/\/oseconseils.fr\/wp-content\/uploads\/2024\/10\/AnyConv.com__AdobeStock_321783986-copie-768x330.webp 768w, https:\/\/oseconseils.fr\/wp-content\/uploads\/2024\/10\/AnyConv.com__AdobeStock_321783986-copie-1536x660.webp 1536w, https:\/\/oseconseils.fr\/wp-content\/uploads\/2024\/10\/AnyConv.com__AdobeStock_321783986-copie.webp 2000w\" sizes=\"(max-width: 800px) 100vw, 800px\" \/>\t\t\t\t\t\t\t\t\t\t\t\t\t\t\t<\/div>\n\t\t\t\t<\/div>\n\t\t\t\t\t<\/div>\n\t\t\t\t<\/div>\n\t\t<div class=\"elementor-element elementor-element-b73cb80 e-con-full e-flex wpr-particle-no wpr-jarallax-no wpr-parallax-no wpr-sticky-section-no e-con e-parent\" data-id=\"b73cb80\" data-element_type=\"container\" data-e-type=\"container\">\n\t\t\t\t<div class=\"elementor-element elementor-element-b806cf3 elementor-widget elementor-widget-heading\" data-id=\"b806cf3\" data-element_type=\"widget\" data-e-type=\"widget\" data-widget_type=\"heading.default\">\n\t\t\t\t<div class=\"elementor-widget-container\">\n\t\t\t\t\t<h2 class=\"elementor-heading-title elementor-size-default\">Accueil \/ Services et m\u00e9tiers \/ Comptabilit\u00e9 &amp; juridique\u00a0<\/h2>\t\t\t\t<\/div>\n\t\t\t\t<\/div>\n\t\t\t\t<div class=\"elementor-element elementor-element-734756a elementor-widget elementor-widget-heading\" data-id=\"734756a\" data-element_type=\"widget\" data-e-type=\"widget\" data-widget_type=\"heading.default\">\n\t\t\t\t<div class=\"elementor-widget-container\">\n\t\t\t\t\t<h2 class=\"elementor-heading-title elementor-size-default\">Comptabilit\u00e9 &amp; juridique\u00a0<\/h2>\t\t\t\t<\/div>\n\t\t\t\t<\/div>\n\t\t\t\t<\/div>\n\t\t<div class=\"elementor-element elementor-element-c90c508 e-con-full e-flex wpr-particle-no wpr-jarallax-no wpr-parallax-no wpr-sticky-section-no e-con e-parent\" data-id=\"c90c508\" data-element_type=\"container\" data-e-type=\"container\">\n\t\t\t\t<div class=\"elementor-element elementor-element-d35774d elementor-widget elementor-widget-heading\" data-id=\"d35774d\" data-element_type=\"widget\" data-e-type=\"widget\" data-widget_type=\"heading.default\">\n\t\t\t\t<div class=\"elementor-widget-container\">\n\t\t\t\t\t<h2 class=\"elementor-heading-title elementor-size-default\">Un accompagnement personnalis\u00e9<\/h2>\t\t\t\t<\/div>\n\t\t\t\t<\/div>\n\t\t\t\t<div class=\"elementor-element elementor-element-72f0553 elementor-widget elementor-widget-text-editor\" data-id=\"72f0553\" data-element_type=\"widget\" data-e-type=\"widget\" data-widget_type=\"text-editor.default\">\n\t\t\t\t<div class=\"elementor-widget-container\">\n\t\t\t\t\t\t\t\t\t<p>Ose Groupe propose un service de conseil juridique sur mesure, adapt\u00e9 aux besoins sp\u00e9cifiques des entreprises. Nos experts en droit des affaires, droit du travail et r\u00e9glementation sociale accompagnent les dirigeants dans la gestion de leurs obligations l\u00e9gales. Nous intervenons notamment dans la r\u00e9daction et la r\u00e9vision de contrats commerciaux, la mise en conformit\u00e9 des pratiques internes, ainsi que la gestion des litiges. En apportant des solutions claires et adapt\u00e9es, nous permettons aux entreprises de s\u00e9curiser leurs activit\u00e9s et de pr\u00e9venir les risques juridiques.<\/p>\t\t\t\t\t\t\t\t<\/div>\n\t\t\t\t<\/div>\n\t\t\t\t<div class=\"elementor-element elementor-element-7375f8d elementor-widget elementor-widget-image\" data-id=\"7375f8d\" data-element_type=\"widget\" data-e-type=\"widget\" data-widget_type=\"image.default\">\n\t\t\t\t<div class=\"elementor-widget-container\">\n\t\t\t\t\t\t\t\t\t\t\t\t\t\t\t<img decoding=\"async\" width=\"800\" height=\"533\" src=\"https:\/\/oseconseils.fr\/wp-content\/uploads\/2024\/10\/AnyConv.com__AdobeStock_582501488-1024x682.webp\" class=\"attachment-large size-large wp-image-880\" alt=\"\" srcset=\"https:\/\/oseconseils.fr\/wp-content\/uploads\/2024\/10\/AnyConv.com__AdobeStock_582501488-1024x682.webp 1024w, https:\/\/oseconseils.fr\/wp-content\/uploads\/2024\/10\/AnyConv.com__AdobeStock_582501488-300x200.webp 300w, https:\/\/oseconseils.fr\/wp-content\/uploads\/2024\/10\/AnyConv.com__AdobeStock_582501488-768x512.webp 768w, https:\/\/oseconseils.fr\/wp-content\/uploads\/2024\/10\/AnyConv.com__AdobeStock_582501488-1536x1024.webp 1536w, https:\/\/oseconseils.fr\/wp-content\/uploads\/2024\/10\/AnyConv.com__AdobeStock_582501488.webp 2000w\" sizes=\"(max-width: 800px) 100vw, 800px\" \/>\t\t\t\t\t\t\t\t\t\t\t\t\t\t\t<\/div>\n\t\t\t\t<\/div>\n\t\t\t\t<div class=\"elementor-element elementor-element-db51413 elementor-widget elementor-widget-heading\" data-id=\"db51413\" data-element_type=\"widget\" data-e-type=\"widget\" data-widget_type=\"heading.default\">\n\t\t\t\t<div class=\"elementor-widget-container\">\n\t\t\t\t\t<h2 class=\"elementor-heading-title elementor-size-default\">Comptabilit\u00e9<\/h2>\t\t\t\t<\/div>\n\t\t\t\t<\/div>\n\t\t\t\t<div class=\"elementor-element elementor-element-619145e elementor-widget elementor-widget-text-editor\" data-id=\"619145e\" data-element_type=\"widget\" data-e-type=\"widget\" data-widget_type=\"text-editor.default\">\n\t\t\t\t<div class=\"elementor-widget-container\">\n\t\t\t\t\t\t\t\t\t<p>En parall\u00e8le de la gestion de la paie, Ose Groupe propose des services complets de comptabilit\u00e9, adapt\u00e9s \u00e0 la taille et aux exigences de chaque entreprise. Nous assurons la tenue des comptes, la gestion des \u00e9critures comptables, ainsi que l\u2019\u00e9laboration des bilans et comptes de r\u00e9sultats annuels. En nous appuyant sur des outils performants et une expertise pointue, nous garantissons \u00e0 nos clients une gestion comptable conforme aux r\u00e9glementations en vigueur. Nos solutions permettent de suivre en temps r\u00e9el la situation financi\u00e8re de l\u2019entreprise et d\u2019optimiser la prise de d\u00e9cision gr\u00e2ce \u00e0 des analyses fiables et pr\u00e9cises.<\/p>\t\t\t\t\t\t\t\t<\/div>\n\t\t\t\t<\/div>\n\t\t\t\t<\/div>\n\t\t\t\t<\/div>\n\t\t","protected":false},"excerpt":{"rendered":"<p>Accueil \/ Services et m\u00e9tiers \/ Comptabilit\u00e9 &amp; juridique\u00a0 Comptabilit\u00e9 &amp; juridique\u00a0 Un accompagnement personnalis\u00e9 Ose Groupe propose un service de conseil juridique sur mesure, adapt\u00e9 aux besoins sp\u00e9cifiques des entreprises. Nos experts en droit des affaires, droit du travail et r\u00e9glementation sociale accompagnent les dirigeants dans la gestion de leurs obligations l\u00e9gales. Nous intervenons notamment dans la r\u00e9daction et la r\u00e9vision de contrats commerciaux, la mise en conformit\u00e9 des pratiques internes, ainsi que la gestion des litiges. En apportant des solutions claires et adapt\u00e9es, nous permettons aux entreprises de s\u00e9curiser leurs activit\u00e9s et de pr\u00e9venir les risques juridiques. Comptabilit\u00e9 En parall\u00e8le de la gestion de la paie, Ose Groupe propose des services complets de comptabilit\u00e9, adapt\u00e9s \u00e0 la taille et aux exigences de chaque entreprise. Nous assurons la tenue des comptes, la gestion des \u00e9critures comptables, ainsi que l\u2019\u00e9laboration des bilans et comptes de r\u00e9sultats annuels. En nous appuyant sur des outils performants et une expertise pointue, nous garantissons \u00e0 nos clients une gestion comptable conforme aux r\u00e9glementations en vigueur. Nos solutions permettent de suivre en temps r\u00e9el la situation financi\u00e8re de l\u2019entreprise et d\u2019optimiser la prise de d\u00e9cision gr\u00e2ce \u00e0 des analyses fiables et pr\u00e9cises.<\/p>\n","protected":false},"author":1,"featured_media":880,"parent":0,"menu_order":0,"comment_status":"closed","ping_status":"closed","template":"","meta":{"footnotes":""},"class_list":["post-40","page","type-page","status-publish","has-post-thumbnail","hentry"],"yoast_head":"<!-- This site is optimized with the Yoast SEO plugin v27.3 - https:\/\/yoast.com\/product\/yoast-seo-wordpress\/ -->\n<title>OSE - Comptabilit\u00e9 et juridique : Expertise et Accompagnement<\/title>\n<meta name=\"description\" content=\"Un accompagnement en comptabilit\u00e9 et juridique sur mesure pour s\u00e9curiser, optimiser et d\u00e9velopper votre entreprise avec nos experts.\" \/>\n<meta name=\"robots\" content=\"index, follow, max-snippet:-1, max-image-preview:large, max-video-preview:-1\" \/>\n<link rel=\"canonical\" href=\"https:\/\/oseconseils.fr\/index.php\/comptabilite-et-juridique\/\" \/>\n<meta property=\"og:locale\" content=\"fr_FR\" \/>\n<meta property=\"og:type\" content=\"article\" \/>\n<meta property=\"og:title\" content=\"OSE - Comptabilit\u00e9 et juridique : Expertise et Accompagnement\" \/>\n<meta property=\"og:description\" content=\"Un accompagnement en comptabilit\u00e9 et juridique sur mesure pour s\u00e9curiser, optimiser et d\u00e9velopper votre entreprise avec nos experts.\" \/>\n<meta property=\"og:url\" content=\"https:\/\/oseconseils.fr\/index.php\/comptabilite-et-juridique\/\" \/>\n<meta property=\"og:site_name\" content=\"OSE\" \/>\n<meta property=\"article:modified_time\" content=\"2024-12-02T08:31:21+00:00\" \/>\n<meta property=\"og:image\" content=\"https:\/\/oseconseils.fr\/wp-content\/uploads\/2024\/10\/AnyConv.com__AdobeStock_582501488.webp\" \/>\n\t<meta property=\"og:image:width\" content=\"2000\" \/>\n\t<meta property=\"og:image:height\" content=\"1333\" \/>\n\t<meta property=\"og:image:type\" content=\"image\/webp\" \/>\n<meta name=\"twitter:card\" content=\"summary_large_image\" \/>\n<meta name=\"twitter:label1\" content=\"Dur\u00e9e de lecture estim\u00e9e\" \/>\n\t<meta name=\"twitter:data1\" content=\"2 minutes\" \/>\n<script type=\"application\/ld+json\" class=\"yoast-schema-graph\">{\"@context\":\"https:\\\/\\\/schema.org\",\"@graph\":[{\"@type\":\"WebPage\",\"@id\":\"https:\\\/\\\/oseconseils.fr\\\/index.php\\\/comptabilite-et-juridique\\\/\",\"url\":\"https:\\\/\\\/oseconseils.fr\\\/index.php\\\/comptabilite-et-juridique\\\/\",\"name\":\"OSE - Comptabilit\u00e9 et juridique : Expertise et Accompagnement\",\"isPartOf\":{\"@id\":\"https:\\\/\\\/oseconseils.fr\\\/#website\"},\"primaryImageOfPage\":{\"@id\":\"https:\\\/\\\/oseconseils.fr\\\/index.php\\\/comptabilite-et-juridique\\\/#primaryimage\"},\"image\":{\"@id\":\"https:\\\/\\\/oseconseils.fr\\\/index.php\\\/comptabilite-et-juridique\\\/#primaryimage\"},\"thumbnailUrl\":\"https:\\\/\\\/oseconseils.fr\\\/wp-content\\\/uploads\\\/2024\\\/10\\\/AnyConv.com__AdobeStock_582501488.webp\",\"datePublished\":\"2024-10-11T14:18:12+00:00\",\"dateModified\":\"2024-12-02T08:31:21+00:00\",\"description\":\"Un accompagnement en comptabilit\u00e9 et juridique sur mesure pour s\u00e9curiser, optimiser et d\u00e9velopper votre entreprise avec nos experts.\",\"breadcrumb\":{\"@id\":\"https:\\\/\\\/oseconseils.fr\\\/index.php\\\/comptabilite-et-juridique\\\/#breadcrumb\"},\"inLanguage\":\"fr-FR\",\"potentialAction\":[{\"@type\":\"ReadAction\",\"target\":[\"https:\\\/\\\/oseconseils.fr\\\/index.php\\\/comptabilite-et-juridique\\\/\"]}]},{\"@type\":\"ImageObject\",\"inLanguage\":\"fr-FR\",\"@id\":\"https:\\\/\\\/oseconseils.fr\\\/index.php\\\/comptabilite-et-juridique\\\/#primaryimage\",\"url\":\"https:\\\/\\\/oseconseils.fr\\\/wp-content\\\/uploads\\\/2024\\\/10\\\/AnyConv.com__AdobeStock_582501488.webp\",\"contentUrl\":\"https:\\\/\\\/oseconseils.fr\\\/wp-content\\\/uploads\\\/2024\\\/10\\\/AnyConv.com__AdobeStock_582501488.webp\",\"width\":2000,\"height\":1333},{\"@type\":\"BreadcrumbList\",\"@id\":\"https:\\\/\\\/oseconseils.fr\\\/index.php\\\/comptabilite-et-juridique\\\/#breadcrumb\",\"itemListElement\":[{\"@type\":\"ListItem\",\"position\":1,\"name\":\"Accueil\",\"item\":\"https:\\\/\\\/oseconseils.fr\\\/\"},{\"@type\":\"ListItem\",\"position\":2,\"name\":\"Comptabilit\u00e9 et juridique\"}]},{\"@type\":\"WebSite\",\"@id\":\"https:\\\/\\\/oseconseils.fr\\\/#website\",\"url\":\"https:\\\/\\\/oseconseils.fr\\\/\",\"name\":\"OSE\",\"description\":\"\",\"publisher\":{\"@id\":\"https:\\\/\\\/oseconseils.fr\\\/#organization\"},\"potentialAction\":[{\"@type\":\"SearchAction\",\"target\":{\"@type\":\"EntryPoint\",\"urlTemplate\":\"https:\\\/\\\/oseconseils.fr\\\/?s={search_term_string}\"},\"query-input\":{\"@type\":\"PropertyValueSpecification\",\"valueRequired\":true,\"valueName\":\"search_term_string\"}}],\"inLanguage\":\"fr-FR\"},{\"@type\":\"Organization\",\"@id\":\"https:\\\/\\\/oseconseils.fr\\\/#organization\",\"name\":\"OSE\",\"url\":\"https:\\\/\\\/oseconseils.fr\\\/\",\"logo\":{\"@type\":\"ImageObject\",\"inLanguage\":\"fr-FR\",\"@id\":\"https:\\\/\\\/oseconseils.fr\\\/#\\\/schema\\\/logo\\\/image\\\/\",\"url\":\"https:\\\/\\\/oseconseils.fr\\\/wp-content\\\/uploads\\\/2024\\\/10\\\/AnyConv.com__OSE-LOGO_groupe-blanc.webp\",\"contentUrl\":\"https:\\\/\\\/oseconseils.fr\\\/wp-content\\\/uploads\\\/2024\\\/10\\\/AnyConv.com__OSE-LOGO_groupe-blanc.webp\",\"width\":1303,\"height\":684,\"caption\":\"OSE\"},\"image\":{\"@id\":\"https:\\\/\\\/oseconseils.fr\\\/#\\\/schema\\\/logo\\\/image\\\/\"},\"sameAs\":[\"https:\\\/\\\/www.linkedin.com\\\/company\\\/oseconseils\\\/posts\\\/?feedView=all\"]}]}<\/script>\n<!-- \/ Yoast SEO plugin. -->","yoast_head_json":{"title":"OSE - Comptabilit\u00e9 et juridique : Expertise et Accompagnement","description":"Un accompagnement en comptabilit\u00e9 et juridique sur mesure pour s\u00e9curiser, optimiser et d\u00e9velopper votre entreprise avec nos experts.","robots":{"index":"index","follow":"follow","max-snippet":"max-snippet:-1","max-image-preview":"max-image-preview:large","max-video-preview":"max-video-preview:-1"},"canonical":"https:\/\/oseconseils.fr\/index.php\/comptabilite-et-juridique\/","og_locale":"fr_FR","og_type":"article","og_title":"OSE - Comptabilit\u00e9 et juridique : Expertise et Accompagnement","og_description":"Un accompagnement en comptabilit\u00e9 et juridique sur mesure pour s\u00e9curiser, optimiser et d\u00e9velopper votre entreprise avec nos experts.","og_url":"https:\/\/oseconseils.fr\/index.php\/comptabilite-et-juridique\/","og_site_name":"OSE","article_modified_time":"2024-12-02T08:31:21+00:00","og_image":[{"width":2000,"height":1333,"url":"https:\/\/oseconseils.fr\/wp-content\/uploads\/2024\/10\/AnyConv.com__AdobeStock_582501488.webp","type":"image\/webp"}],"twitter_card":"summary_large_image","twitter_misc":{"Dur\u00e9e de lecture estim\u00e9e":"2 minutes"},"schema":{"@context":"https:\/\/schema.org","@graph":[{"@type":"WebPage","@id":"https:\/\/oseconseils.fr\/index.php\/comptabilite-et-juridique\/","url":"https:\/\/oseconseils.fr\/index.php\/comptabilite-et-juridique\/","name":"OSE - Comptabilit\u00e9 et juridique : Expertise et Accompagnement","isPartOf":{"@id":"https:\/\/oseconseils.fr\/#website"},"primaryImageOfPage":{"@id":"https:\/\/oseconseils.fr\/index.php\/comptabilite-et-juridique\/#primaryimage"},"image":{"@id":"https:\/\/oseconseils.fr\/index.php\/comptabilite-et-juridique\/#primaryimage"},"thumbnailUrl":"https:\/\/oseconseils.fr\/wp-content\/uploads\/2024\/10\/AnyConv.com__AdobeStock_582501488.webp","datePublished":"2024-10-11T14:18:12+00:00","dateModified":"2024-12-02T08:31:21+00:00","description":"Un accompagnement en comptabilit\u00e9 et juridique sur mesure pour s\u00e9curiser, optimiser et d\u00e9velopper votre entreprise avec nos experts.","breadcrumb":{"@id":"https:\/\/oseconseils.fr\/index.php\/comptabilite-et-juridique\/#breadcrumb"},"inLanguage":"fr-FR","potentialAction":[{"@type":"ReadAction","target":["https:\/\/oseconseils.fr\/index.php\/comptabilite-et-juridique\/"]}]},{"@type":"ImageObject","inLanguage":"fr-FR","@id":"https:\/\/oseconseils.fr\/index.php\/comptabilite-et-juridique\/#primaryimage","url":"https:\/\/oseconseils.fr\/wp-content\/uploads\/2024\/10\/AnyConv.com__AdobeStock_582501488.webp","contentUrl":"https:\/\/oseconseils.fr\/wp-content\/uploads\/2024\/10\/AnyConv.com__AdobeStock_582501488.webp","width":2000,"height":1333},{"@type":"BreadcrumbList","@id":"https:\/\/oseconseils.fr\/index.php\/comptabilite-et-juridique\/#breadcrumb","itemListElement":[{"@type":"ListItem","position":1,"name":"Accueil","item":"https:\/\/oseconseils.fr\/"},{"@type":"ListItem","position":2,"name":"Comptabilit\u00e9 et juridique"}]},{"@type":"WebSite","@id":"https:\/\/oseconseils.fr\/#website","url":"https:\/\/oseconseils.fr\/","name":"OSE","description":"","publisher":{"@id":"https:\/\/oseconseils.fr\/#organization"},"potentialAction":[{"@type":"SearchAction","target":{"@type":"EntryPoint","urlTemplate":"https:\/\/oseconseils.fr\/?s={search_term_string}"},"query-input":{"@type":"PropertyValueSpecification","valueRequired":true,"valueName":"search_term_string"}}],"inLanguage":"fr-FR"},{"@type":"Organization","@id":"https:\/\/oseconseils.fr\/#organization","name":"OSE","url":"https:\/\/oseconseils.fr\/","logo":{"@type":"ImageObject","inLanguage":"fr-FR","@id":"https:\/\/oseconseils.fr\/#\/schema\/logo\/image\/","url":"https:\/\/oseconseils.fr\/wp-content\/uploads\/2024\/10\/AnyConv.com__OSE-LOGO_groupe-blanc.webp","contentUrl":"https:\/\/oseconseils.fr\/wp-content\/uploads\/2024\/10\/AnyConv.com__OSE-LOGO_groupe-blanc.webp","width":1303,"height":684,"caption":"OSE"},"image":{"@id":"https:\/\/oseconseils.fr\/#\/schema\/logo\/image\/"},"sameAs":["https:\/\/www.linkedin.com\/company\/oseconseils\/posts\/?feedView=all"]}]}},"_links":{"self":[{"href":"https:\/\/oseconseils.fr\/index.php\/wp-json\/wp\/v2\/pages\/40","targetHints":{"allow":["GET"]}}],"collection":[{"href":"https:\/\/oseconseils.fr\/index.php\/wp-json\/wp\/v2\/pages"}],"about":[{"href":"https:\/\/oseconseils.fr\/index.php\/wp-json\/wp\/v2\/types\/page"}],"author":[{"embeddable":true,"href":"https:\/\/oseconseils.fr\/index.php\/wp-json\/wp\/v2\/users\/1"}],"replies":[{"embeddable":true,"href":"https:\/\/oseconseils.fr\/index.php\/wp-json\/wp\/v2\/comments?post=40"}],"version-history":[{"count":40,"href":"https:\/\/oseconseils.fr\/index.php\/wp-json\/wp\/v2\/pages\/40\/revisions"}],"predecessor-version":[{"id":2354,"href":"https:\/\/oseconseils.fr\/index.php\/wp-json\/wp\/v2\/pages\/40\/revisions\/2354"}],"wp:featuredmedia":[{"embeddable":true,"href":"https:\/\/oseconseils.fr\/index.php\/wp-json\/wp\/v2\/media\/880"}],"wp:attachment":[{"href":"https:\/\/oseconseils.fr\/index.php\/wp-json\/wp\/v2\/media?parent=40"}],"curies":[{"name":"wp","href":"https:\/\/api.w.org\/{rel}","templated":true}]}}