{"id":42,"date":"2024-10-11T16:18:29","date_gmt":"2024-10-11T14:18:29","guid":{"rendered":"http:\/\/localhost\/OSE\/?page_id=42"},"modified":"2024-11-08T15:04:47","modified_gmt":"2024-11-08T14:04:47","slug":"carrieres","status":"publish","type":"page","link":"https:\/\/oseconseils.fr\/index.php\/carrieres\/","title":{"rendered":"Carri\u00e8res"},"content":{"rendered":"\t\t<div data-elementor-type=\"wp-page\" data-elementor-id=\"42\" class=\"elementor elementor-42\">\n\t\t\t\t<div class=\"elementor-element elementor-element-21e2408 e-flex e-con-boxed wpr-particle-no wpr-jarallax-no wpr-parallax-no wpr-sticky-section-no e-con e-parent\" data-id=\"21e2408\" data-element_type=\"container\" data-e-type=\"container\">\n\t\t\t\t\t<div class=\"e-con-inner\">\n\t\t\t\t<div class=\"elementor-element elementor-element-201328a elementor-widget__width-inherit elementor-absolute elementor-widget elementor-widget-image\" data-id=\"201328a\" data-element_type=\"widget\" data-e-type=\"widget\" data-settings=\"{&quot;_position&quot;:&quot;absolute&quot;}\" data-widget_type=\"image.default\">\n\t\t\t\t<div class=\"elementor-widget-container\">\n\t\t\t\t\t\t\t\t\t\t\t\t\t\t\t<img fetchpriority=\"high\" decoding=\"async\" width=\"800\" height=\"534\" src=\"https:\/\/oseconseils.fr\/wp-content\/uploads\/2024\/10\/AdobeStock_345656874-FILTRE-1024x683.webp\" class=\"attachment-large size-large wp-image-565\" alt=\"\" srcset=\"https:\/\/oseconseils.fr\/wp-content\/uploads\/2024\/10\/AdobeStock_345656874-FILTRE-1024x683.webp 1024w, https:\/\/oseconseils.fr\/wp-content\/uploads\/2024\/10\/AdobeStock_345656874-FILTRE-300x200.webp 300w, https:\/\/oseconseils.fr\/wp-content\/uploads\/2024\/10\/AdobeStock_345656874-FILTRE-768x512.webp 768w, https:\/\/oseconseils.fr\/wp-content\/uploads\/2024\/10\/AdobeStock_345656874-FILTRE-1536x1024.webp 1536w, https:\/\/oseconseils.fr\/wp-content\/uploads\/2024\/10\/AdobeStock_345656874-FILTRE-2048x1365.webp 2048w\" sizes=\"(max-width: 800px) 100vw, 800px\" \/>\t\t\t\t\t\t\t\t\t\t\t\t\t\t\t<\/div>\n\t\t\t\t<\/div>\n\t\t\t\t\t<\/div>\n\t\t\t\t<\/div>\n\t\t<div class=\"elementor-element elementor-element-1469c5c e-con-full e-flex wpr-particle-no wpr-jarallax-no wpr-parallax-no wpr-sticky-section-no e-con e-parent\" data-id=\"1469c5c\" data-element_type=\"container\" data-e-type=\"container\">\n\t\t\t\t<div class=\"elementor-element elementor-element-3658b23 elementor-widget elementor-widget-heading\" data-id=\"3658b23\" data-element_type=\"widget\" data-e-type=\"widget\" data-widget_type=\"heading.default\">\n\t\t\t\t<div class=\"elementor-widget-container\">\n\t\t\t\t\t<h2 class=\"elementor-heading-title elementor-size-default\">Accueil \/ Carri\u00e8res\u200b<\/h2>\t\t\t\t<\/div>\n\t\t\t\t<\/div>\n\t\t\t\t<div class=\"elementor-element elementor-element-0946192 elementor-widget elementor-widget-heading\" data-id=\"0946192\" data-element_type=\"widget\" data-e-type=\"widget\" data-widget_type=\"heading.default\">\n\t\t\t\t<div class=\"elementor-widget-container\">\n\t\t\t\t\t<h2 class=\"elementor-heading-title elementor-size-default\">Carri\u00e8res<\/h2>\t\t\t\t<\/div>\n\t\t\t\t<\/div>\n\t\t\t\t<\/div>\n\t\t<div class=\"elementor-element elementor-element-8eb0fae e-con-full e-flex wpr-particle-no wpr-jarallax-no wpr-parallax-no wpr-sticky-section-no e-con e-parent\" data-id=\"8eb0fae\" data-element_type=\"container\" data-e-type=\"container\">\n\t\t\t\t<div class=\"elementor-element elementor-element-04572d3 elementor-widget elementor-widget-heading\" data-id=\"04572d3\" data-element_type=\"widget\" data-e-type=\"widget\" data-widget_type=\"heading.default\">\n\t\t\t\t<div class=\"elementor-widget-container\">\n\t\t\t\t\t<h2 class=\"elementor-heading-title elementor-size-default\">Carri\u00e8res et offres d\u2019emploi<\/h2>\t\t\t\t<\/div>\n\t\t\t\t<\/div>\n\t\t\t\t<div class=\"elementor-element elementor-element-ab6f713 elementor-widget elementor-widget-text-editor\" data-id=\"ab6f713\" data-element_type=\"widget\" data-e-type=\"widget\" data-widget_type=\"text-editor.default\">\n\t\t\t\t<div class=\"elementor-widget-container\">\n\t\t\t\t\t\t\t\t\t<p>Chez Ose Groupe, nous valorisons l\u2019innovation, l\u2019engagement et l\u2019\u00e9panouissement professionnel, en offrant \u00e0 chacun des opportunit\u00e9s de d\u00e9veloppement personnel et de progression de carri\u00e8re dans un environnement stimulant et collaboratif.<br \/>Explorez nos offres d\u2019emploi et d\u00e9couvrez comment vous pouvez participer \u00e0 notre aventure, tout en d\u00e9veloppant vos comp\u00e9tences au sein d\u2019une \u00e9quipe d\u2019experts d\u00e9di\u00e9e \u00e0 la r\u00e9ussite de nos clients et \u00e0 la croissance de l\u2019entreprise. Si vous avez l\u2019audace d\u2019entreprendre et l\u2019envie de faire la diff\u00e9rence, Ose Groupe est fait pour vous !<\/p>\t\t\t\t\t\t\t\t<\/div>\n\t\t\t\t<\/div>\n\t\t<div class=\"elementor-element elementor-element-c298b15 e-con-full e-flex wpr-particle-no wpr-jarallax-no wpr-parallax-no wpr-sticky-section-no e-con e-child\" data-id=\"c298b15\" data-element_type=\"container\" data-e-type=\"container\">\n\t\t\t\t<div class=\"elementor-element elementor-element-07d3753 elementor-widget elementor-widget-heading\" data-id=\"07d3753\" data-element_type=\"widget\" data-e-type=\"widget\" data-widget_type=\"heading.default\">\n\t\t\t\t<div class=\"elementor-widget-container\">\n\t\t\t\t\t<h2 class=\"elementor-heading-title elementor-size-default\">Assistant administratif H\/F<\/h2>\t\t\t\t<\/div>\n\t\t\t\t<\/div>\n\t\t\t\t<div class=\"elementor-element elementor-element-8584532 elementor-widget elementor-widget-heading\" data-id=\"8584532\" data-element_type=\"widget\" data-e-type=\"widget\" data-widget_type=\"heading.default\">\n\t\t\t\t<div class=\"elementor-widget-container\">\n\t\t\t\t\t<h2 class=\"elementor-heading-title elementor-size-default\">Orl\u00e9ans<\/h2>\t\t\t\t<\/div>\n\t\t\t\t<\/div>\n\t\t\t\t<\/div>\n\t\t\t\t<\/div>\n\t\t<div class=\"elementor-element elementor-element-4358f44 e-con-full e-flex wpr-particle-no wpr-jarallax-no wpr-parallax-no wpr-sticky-section-no e-con e-parent\" data-id=\"4358f44\" data-element_type=\"container\" data-e-type=\"container\">\n\t\t\t\t<div class=\"elementor-element elementor-element-9b395ba elementor-widget elementor-widget-heading\" data-id=\"9b395ba\" data-element_type=\"widget\" data-e-type=\"widget\" data-widget_type=\"heading.default\">\n\t\t\t\t<div class=\"elementor-widget-container\">\n\t\t\t\t\t<h2 class=\"elementor-heading-title elementor-size-default\">Candidature spontan\u00e9e<\/h2>\t\t\t\t<\/div>\n\t\t\t\t<\/div>\n\t\t\t\t<\/div>\n\t\t<div class=\"elementor-element elementor-element-05841ad e-con-full e-flex wpr-particle-no wpr-jarallax-no wpr-parallax-no wpr-sticky-section-no e-con e-parent\" data-id=\"05841ad\" data-element_type=\"container\" data-e-type=\"container\">\n\t\t\t\t<div class=\"elementor-element elementor-element-94e13d9 elementor-widget elementor-widget-shortcode\" data-id=\"94e13d9\" data-element_type=\"widget\" data-e-type=\"widget\" data-widget_type=\"shortcode.default\">\n\t\t\t\t<div class=\"elementor-widget-container\">\n\t\t\t\t\t\t\t<div class=\"elementor-shortcode\">\n<div class=\"wpcf7 no-js\" id=\"wpcf7-f1455-o1\" lang=\"fr-FR\" dir=\"ltr\" data-wpcf7-id=\"1455\">\n<div class=\"screen-reader-response\"><p role=\"status\" aria-live=\"polite\" aria-atomic=\"true\"><\/p> <ul><\/ul><\/div>\n<form action=\"\/index.php\/wp-json\/wp\/v2\/pages\/42#wpcf7-f1455-o1\" method=\"post\" class=\"wpcf7-form init\" aria-label=\"Formulaire de contact\" enctype=\"multipart\/form-data\" novalidate=\"novalidate\" data-status=\"init\">\n<fieldset class=\"hidden-fields-container\"><input type=\"hidden\" name=\"_wpcf7\" value=\"1455\" \/><input type=\"hidden\" name=\"_wpcf7_version\" value=\"6.1.5\" \/><input type=\"hidden\" name=\"_wpcf7_locale\" value=\"fr_FR\" \/><input type=\"hidden\" name=\"_wpcf7_unit_tag\" value=\"wpcf7-f1455-o1\" \/><input type=\"hidden\" name=\"_wpcf7_container_post\" value=\"0\" \/><input type=\"hidden\" name=\"_wpcf7_posted_data_hash\" value=\"\" \/>\n<\/fieldset>\n<div class=\"form-candidat-1\">\n\t<p><label class=\"text\"> Mail<br \/>\n<span class=\"wpcf7-form-control-wrap\" data-name=\"your-email\"><input size=\"40\" maxlength=\"400\" class=\"wpcf7-form-control wpcf7-email wpcf7-validates-as-required wpcf7-text wpcf7-validates-as-email\" autocomplete=\"email\" aria-required=\"true\" aria-invalid=\"false\" value=\"\" type=\"email\" name=\"your-email\" \/><\/span> <\/label>\n\t<\/p>\n\t<p><label class=\"text\"> Nom, Pr\u00e9nom<br \/>\n<span class=\"wpcf7-form-control-wrap\" data-name=\"your-name\"><input size=\"40\" maxlength=\"400\" class=\"wpcf7-form-control wpcf7-text wpcf7-validates-as-required\" autocomplete=\"name\" aria-required=\"true\" aria-invalid=\"false\" value=\"\" type=\"text\" name=\"your-name\" \/><\/span> <\/label>\n\t<\/p>\n\t<p><label class=\"text\"> T\u00e9l\u00e9phone<br \/>\n<span class=\"wpcf7-form-control-wrap\" data-name=\"your-phone\"><input size=\"40\" maxlength=\"400\" class=\"wpcf7-form-control wpcf7-tel wpcf7-validates-as-required wpcf7-text wpcf7-validates-as-tel\" autocomplete=\"tel\" aria-required=\"true\" aria-invalid=\"false\" value=\"\" type=\"tel\" name=\"your-phone\" \/><\/span> <\/label>\n\t<\/p>\n\t<p><label class=\"text\"> Message<br \/>\n<span class=\"wpcf7-form-control-wrap\" data-name=\"your-message\"><textarea cols=\"40\" rows=\"10\" maxlength=\"2000\" class=\"wpcf7-form-control wpcf7-textarea wpcf7-validates-as-required\" aria-required=\"true\" aria-invalid=\"false\" name=\"your-message\"><\/textarea><\/span> <\/label>\n\t<\/p>\n<\/div>\n<div class=\"form-candidat-2\">\n\t<p><label>CV<br \/>\n<span class=\"wpcf7-form-control-wrap\" data-name=\"file-770\"><input size=\"40\" class=\"wpcf7-form-control wpcf7-file\" accept=\".pdf,.doc,.docx,.jpg,.png\" aria-invalid=\"false\" type=\"file\" name=\"file-770\" \/><\/span><br \/>\n<\/label>\n\t<\/p>\n\t<p><label>Lettre de motivation<br \/>\n<span class=\"wpcf7-form-control-wrap\" data-name=\"file-27\"><input size=\"40\" class=\"wpcf7-form-control wpcf7-file\" accept=\".pdf,.doc,.docx,.jpg,.png\" aria-invalid=\"false\" type=\"file\" name=\"file-27\" \/><\/span><br \/>\n<\/label>\n\t<\/p>\n\t<p><label class=\"check\"><span class=\"wpcf7-form-control-wrap\" data-name=\"checkbox-234\"><span class=\"wpcf7-form-control wpcf7-checkbox wpcf7-validates-as-required\"><span class=\"wpcf7-list-item first last\"><label><input type=\"checkbox\" name=\"checkbox-234[]\" value=\"En soumettant ce formulaire, j\u2019accepte que les informations saisies soient utilis\u00e9es pour permettre de me recontacter et r\u00e9pondre \u00e0 ma demande.\" \/><span class=\"wpcf7-list-item-label\">En soumettant ce formulaire, j\u2019accepte que les informations saisies soient utilis\u00e9es pour permettre de me recontacter et r\u00e9pondre \u00e0 ma demande.<\/span><\/label><\/span><\/span><\/span><\/label>\n\t<\/p>\n\t<p><input class=\"wpcf7-form-control wpcf7-submit has-spinner\" type=\"submit\" value=\"Envoyer\" \/>\n\t<\/p>\n<\/div><p style=\"display: none !important;\" class=\"akismet-fields-container\" data-prefix=\"_wpcf7_ak_\"><label>&#916;<textarea name=\"_wpcf7_ak_hp_textarea\" cols=\"45\" rows=\"8\" maxlength=\"100\"><\/textarea><\/label><input type=\"hidden\" id=\"ak_js_1\" name=\"_wpcf7_ak_js\" value=\"28\"\/><script>document.getElementById( \"ak_js_1\" ).setAttribute( \"value\", ( new Date() ).getTime() );<\/script><\/p><div class=\"wpcf7-response-output\" aria-hidden=\"true\"><\/div>\n<\/form>\n<\/div>\n<\/div>\n\t\t\t\t\t\t<\/div>\n\t\t\t\t<\/div>\n\t\t\t\t<\/div>\n\t\t\t\t<\/div>\n\t\t","protected":false},"excerpt":{"rendered":"<p>Accueil \/ Carri\u00e8res\u200b Carri\u00e8res Carri\u00e8res et offres d\u2019emploi Chez Ose Groupe, nous valorisons l\u2019innovation, l\u2019engagement et l\u2019\u00e9panouissement professionnel, en offrant \u00e0 chacun des opportunit\u00e9s de d\u00e9veloppement personnel et de progression de carri\u00e8re dans un environnement stimulant et collaboratif.Explorez nos offres d\u2019emploi et d\u00e9couvrez comment vous pouvez participer \u00e0 notre aventure, tout en d\u00e9veloppant vos comp\u00e9tences au sein d\u2019une \u00e9quipe d\u2019experts d\u00e9di\u00e9e \u00e0 la r\u00e9ussite de nos clients et \u00e0 la croissance de l\u2019entreprise. Si vous avez l\u2019audace d\u2019entreprendre et l\u2019envie de faire la diff\u00e9rence, Ose Groupe est fait pour vous ! Assistant administratif H\/F Orl\u00e9ans Candidature spontan\u00e9e<\/p>\n","protected":false},"author":1,"featured_media":316,"parent":0,"menu_order":0,"comment_status":"closed","ping_status":"closed","template":"","meta":{"footnotes":""},"class_list":["post-42","page","type-page","status-publish","has-post-thumbnail","hentry"],"yoast_head":"<!-- This site is optimized with the Yoast SEO plugin v27.3 - https:\/\/yoast.com\/product\/yoast-seo-wordpress\/ -->\n<title>Carri\u00e8res chez OSE : Construisez Votre Avenir avec Nous<\/title>\n<meta name=\"description\" content=\"D\u00e9couvrez nos opportunit\u00e9s de carri\u00e8re et rejoignez une \u00e9quipe passionn\u00e9e. Postes \u00e0 pourvoir ! Motiv\u00e9s et pr\u00eats \u00e0 relever de nouveaux d\u00e9fis !\" \/>\n<meta name=\"robots\" content=\"index, follow, max-snippet:-1, max-image-preview:large, max-video-preview:-1\" \/>\n<link rel=\"canonical\" href=\"https:\/\/oseconseils.fr\/index.php\/carrieres\/\" \/>\n<meta property=\"og:locale\" content=\"fr_FR\" \/>\n<meta property=\"og:type\" content=\"article\" \/>\n<meta property=\"og:title\" content=\"Carri\u00e8res chez OSE : Construisez Votre Avenir avec Nous\" \/>\n<meta property=\"og:description\" content=\"D\u00e9couvrez nos opportunit\u00e9s de carri\u00e8re et rejoignez une \u00e9quipe passionn\u00e9e. Postes \u00e0 pourvoir ! Motiv\u00e9s et pr\u00eats \u00e0 relever de nouveaux d\u00e9fis !\" \/>\n<meta property=\"og:url\" content=\"https:\/\/oseconseils.fr\/index.php\/carrieres\/\" \/>\n<meta property=\"og:site_name\" content=\"OSE\" \/>\n<meta property=\"article:modified_time\" content=\"2024-11-08T14:04:47+00:00\" \/>\n<meta property=\"og:image\" content=\"https:\/\/oseconseils.fr\/wp-content\/uploads\/2024\/10\/AnyConv.com__AdobeStock_345656874.webp\" \/>\n\t<meta property=\"og:image:width\" content=\"2000\" \/>\n\t<meta property=\"og:image:height\" content=\"1778\" \/>\n\t<meta property=\"og:image:type\" content=\"image\/webp\" \/>\n<meta name=\"twitter:card\" content=\"summary_large_image\" \/>\n<meta name=\"twitter:label1\" content=\"Dur\u00e9e de lecture estim\u00e9e\" \/>\n\t<meta name=\"twitter:data1\" content=\"1 minute\" \/>\n<script type=\"application\/ld+json\" class=\"yoast-schema-graph\">{\"@context\":\"https:\\\/\\\/schema.org\",\"@graph\":[{\"@type\":\"WebPage\",\"@id\":\"https:\\\/\\\/oseconseils.fr\\\/index.php\\\/carrieres\\\/\",\"url\":\"https:\\\/\\\/oseconseils.fr\\\/index.php\\\/carrieres\\\/\",\"name\":\"Carri\u00e8res chez OSE : Construisez Votre Avenir avec Nous\",\"isPartOf\":{\"@id\":\"https:\\\/\\\/oseconseils.fr\\\/#website\"},\"primaryImageOfPage\":{\"@id\":\"https:\\\/\\\/oseconseils.fr\\\/index.php\\\/carrieres\\\/#primaryimage\"},\"image\":{\"@id\":\"https:\\\/\\\/oseconseils.fr\\\/index.php\\\/carrieres\\\/#primaryimage\"},\"thumbnailUrl\":\"https:\\\/\\\/oseconseils.fr\\\/wp-content\\\/uploads\\\/2024\\\/10\\\/AnyConv.com__AdobeStock_345656874.webp\",\"datePublished\":\"2024-10-11T14:18:29+00:00\",\"dateModified\":\"2024-11-08T14:04:47+00:00\",\"description\":\"D\u00e9couvrez nos opportunit\u00e9s de carri\u00e8re et rejoignez une \u00e9quipe passionn\u00e9e. Postes \u00e0 pourvoir ! Motiv\u00e9s et pr\u00eats \u00e0 relever de nouveaux d\u00e9fis !\",\"breadcrumb\":{\"@id\":\"https:\\\/\\\/oseconseils.fr\\\/index.php\\\/carrieres\\\/#breadcrumb\"},\"inLanguage\":\"fr-FR\",\"potentialAction\":[{\"@type\":\"ReadAction\",\"target\":[\"https:\\\/\\\/oseconseils.fr\\\/index.php\\\/carrieres\\\/\"]}]},{\"@type\":\"ImageObject\",\"inLanguage\":\"fr-FR\",\"@id\":\"https:\\\/\\\/oseconseils.fr\\\/index.php\\\/carrieres\\\/#primaryimage\",\"url\":\"https:\\\/\\\/oseconseils.fr\\\/wp-content\\\/uploads\\\/2024\\\/10\\\/AnyConv.com__AdobeStock_345656874.webp\",\"contentUrl\":\"https:\\\/\\\/oseconseils.fr\\\/wp-content\\\/uploads\\\/2024\\\/10\\\/AnyConv.com__AdobeStock_345656874.webp\",\"width\":2000,\"height\":1778},{\"@type\":\"BreadcrumbList\",\"@id\":\"https:\\\/\\\/oseconseils.fr\\\/index.php\\\/carrieres\\\/#breadcrumb\",\"itemListElement\":[{\"@type\":\"ListItem\",\"position\":1,\"name\":\"Accueil\",\"item\":\"https:\\\/\\\/oseconseils.fr\\\/\"},{\"@type\":\"ListItem\",\"position\":2,\"name\":\"Carri\u00e8res\"}]},{\"@type\":\"WebSite\",\"@id\":\"https:\\\/\\\/oseconseils.fr\\\/#website\",\"url\":\"https:\\\/\\\/oseconseils.fr\\\/\",\"name\":\"OSE\",\"description\":\"\",\"publisher\":{\"@id\":\"https:\\\/\\\/oseconseils.fr\\\/#organization\"},\"potentialAction\":[{\"@type\":\"SearchAction\",\"target\":{\"@type\":\"EntryPoint\",\"urlTemplate\":\"https:\\\/\\\/oseconseils.fr\\\/?s={search_term_string}\"},\"query-input\":{\"@type\":\"PropertyValueSpecification\",\"valueRequired\":true,\"valueName\":\"search_term_string\"}}],\"inLanguage\":\"fr-FR\"},{\"@type\":\"Organization\",\"@id\":\"https:\\\/\\\/oseconseils.fr\\\/#organization\",\"name\":\"OSE\",\"url\":\"https:\\\/\\\/oseconseils.fr\\\/\",\"logo\":{\"@type\":\"ImageObject\",\"inLanguage\":\"fr-FR\",\"@id\":\"https:\\\/\\\/oseconseils.fr\\\/#\\\/schema\\\/logo\\\/image\\\/\",\"url\":\"https:\\\/\\\/oseconseils.fr\\\/wp-content\\\/uploads\\\/2024\\\/10\\\/AnyConv.com__OSE-LOGO_groupe-blanc.webp\",\"contentUrl\":\"https:\\\/\\\/oseconseils.fr\\\/wp-content\\\/uploads\\\/2024\\\/10\\\/AnyConv.com__OSE-LOGO_groupe-blanc.webp\",\"width\":1303,\"height\":684,\"caption\":\"OSE\"},\"image\":{\"@id\":\"https:\\\/\\\/oseconseils.fr\\\/#\\\/schema\\\/logo\\\/image\\\/\"},\"sameAs\":[\"https:\\\/\\\/www.linkedin.com\\\/company\\\/oseconseils\\\/posts\\\/?feedView=all\"]}]}<\/script>\n<!-- \/ Yoast SEO plugin. -->","yoast_head_json":{"title":"Carri\u00e8res chez OSE : Construisez Votre Avenir avec Nous","description":"D\u00e9couvrez nos opportunit\u00e9s de carri\u00e8re et rejoignez une \u00e9quipe passionn\u00e9e. Postes \u00e0 pourvoir ! Motiv\u00e9s et pr\u00eats \u00e0 relever de nouveaux d\u00e9fis !","robots":{"index":"index","follow":"follow","max-snippet":"max-snippet:-1","max-image-preview":"max-image-preview:large","max-video-preview":"max-video-preview:-1"},"canonical":"https:\/\/oseconseils.fr\/index.php\/carrieres\/","og_locale":"fr_FR","og_type":"article","og_title":"Carri\u00e8res chez OSE : Construisez Votre Avenir avec Nous","og_description":"D\u00e9couvrez nos opportunit\u00e9s de carri\u00e8re et rejoignez une \u00e9quipe passionn\u00e9e. Postes \u00e0 pourvoir ! Motiv\u00e9s et pr\u00eats \u00e0 relever de nouveaux d\u00e9fis !","og_url":"https:\/\/oseconseils.fr\/index.php\/carrieres\/","og_site_name":"OSE","article_modified_time":"2024-11-08T14:04:47+00:00","og_image":[{"width":2000,"height":1778,"url":"https:\/\/oseconseils.fr\/wp-content\/uploads\/2024\/10\/AnyConv.com__AdobeStock_345656874.webp","type":"image\/webp"}],"twitter_card":"summary_large_image","twitter_misc":{"Dur\u00e9e de lecture estim\u00e9e":"1 minute"},"schema":{"@context":"https:\/\/schema.org","@graph":[{"@type":"WebPage","@id":"https:\/\/oseconseils.fr\/index.php\/carrieres\/","url":"https:\/\/oseconseils.fr\/index.php\/carrieres\/","name":"Carri\u00e8res chez OSE : Construisez Votre Avenir avec Nous","isPartOf":{"@id":"https:\/\/oseconseils.fr\/#website"},"primaryImageOfPage":{"@id":"https:\/\/oseconseils.fr\/index.php\/carrieres\/#primaryimage"},"image":{"@id":"https:\/\/oseconseils.fr\/index.php\/carrieres\/#primaryimage"},"thumbnailUrl":"https:\/\/oseconseils.fr\/wp-content\/uploads\/2024\/10\/AnyConv.com__AdobeStock_345656874.webp","datePublished":"2024-10-11T14:18:29+00:00","dateModified":"2024-11-08T14:04:47+00:00","description":"D\u00e9couvrez nos opportunit\u00e9s de carri\u00e8re et rejoignez une \u00e9quipe passionn\u00e9e. Postes \u00e0 pourvoir ! Motiv\u00e9s et pr\u00eats \u00e0 relever de nouveaux d\u00e9fis !","breadcrumb":{"@id":"https:\/\/oseconseils.fr\/index.php\/carrieres\/#breadcrumb"},"inLanguage":"fr-FR","potentialAction":[{"@type":"ReadAction","target":["https:\/\/oseconseils.fr\/index.php\/carrieres\/"]}]},{"@type":"ImageObject","inLanguage":"fr-FR","@id":"https:\/\/oseconseils.fr\/index.php\/carrieres\/#primaryimage","url":"https:\/\/oseconseils.fr\/wp-content\/uploads\/2024\/10\/AnyConv.com__AdobeStock_345656874.webp","contentUrl":"https:\/\/oseconseils.fr\/wp-content\/uploads\/2024\/10\/AnyConv.com__AdobeStock_345656874.webp","width":2000,"height":1778},{"@type":"BreadcrumbList","@id":"https:\/\/oseconseils.fr\/index.php\/carrieres\/#breadcrumb","itemListElement":[{"@type":"ListItem","position":1,"name":"Accueil","item":"https:\/\/oseconseils.fr\/"},{"@type":"ListItem","position":2,"name":"Carri\u00e8res"}]},{"@type":"WebSite","@id":"https:\/\/oseconseils.fr\/#website","url":"https:\/\/oseconseils.fr\/","name":"OSE","description":"","publisher":{"@id":"https:\/\/oseconseils.fr\/#organization"},"potentialAction":[{"@type":"SearchAction","target":{"@type":"EntryPoint","urlTemplate":"https:\/\/oseconseils.fr\/?s={search_term_string}"},"query-input":{"@type":"PropertyValueSpecification","valueRequired":true,"valueName":"search_term_string"}}],"inLanguage":"fr-FR"},{"@type":"Organization","@id":"https:\/\/oseconseils.fr\/#organization","name":"OSE","url":"https:\/\/oseconseils.fr\/","logo":{"@type":"ImageObject","inLanguage":"fr-FR","@id":"https:\/\/oseconseils.fr\/#\/schema\/logo\/image\/","url":"https:\/\/oseconseils.fr\/wp-content\/uploads\/2024\/10\/AnyConv.com__OSE-LOGO_groupe-blanc.webp","contentUrl":"https:\/\/oseconseils.fr\/wp-content\/uploads\/2024\/10\/AnyConv.com__OSE-LOGO_groupe-blanc.webp","width":1303,"height":684,"caption":"OSE"},"image":{"@id":"https:\/\/oseconseils.fr\/#\/schema\/logo\/image\/"},"sameAs":["https:\/\/www.linkedin.com\/company\/oseconseils\/posts\/?feedView=all"]}]}},"_links":{"self":[{"href":"https:\/\/oseconseils.fr\/index.php\/wp-json\/wp\/v2\/pages\/42","targetHints":{"allow":["GET"]}}],"collection":[{"href":"https:\/\/oseconseils.fr\/index.php\/wp-json\/wp\/v2\/pages"}],"about":[{"href":"https:\/\/oseconseils.fr\/index.php\/wp-json\/wp\/v2\/types\/page"}],"author":[{"embeddable":true,"href":"https:\/\/oseconseils.fr\/index.php\/wp-json\/wp\/v2\/users\/1"}],"replies":[{"embeddable":true,"href":"https:\/\/oseconseils.fr\/index.php\/wp-json\/wp\/v2\/comments?post=42"}],"version-history":[{"count":208,"href":"https:\/\/oseconseils.fr\/index.php\/wp-json\/wp\/v2\/pages\/42\/revisions"}],"predecessor-version":[{"id":2134,"href":"https:\/\/oseconseils.fr\/index.php\/wp-json\/wp\/v2\/pages\/42\/revisions\/2134"}],"wp:featuredmedia":[{"embeddable":true,"href":"https:\/\/oseconseils.fr\/index.php\/wp-json\/wp\/v2\/media\/316"}],"wp:attachment":[{"href":"https:\/\/oseconseils.fr\/index.php\/wp-json\/wp\/v2\/media?parent=42"}],"curies":[{"name":"wp","href":"https:\/\/api.w.org\/{rel}","templated":true}]}}