{"id":57,"date":"2024-10-11T16:23:10","date_gmt":"2024-10-11T14:23:10","guid":{"rendered":"http:\/\/localhost\/OSE\/?page_id=57"},"modified":"2025-03-24T10:49:19","modified_gmt":"2025-03-24T09:49:19","slug":"services-en-ligne","status":"publish","type":"page","link":"https:\/\/oseconseils.fr\/index.php\/services-en-ligne\/","title":{"rendered":"Services en ligne"},"content":{"rendered":"\t\t<div data-elementor-type=\"wp-page\" data-elementor-id=\"57\" class=\"elementor elementor-57\">\n\t\t\t\t<div class=\"elementor-element elementor-element-ef54a95 e-flex e-con-boxed wpr-particle-no wpr-jarallax-no wpr-parallax-no wpr-sticky-section-no e-con e-parent\" data-id=\"ef54a95\" data-element_type=\"container\" data-e-type=\"container\">\n\t\t\t\t\t<div class=\"e-con-inner\">\n\t\t\t\t<div class=\"elementor-element elementor-element-e48cc63 elementor-absolute elementor-widget elementor-widget-image\" data-id=\"e48cc63\" data-element_type=\"widget\" data-e-type=\"widget\" data-settings=\"{&quot;_position&quot;:&quot;absolute&quot;}\" data-widget_type=\"image.default\">\n\t\t\t\t<div class=\"elementor-widget-container\">\n\t\t\t\t\t\t\t\t\t\t\t\t\t\t\t<img fetchpriority=\"high\" decoding=\"async\" width=\"800\" height=\"488\" src=\"https:\/\/oseconseils.fr\/wp-content\/uploads\/2024\/10\/AnyConv.com__AdobeStock_142475162-Filtre-1024x625.webp\" class=\"attachment-large size-large wp-image-260\" alt=\"\" srcset=\"https:\/\/oseconseils.fr\/wp-content\/uploads\/2024\/10\/AnyConv.com__AdobeStock_142475162-Filtre-1024x625.webp 1024w, https:\/\/oseconseils.fr\/wp-content\/uploads\/2024\/10\/AnyConv.com__AdobeStock_142475162-Filtre-300x183.webp 300w, https:\/\/oseconseils.fr\/wp-content\/uploads\/2024\/10\/AnyConv.com__AdobeStock_142475162-Filtre-768x469.webp 768w, https:\/\/oseconseils.fr\/wp-content\/uploads\/2024\/10\/AnyConv.com__AdobeStock_142475162-Filtre-1536x938.webp 1536w, https:\/\/oseconseils.fr\/wp-content\/uploads\/2024\/10\/AnyConv.com__AdobeStock_142475162-Filtre.webp 1920w\" sizes=\"(max-width: 800px) 100vw, 800px\" \/>\t\t\t\t\t\t\t\t\t\t\t\t\t\t\t<\/div>\n\t\t\t\t<\/div>\n\t\t\t\t\t<\/div>\n\t\t\t\t<\/div>\n\t\t<div class=\"elementor-element elementor-element-4a872be e-con-full e-flex wpr-particle-no wpr-jarallax-no wpr-parallax-no wpr-sticky-section-no e-con e-parent\" data-id=\"4a872be\" data-element_type=\"container\" data-e-type=\"container\">\n\t\t\t\t<div class=\"elementor-element elementor-element-ab546e5 elementor-widget elementor-widget-heading\" data-id=\"ab546e5\" data-element_type=\"widget\" data-e-type=\"widget\" data-widget_type=\"heading.default\">\n\t\t\t\t<div class=\"elementor-widget-container\">\n\t\t\t\t\t<h2 class=\"elementor-heading-title elementor-size-default\">Accueil \/ Mentions L\u00e9gales<\/h2>\t\t\t\t<\/div>\n\t\t\t\t<\/div>\n\t\t\t\t<div class=\"elementor-element elementor-element-510d8d5 elementor-widget elementor-widget-heading\" data-id=\"510d8d5\" data-element_type=\"widget\" data-e-type=\"widget\" data-widget_type=\"heading.default\">\n\t\t\t\t<div class=\"elementor-widget-container\">\n\t\t\t\t\t<h2 class=\"elementor-heading-title elementor-size-default\">Services en lignes<\/h2>\t\t\t\t<\/div>\n\t\t\t\t<\/div>\n\t\t\t\t<\/div>\n\t\t<div class=\"elementor-element elementor-element-bfaf113 e-grid e-con-full wpr-particle-no wpr-jarallax-no wpr-parallax-no wpr-sticky-section-no e-con e-parent\" data-id=\"bfaf113\" data-element_type=\"container\" data-e-type=\"container\">\n\t\t\t\t<div class=\"elementor-element elementor-element-0059baa elementor-widget elementor-widget-image\" data-id=\"0059baa\" data-element_type=\"widget\" data-e-type=\"widget\" data-widget_type=\"image.default\">\n\t\t\t\t<div class=\"elementor-widget-container\">\n\t\t\t\t\t\t\t\t\t\t\t\t\t\t\t\t<a href=\"https:\/\/www.acd-groupe.fr\/\" target=\"_blank\">\n\t\t\t\t\t\t\t<img decoding=\"async\" width=\"2048\" height=\"710\" src=\"https:\/\/oseconseils.fr\/wp-content\/uploads\/2024\/10\/AnyConv.com__acd-2048x710.webp\" class=\"attachment-2048x2048 size-2048x2048 wp-image-1235\" alt=\"\" srcset=\"https:\/\/oseconseils.fr\/wp-content\/uploads\/2024\/10\/AnyConv.com__acd-2048x710.webp 2048w, https:\/\/oseconseils.fr\/wp-content\/uploads\/2024\/10\/AnyConv.com__acd-300x104.webp 300w, https:\/\/oseconseils.fr\/wp-content\/uploads\/2024\/10\/AnyConv.com__acd-1024x355.webp 1024w, https:\/\/oseconseils.fr\/wp-content\/uploads\/2024\/10\/AnyConv.com__acd-768x266.webp 768w, https:\/\/oseconseils.fr\/wp-content\/uploads\/2024\/10\/AnyConv.com__acd-1536x533.webp 1536w, https:\/\/oseconseils.fr\/wp-content\/uploads\/2024\/10\/AnyConv.com__acd-200x69.webp 200w\" sizes=\"(max-width: 2048px) 100vw, 2048px\" \/>\t\t\t\t\t\t\t\t<\/a>\n\t\t\t\t\t\t\t\t\t\t\t\t\t\t\t<\/div>\n\t\t\t\t<\/div>\n\t\t\t\t<div class=\"elementor-element elementor-element-8fb796b elementor-widget elementor-widget-text-editor\" data-id=\"8fb796b\" data-element_type=\"widget\" data-e-type=\"widget\" data-widget_type=\"text-editor.default\">\n\t\t\t\t<div class=\"elementor-widget-container\">\n\t\t\t\t\t\t\t\t\t<p><a href=\"https:\/\/www.acd-groupe.fr\/\" target=\"_blank\" rel=\"noopener\">Chaque\u00a0software de comptabilit\u00e9, de paie ou de gestion propos\u00e9 par ACD groupe est sp\u00e9cialement d\u00e9velopp\u00e9 pour les besoins des cabinets d&rsquo;experts-comptables. Issu de la fusion de deux \u00e9diteurs de logiciels informatiques, ACD groupe propose depuis quelques ann\u00e9es 3 solutions compl\u00e8tes :\u00a0SUITE EXPERT, I-SUITE EXPERT et ACD ON DEMAND, ainsi qu&rsquo;une offre de services et de formations. Quels sont les services en d\u00e9tail ? comment ACD peut-il accompagner les cabinets comptables dans leur transition num\u00e9rique ? Pourquoi choisir cette offre ? Voici notre dossier sur le sujet.<\/a><\/p>\t\t\t\t\t\t\t\t<\/div>\n\t\t\t\t<\/div>\n\t\t\t\t<div class=\"elementor-element elementor-element-81c6c0f elementor-widget elementor-widget-image\" data-id=\"81c6c0f\" data-element_type=\"widget\" data-e-type=\"widget\" data-widget_type=\"image.default\">\n\t\t\t\t<div class=\"elementor-widget-container\">\n\t\t\t\t\t\t\t\t\t\t\t\t\t\t\t\t<a href=\"https:\/\/www.silae.fr\/\" target=\"_blank\">\n\t\t\t\t\t\t\t<img decoding=\"async\" width=\"489\" height=\"163\" src=\"https:\/\/oseconseils.fr\/wp-content\/uploads\/2024\/10\/AnyConv.com__silae.webp\" class=\"attachment-2048x2048 size-2048x2048 wp-image-1236\" alt=\"\" srcset=\"https:\/\/oseconseils.fr\/wp-content\/uploads\/2024\/10\/AnyConv.com__silae.webp 489w, https:\/\/oseconseils.fr\/wp-content\/uploads\/2024\/10\/AnyConv.com__silae-300x100.webp 300w, https:\/\/oseconseils.fr\/wp-content\/uploads\/2024\/10\/AnyConv.com__silae-200x67.webp 200w\" sizes=\"(max-width: 489px) 100vw, 489px\" \/>\t\t\t\t\t\t\t\t<\/a>\n\t\t\t\t\t\t\t\t\t\t\t\t\t\t\t<\/div>\n\t\t\t\t<\/div>\n\t\t\t\t<div class=\"elementor-element elementor-element-a8a68bb elementor-widget elementor-widget-text-editor\" data-id=\"a8a68bb\" data-element_type=\"widget\" data-e-type=\"widget\" data-widget_type=\"text-editor.default\">\n\t\t\t\t<div class=\"elementor-widget-container\">\n\t\t\t\t\t\t\t\t\t<p><a href=\"https:\/\/www.silae.fr\/\">Con\u00e7ue pour r\u00e9pondre aux besoins des gestionnaires de paie, notre solution vous offre une s\u00e9curit\u00e9 et une fiabilit\u00e9 in\u00e9gal\u00e9es dans la\u00a0gestion de vos processus de paie.<\/a><br \/><a href=\"https:\/\/www.silae.fr\/\">Avec 900 conventions collectives mod\u00e9lis\u00e9es, vous \u00eates toujours conforme aux exigences l\u00e9gales gr\u00e2ce \u00e0 des mises \u00e0 jour hebdomadaires. La collecte de donn\u00e9es pour la paie est automatis\u00e9e et simplifi\u00e9e, vous permettant de g\u00e9rer efficacement les salaires, les cong\u00e9s, les absences et les arr\u00eats de travail.<\/a><\/p>\t\t\t\t\t\t\t\t<\/div>\n\t\t\t\t<\/div>\n\t\t\t\t<div class=\"elementor-element elementor-element-05db65c elementor-widget elementor-widget-image\" data-id=\"05db65c\" data-element_type=\"widget\" data-e-type=\"widget\" data-widget_type=\"image.default\">\n\t\t\t\t<div class=\"elementor-widget-container\">\n\t\t\t\t\t\t\t\t\t\t\t\t\t\t\t\t<a href=\"https:\/\/www.inqom.com\/\" target=\"_blank\">\n\t\t\t\t\t\t\t<img loading=\"lazy\" decoding=\"async\" width=\"954\" height=\"256\" src=\"https:\/\/oseconseils.fr\/wp-content\/uploads\/2025\/03\/6239a5cb4858760962163437_Full-Logo-\u2014-color_flat@2xNEW.webp\" class=\"attachment-2048x2048 size-2048x2048 wp-image-2399\" alt=\"\" srcset=\"https:\/\/oseconseils.fr\/wp-content\/uploads\/2025\/03\/6239a5cb4858760962163437_Full-Logo-\u2014-color_flat@2xNEW.webp 954w, https:\/\/oseconseils.fr\/wp-content\/uploads\/2025\/03\/6239a5cb4858760962163437_Full-Logo-\u2014-color_flat@2xNEW-300x81.webp 300w, https:\/\/oseconseils.fr\/wp-content\/uploads\/2025\/03\/6239a5cb4858760962163437_Full-Logo-\u2014-color_flat@2xNEW-768x206.webp 768w, https:\/\/oseconseils.fr\/wp-content\/uploads\/2025\/03\/6239a5cb4858760962163437_Full-Logo-\u2014-color_flat@2xNEW-200x54.webp 200w\" sizes=\"(max-width: 954px) 100vw, 954px\" \/>\t\t\t\t\t\t\t\t<\/a>\n\t\t\t\t\t\t\t\t\t\t\t\t\t\t\t<\/div>\n\t\t\t\t<\/div>\n\t\t\t\t<div class=\"elementor-element elementor-element-18b9efe elementor-widget elementor-widget-text-editor\" data-id=\"18b9efe\" data-element_type=\"widget\" data-e-type=\"widget\" data-widget_type=\"text-editor.default\">\n\t\t\t\t<div class=\"elementor-widget-container\">\n\t\t\t\t\t\t\t\t\t<p><a href=\"https:\/\/www.inqom.com\/\">Con\u00e7ue pour r\u00e9pondre aux besoins des gestionnaires de paie, notre solution vous offre une s\u00e9curit\u00e9 et une fiabilit\u00e9 in\u00e9gal\u00e9es dans la\u00a0gestion de vos processus de paie.<\/a><br \/><a href=\"https:\/\/www.silae.fr\/\">Avec 900 conventions collectives mod\u00e9lis\u00e9es, vous \u00eates toujours conforme aux exigences l\u00e9gales gr\u00e2ce \u00e0 des mises \u00e0 jour hebdomadaires. La collecte de donn\u00e9es pour la paie est automatis\u00e9e et simplifi\u00e9e, vous permettant de g\u00e9rer efficacement les salaires, les cong\u00e9s, les absences et les arr\u00eats de travail.<\/a><\/p>\t\t\t\t\t\t\t\t<\/div>\n\t\t\t\t<\/div>\n\t\t\t\t<\/div>\n\t\t\t\t<\/div>\n\t\t","protected":false},"excerpt":{"rendered":"<p>Accueil \/ Mentions L\u00e9gales Services en lignes Chaque\u00a0software de comptabilit\u00e9, de paie ou de gestion propos\u00e9 par ACD groupe est sp\u00e9cialement d\u00e9velopp\u00e9 pour les besoins des cabinets d&rsquo;experts-comptables. Issu de la fusion de deux \u00e9diteurs de logiciels informatiques, ACD groupe propose depuis quelques ann\u00e9es 3 solutions compl\u00e8tes :\u00a0SUITE EXPERT, I-SUITE EXPERT et ACD ON DEMAND, ainsi qu&rsquo;une offre de services et de formations. Quels sont les services en d\u00e9tail ? comment ACD peut-il accompagner les cabinets comptables dans leur transition num\u00e9rique ? Pourquoi choisir cette offre ? Voici notre dossier sur le sujet. Con\u00e7ue pour r\u00e9pondre aux besoins des gestionnaires de paie, notre solution vous offre une s\u00e9curit\u00e9 et une fiabilit\u00e9 in\u00e9gal\u00e9es dans la\u00a0gestion de vos processus de paie.Avec 900 conventions collectives mod\u00e9lis\u00e9es, vous \u00eates toujours conforme aux exigences l\u00e9gales gr\u00e2ce \u00e0 des mises \u00e0 jour hebdomadaires. La collecte de donn\u00e9es pour la paie est automatis\u00e9e et simplifi\u00e9e, vous permettant de g\u00e9rer efficacement les salaires, les cong\u00e9s, les absences et les arr\u00eats de travail. Con\u00e7ue pour r\u00e9pondre aux besoins des gestionnaires de paie, notre solution vous offre une s\u00e9curit\u00e9 et une fiabilit\u00e9 in\u00e9gal\u00e9es dans la\u00a0gestion de vos processus de paie.Avec 900 conventions collectives mod\u00e9lis\u00e9es, vous \u00eates toujours conforme aux exigences l\u00e9gales gr\u00e2ce \u00e0 des mises \u00e0 jour hebdomadaires. La collecte de donn\u00e9es pour la paie est automatis\u00e9e et simplifi\u00e9e, vous permettant de g\u00e9rer efficacement les salaires, les cong\u00e9s, les absences et les arr\u00eats de travail.<\/p>\n","protected":false},"author":1,"featured_media":385,"parent":0,"menu_order":0,"comment_status":"closed","ping_status":"closed","template":"","meta":{"footnotes":""},"class_list":["post-57","page","type-page","status-publish","has-post-thumbnail","hentry"],"yoast_head":"<!-- This site is optimized with the Yoast SEO plugin v27.3 - https:\/\/yoast.com\/product\/yoast-seo-wordpress\/ -->\n<title>OSE - Services en ligne : Solutions Pratiques pour Votre Entreprise<\/title>\n<meta name=\"description\" content=\"Explorez nos services en ligne qui vont simplifier votre quotidien et am\u00e9liorer votre efficacit\u00e9.\" \/>\n<meta name=\"robots\" content=\"index, follow, max-snippet:-1, max-image-preview:large, max-video-preview:-1\" \/>\n<link rel=\"canonical\" href=\"https:\/\/oseconseils.fr\/index.php\/services-en-ligne\/\" \/>\n<meta property=\"og:locale\" content=\"fr_FR\" \/>\n<meta property=\"og:type\" content=\"article\" \/>\n<meta property=\"og:title\" content=\"OSE - Services en ligne : Solutions Pratiques pour Votre Entreprise\" \/>\n<meta property=\"og:description\" content=\"Explorez nos services en ligne qui vont simplifier votre quotidien et am\u00e9liorer votre efficacit\u00e9.\" \/>\n<meta property=\"og:url\" content=\"https:\/\/oseconseils.fr\/index.php\/services-en-ligne\/\" \/>\n<meta property=\"og:site_name\" content=\"OSE\" \/>\n<meta property=\"article:modified_time\" content=\"2025-03-24T09:49:19+00:00\" \/>\n<meta property=\"og:image\" content=\"https:\/\/oseconseils.fr\/wp-content\/uploads\/2024\/10\/AnyConv.com__AdobeStock_142475162-copie-scaled.webp\" \/>\n\t<meta property=\"og:image:width\" content=\"1806\" \/>\n\t<meta property=\"og:image:height\" content=\"2560\" \/>\n\t<meta property=\"og:image:type\" content=\"image\/webp\" \/>\n<meta name=\"twitter:card\" content=\"summary_large_image\" \/>\n<meta name=\"twitter:label1\" content=\"Dur\u00e9e de lecture estim\u00e9e\" \/>\n\t<meta name=\"twitter:data1\" content=\"3 minutes\" \/>\n<script type=\"application\/ld+json\" class=\"yoast-schema-graph\">{\"@context\":\"https:\\\/\\\/schema.org\",\"@graph\":[{\"@type\":\"WebPage\",\"@id\":\"https:\\\/\\\/oseconseils.fr\\\/index.php\\\/services-en-ligne\\\/\",\"url\":\"https:\\\/\\\/oseconseils.fr\\\/index.php\\\/services-en-ligne\\\/\",\"name\":\"OSE - Services en ligne : Solutions Pratiques pour Votre Entreprise\",\"isPartOf\":{\"@id\":\"https:\\\/\\\/oseconseils.fr\\\/#website\"},\"primaryImageOfPage\":{\"@id\":\"https:\\\/\\\/oseconseils.fr\\\/index.php\\\/services-en-ligne\\\/#primaryimage\"},\"image\":{\"@id\":\"https:\\\/\\\/oseconseils.fr\\\/index.php\\\/services-en-ligne\\\/#primaryimage\"},\"thumbnailUrl\":\"https:\\\/\\\/oseconseils.fr\\\/wp-content\\\/uploads\\\/2024\\\/10\\\/AnyConv.com__AdobeStock_142475162-copie-scaled.webp\",\"datePublished\":\"2024-10-11T14:23:10+00:00\",\"dateModified\":\"2025-03-24T09:49:19+00:00\",\"description\":\"Explorez nos services en ligne qui vont simplifier votre quotidien et am\u00e9liorer votre efficacit\u00e9.\",\"breadcrumb\":{\"@id\":\"https:\\\/\\\/oseconseils.fr\\\/index.php\\\/services-en-ligne\\\/#breadcrumb\"},\"inLanguage\":\"fr-FR\",\"potentialAction\":[{\"@type\":\"ReadAction\",\"target\":[\"https:\\\/\\\/oseconseils.fr\\\/index.php\\\/services-en-ligne\\\/\"]}]},{\"@type\":\"ImageObject\",\"inLanguage\":\"fr-FR\",\"@id\":\"https:\\\/\\\/oseconseils.fr\\\/index.php\\\/services-en-ligne\\\/#primaryimage\",\"url\":\"https:\\\/\\\/oseconseils.fr\\\/wp-content\\\/uploads\\\/2024\\\/10\\\/AnyConv.com__AdobeStock_142475162-copie-scaled.webp\",\"contentUrl\":\"https:\\\/\\\/oseconseils.fr\\\/wp-content\\\/uploads\\\/2024\\\/10\\\/AnyConv.com__AdobeStock_142475162-copie-scaled.webp\",\"width\":1806,\"height\":2560},{\"@type\":\"BreadcrumbList\",\"@id\":\"https:\\\/\\\/oseconseils.fr\\\/index.php\\\/services-en-ligne\\\/#breadcrumb\",\"itemListElement\":[{\"@type\":\"ListItem\",\"position\":1,\"name\":\"Accueil\",\"item\":\"https:\\\/\\\/oseconseils.fr\\\/\"},{\"@type\":\"ListItem\",\"position\":2,\"name\":\"Services en ligne\"}]},{\"@type\":\"WebSite\",\"@id\":\"https:\\\/\\\/oseconseils.fr\\\/#website\",\"url\":\"https:\\\/\\\/oseconseils.fr\\\/\",\"name\":\"OSE\",\"description\":\"\",\"publisher\":{\"@id\":\"https:\\\/\\\/oseconseils.fr\\\/#organization\"},\"potentialAction\":[{\"@type\":\"SearchAction\",\"target\":{\"@type\":\"EntryPoint\",\"urlTemplate\":\"https:\\\/\\\/oseconseils.fr\\\/?s={search_term_string}\"},\"query-input\":{\"@type\":\"PropertyValueSpecification\",\"valueRequired\":true,\"valueName\":\"search_term_string\"}}],\"inLanguage\":\"fr-FR\"},{\"@type\":\"Organization\",\"@id\":\"https:\\\/\\\/oseconseils.fr\\\/#organization\",\"name\":\"OSE\",\"url\":\"https:\\\/\\\/oseconseils.fr\\\/\",\"logo\":{\"@type\":\"ImageObject\",\"inLanguage\":\"fr-FR\",\"@id\":\"https:\\\/\\\/oseconseils.fr\\\/#\\\/schema\\\/logo\\\/image\\\/\",\"url\":\"https:\\\/\\\/oseconseils.fr\\\/wp-content\\\/uploads\\\/2024\\\/10\\\/AnyConv.com__OSE-LOGO_groupe-blanc.webp\",\"contentUrl\":\"https:\\\/\\\/oseconseils.fr\\\/wp-content\\\/uploads\\\/2024\\\/10\\\/AnyConv.com__OSE-LOGO_groupe-blanc.webp\",\"width\":1303,\"height\":684,\"caption\":\"OSE\"},\"image\":{\"@id\":\"https:\\\/\\\/oseconseils.fr\\\/#\\\/schema\\\/logo\\\/image\\\/\"},\"sameAs\":[\"https:\\\/\\\/www.linkedin.com\\\/company\\\/oseconseils\\\/posts\\\/?feedView=all\"]}]}<\/script>\n<!-- \/ Yoast SEO plugin. -->","yoast_head_json":{"title":"OSE - Services en ligne : Solutions Pratiques pour Votre Entreprise","description":"Explorez nos services en ligne qui vont simplifier votre quotidien et am\u00e9liorer votre efficacit\u00e9.","robots":{"index":"index","follow":"follow","max-snippet":"max-snippet:-1","max-image-preview":"max-image-preview:large","max-video-preview":"max-video-preview:-1"},"canonical":"https:\/\/oseconseils.fr\/index.php\/services-en-ligne\/","og_locale":"fr_FR","og_type":"article","og_title":"OSE - Services en ligne : Solutions Pratiques pour Votre Entreprise","og_description":"Explorez nos services en ligne qui vont simplifier votre quotidien et am\u00e9liorer votre efficacit\u00e9.","og_url":"https:\/\/oseconseils.fr\/index.php\/services-en-ligne\/","og_site_name":"OSE","article_modified_time":"2025-03-24T09:49:19+00:00","og_image":[{"width":1806,"height":2560,"url":"https:\/\/oseconseils.fr\/wp-content\/uploads\/2024\/10\/AnyConv.com__AdobeStock_142475162-copie-scaled.webp","type":"image\/webp"}],"twitter_card":"summary_large_image","twitter_misc":{"Dur\u00e9e de lecture estim\u00e9e":"3 minutes"},"schema":{"@context":"https:\/\/schema.org","@graph":[{"@type":"WebPage","@id":"https:\/\/oseconseils.fr\/index.php\/services-en-ligne\/","url":"https:\/\/oseconseils.fr\/index.php\/services-en-ligne\/","name":"OSE - Services en ligne : Solutions Pratiques pour Votre Entreprise","isPartOf":{"@id":"https:\/\/oseconseils.fr\/#website"},"primaryImageOfPage":{"@id":"https:\/\/oseconseils.fr\/index.php\/services-en-ligne\/#primaryimage"},"image":{"@id":"https:\/\/oseconseils.fr\/index.php\/services-en-ligne\/#primaryimage"},"thumbnailUrl":"https:\/\/oseconseils.fr\/wp-content\/uploads\/2024\/10\/AnyConv.com__AdobeStock_142475162-copie-scaled.webp","datePublished":"2024-10-11T14:23:10+00:00","dateModified":"2025-03-24T09:49:19+00:00","description":"Explorez nos services en ligne qui vont simplifier votre quotidien et am\u00e9liorer votre efficacit\u00e9.","breadcrumb":{"@id":"https:\/\/oseconseils.fr\/index.php\/services-en-ligne\/#breadcrumb"},"inLanguage":"fr-FR","potentialAction":[{"@type":"ReadAction","target":["https:\/\/oseconseils.fr\/index.php\/services-en-ligne\/"]}]},{"@type":"ImageObject","inLanguage":"fr-FR","@id":"https:\/\/oseconseils.fr\/index.php\/services-en-ligne\/#primaryimage","url":"https:\/\/oseconseils.fr\/wp-content\/uploads\/2024\/10\/AnyConv.com__AdobeStock_142475162-copie-scaled.webp","contentUrl":"https:\/\/oseconseils.fr\/wp-content\/uploads\/2024\/10\/AnyConv.com__AdobeStock_142475162-copie-scaled.webp","width":1806,"height":2560},{"@type":"BreadcrumbList","@id":"https:\/\/oseconseils.fr\/index.php\/services-en-ligne\/#breadcrumb","itemListElement":[{"@type":"ListItem","position":1,"name":"Accueil","item":"https:\/\/oseconseils.fr\/"},{"@type":"ListItem","position":2,"name":"Services en ligne"}]},{"@type":"WebSite","@id":"https:\/\/oseconseils.fr\/#website","url":"https:\/\/oseconseils.fr\/","name":"OSE","description":"","publisher":{"@id":"https:\/\/oseconseils.fr\/#organization"},"potentialAction":[{"@type":"SearchAction","target":{"@type":"EntryPoint","urlTemplate":"https:\/\/oseconseils.fr\/?s={search_term_string}"},"query-input":{"@type":"PropertyValueSpecification","valueRequired":true,"valueName":"search_term_string"}}],"inLanguage":"fr-FR"},{"@type":"Organization","@id":"https:\/\/oseconseils.fr\/#organization","name":"OSE","url":"https:\/\/oseconseils.fr\/","logo":{"@type":"ImageObject","inLanguage":"fr-FR","@id":"https:\/\/oseconseils.fr\/#\/schema\/logo\/image\/","url":"https:\/\/oseconseils.fr\/wp-content\/uploads\/2024\/10\/AnyConv.com__OSE-LOGO_groupe-blanc.webp","contentUrl":"https:\/\/oseconseils.fr\/wp-content\/uploads\/2024\/10\/AnyConv.com__OSE-LOGO_groupe-blanc.webp","width":1303,"height":684,"caption":"OSE"},"image":{"@id":"https:\/\/oseconseils.fr\/#\/schema\/logo\/image\/"},"sameAs":["https:\/\/www.linkedin.com\/company\/oseconseils\/posts\/?feedView=all"]}]}},"_links":{"self":[{"href":"https:\/\/oseconseils.fr\/index.php\/wp-json\/wp\/v2\/pages\/57","targetHints":{"allow":["GET"]}}],"collection":[{"href":"https:\/\/oseconseils.fr\/index.php\/wp-json\/wp\/v2\/pages"}],"about":[{"href":"https:\/\/oseconseils.fr\/index.php\/wp-json\/wp\/v2\/types\/page"}],"author":[{"embeddable":true,"href":"https:\/\/oseconseils.fr\/index.php\/wp-json\/wp\/v2\/users\/1"}],"replies":[{"embeddable":true,"href":"https:\/\/oseconseils.fr\/index.php\/wp-json\/wp\/v2\/comments?post=57"}],"version-history":[{"count":52,"href":"https:\/\/oseconseils.fr\/index.php\/wp-json\/wp\/v2\/pages\/57\/revisions"}],"predecessor-version":[{"id":2402,"href":"https:\/\/oseconseils.fr\/index.php\/wp-json\/wp\/v2\/pages\/57\/revisions\/2402"}],"wp:featuredmedia":[{"embeddable":true,"href":"https:\/\/oseconseils.fr\/index.php\/wp-json\/wp\/v2\/media\/385"}],"wp:attachment":[{"href":"https:\/\/oseconseils.fr\/index.php\/wp-json\/wp\/v2\/media?parent=57"}],"curies":[{"name":"wp","href":"https:\/\/api.w.org\/{rel}","templated":true}]}}