{"id":98,"date":"2024-10-11T16:31:20","date_gmt":"2024-10-11T14:31:20","guid":{"rendered":"http:\/\/localhost\/OSE\/?page_id=98"},"modified":"2024-11-07T10:21:40","modified_gmt":"2024-11-07T09:21:40","slug":"gestion-des-cookies","status":"publish","type":"page","link":"https:\/\/oseconseils.fr\/index.php\/gestion-des-cookies\/","title":{"rendered":"Gestion des cookies"},"content":{"rendered":"\t\t<div data-elementor-type=\"wp-page\" data-elementor-id=\"98\" class=\"elementor elementor-98\">\n\t\t\t\t<div class=\"elementor-element elementor-element-9011cb3 e-flex e-con-boxed wpr-particle-no wpr-jarallax-no wpr-parallax-no wpr-sticky-section-no e-con e-parent\" data-id=\"9011cb3\" data-element_type=\"container\" data-e-type=\"container\">\n\t\t\t\t\t<div class=\"e-con-inner\">\n\t\t\t\t<div class=\"elementor-element elementor-element-4326289 elementor-absolute elementor-widget elementor-widget-image\" data-id=\"4326289\" data-element_type=\"widget\" data-e-type=\"widget\" data-settings=\"{&quot;_position&quot;:&quot;absolute&quot;}\" data-widget_type=\"image.default\">\n\t\t\t\t<div class=\"elementor-widget-container\">\n\t\t\t\t\t\t\t\t\t\t\t\t\t\t\t<img fetchpriority=\"high\" decoding=\"async\" width=\"800\" height=\"488\" src=\"https:\/\/oseconseils.fr\/wp-content\/uploads\/2024\/10\/AnyConv.com__AdobeStock_142475162-Filtre-1024x625.webp\" class=\"attachment-large size-large wp-image-260\" alt=\"\" srcset=\"https:\/\/oseconseils.fr\/wp-content\/uploads\/2024\/10\/AnyConv.com__AdobeStock_142475162-Filtre-1024x625.webp 1024w, https:\/\/oseconseils.fr\/wp-content\/uploads\/2024\/10\/AnyConv.com__AdobeStock_142475162-Filtre-300x183.webp 300w, https:\/\/oseconseils.fr\/wp-content\/uploads\/2024\/10\/AnyConv.com__AdobeStock_142475162-Filtre-768x469.webp 768w, https:\/\/oseconseils.fr\/wp-content\/uploads\/2024\/10\/AnyConv.com__AdobeStock_142475162-Filtre-1536x938.webp 1536w, https:\/\/oseconseils.fr\/wp-content\/uploads\/2024\/10\/AnyConv.com__AdobeStock_142475162-Filtre.webp 1920w\" sizes=\"(max-width: 800px) 100vw, 800px\" \/>\t\t\t\t\t\t\t\t\t\t\t\t\t\t\t<\/div>\n\t\t\t\t<\/div>\n\t\t\t\t\t<\/div>\n\t\t\t\t<\/div>\n\t\t<div class=\"elementor-element elementor-element-6c52e57 e-con-full e-flex wpr-particle-no wpr-jarallax-no wpr-parallax-no wpr-sticky-section-no e-con e-parent\" data-id=\"6c52e57\" data-element_type=\"container\" data-e-type=\"container\">\n\t\t\t\t<div class=\"elementor-element elementor-element-002ce74 elementor-widget elementor-widget-heading\" data-id=\"002ce74\" data-element_type=\"widget\" data-e-type=\"widget\" data-widget_type=\"heading.default\">\n\t\t\t\t<div class=\"elementor-widget-container\">\n\t\t\t\t\t<h2 class=\"elementor-heading-title elementor-size-default\">Accueil \/ Gestion des cookies<\/h2>\t\t\t\t<\/div>\n\t\t\t\t<\/div>\n\t\t\t\t<div class=\"elementor-element elementor-element-f3a3cc0 elementor-widget elementor-widget-heading\" data-id=\"f3a3cc0\" data-element_type=\"widget\" data-e-type=\"widget\" data-widget_type=\"heading.default\">\n\t\t\t\t<div class=\"elementor-widget-container\">\n\t\t\t\t\t<h2 class=\"elementor-heading-title elementor-size-default\">Gestion des cookies<\/h2>\t\t\t\t<\/div>\n\t\t\t\t<\/div>\n\t\t\t\t<\/div>\n\t\t<div class=\"elementor-element elementor-element-69db525 e-con-full e-flex wpr-particle-no wpr-jarallax-no wpr-parallax-no wpr-sticky-section-no e-con e-parent\" data-id=\"69db525\" data-element_type=\"container\" data-e-type=\"container\">\n\t\t\t\t<div class=\"elementor-element elementor-element-d870614 elementor-widget elementor-widget-text-editor\" data-id=\"d870614\" data-element_type=\"widget\" data-e-type=\"widget\" data-widget_type=\"text-editor.default\">\n\t\t\t\t<div class=\"elementor-widget-container\">\n\t\t\t\t\t\t\t\t\t<p><span style=\"white-space-collapse: preserve;\">Lorem ipsum dolor sit amet consectetur. In enim adipiscing mi a velit natoque consectetur turpis. In tortor id aliquet vitae et scelerisque. Lectus dictum vitae faucibus semper tristique. Quis eu vitae at etiam odio duis. Elementum curabitur eleifend cursus sit ut. Sed semper posuere non maecenas aliquet congue et malesuada. Nec elementum ut tellus massa ridiculus ultricies. Tincidunt donec pellentesque cras iaculis facilisis vitae risus sodales est. Ut egestas et tristique pharetra consectetur. Posuere at sagittis sit sed nibh amet neque. Sit vulputate sed amet imperdiet est massa orci. Malesuada pellentesque sit vitae tempus elementum enim non amet.<\/span><\/p>\t\t\t\t\t\t\t\t<\/div>\n\t\t\t\t<\/div>\n\t\t\t\t<\/div>\n\t\t\t\t<\/div>\n\t\t","protected":false},"excerpt":{"rendered":"<p>Accueil \/ Gestion des cookies Gestion des cookies Lorem ipsum dolor sit amet consectetur. In enim adipiscing mi a velit natoque consectetur turpis. In tortor id aliquet vitae et scelerisque. Lectus dictum vitae faucibus semper tristique. Quis eu vitae at etiam odio duis. Elementum curabitur eleifend cursus sit ut. Sed semper posuere non maecenas aliquet congue et malesuada. Nec elementum ut tellus massa ridiculus ultricies. Tincidunt donec pellentesque cras iaculis facilisis vitae risus sodales est. Ut egestas et tristique pharetra consectetur. Posuere at sagittis sit sed nibh amet neque. Sit vulputate sed amet imperdiet est massa orci. Malesuada pellentesque sit vitae tempus elementum enim non amet.<\/p>\n","protected":false},"author":1,"featured_media":1547,"parent":0,"menu_order":0,"comment_status":"closed","ping_status":"closed","template":"","meta":{"footnotes":""},"class_list":["post-98","page","type-page","status-publish","has-post-thumbnail","hentry"],"yoast_head":"<!-- This site is optimized with the Yoast SEO plugin v27.3 - https:\/\/yoast.com\/product\/yoast-seo-wordpress\/ -->\n<title>OSE - Gestion des cookies<\/title>\n<meta name=\"description\" content=\"G\u00e9rez vos cookies pour une exp\u00e9rience personnalis\u00e9e sur notre site. Ajustez vos param\u00e8tres de confidentialit\u00e9.\" \/>\n<meta name=\"robots\" content=\"index, follow, max-snippet:-1, max-image-preview:large, max-video-preview:-1\" \/>\n<link rel=\"canonical\" href=\"https:\/\/oseconseils.fr\/index.php\/gestion-des-cookies\/\" \/>\n<meta property=\"og:locale\" content=\"fr_FR\" \/>\n<meta property=\"og:type\" content=\"article\" \/>\n<meta property=\"og:title\" content=\"OSE - Gestion des cookies\" \/>\n<meta property=\"og:description\" content=\"G\u00e9rez vos cookies pour une exp\u00e9rience personnalis\u00e9e sur notre site. Ajustez vos param\u00e8tres de confidentialit\u00e9.\" \/>\n<meta property=\"og:url\" content=\"https:\/\/oseconseils.fr\/index.php\/gestion-des-cookies\/\" \/>\n<meta property=\"og:site_name\" content=\"OSE\" \/>\n<meta property=\"article:modified_time\" content=\"2024-11-07T09:21:40+00:00\" \/>\n<meta property=\"og:image\" content=\"https:\/\/oseconseils.fr\/wp-content\/uploads\/2024\/11\/Sans-titre-1-scaled.jpg\" \/>\n\t<meta property=\"og:image:width\" content=\"2560\" \/>\n\t<meta property=\"og:image:height\" content=\"1920\" \/>\n\t<meta property=\"og:image:type\" content=\"image\/jpeg\" \/>\n<meta name=\"twitter:card\" content=\"summary_large_image\" \/>\n<meta name=\"twitter:label1\" content=\"Dur\u00e9e de lecture estim\u00e9e\" \/>\n\t<meta name=\"twitter:data1\" content=\"1 minute\" \/>\n<script type=\"application\/ld+json\" class=\"yoast-schema-graph\">{\"@context\":\"https:\\\/\\\/schema.org\",\"@graph\":[{\"@type\":\"WebPage\",\"@id\":\"https:\\\/\\\/oseconseils.fr\\\/index.php\\\/gestion-des-cookies\\\/\",\"url\":\"https:\\\/\\\/oseconseils.fr\\\/index.php\\\/gestion-des-cookies\\\/\",\"name\":\"OSE - Gestion des cookies\",\"isPartOf\":{\"@id\":\"https:\\\/\\\/oseconseils.fr\\\/#website\"},\"primaryImageOfPage\":{\"@id\":\"https:\\\/\\\/oseconseils.fr\\\/index.php\\\/gestion-des-cookies\\\/#primaryimage\"},\"image\":{\"@id\":\"https:\\\/\\\/oseconseils.fr\\\/index.php\\\/gestion-des-cookies\\\/#primaryimage\"},\"thumbnailUrl\":\"https:\\\/\\\/oseconseils.fr\\\/wp-content\\\/uploads\\\/2024\\\/11\\\/Sans-titre-1-scaled.jpg\",\"datePublished\":\"2024-10-11T14:31:20+00:00\",\"dateModified\":\"2024-11-07T09:21:40+00:00\",\"description\":\"G\u00e9rez vos cookies pour une exp\u00e9rience personnalis\u00e9e sur notre site. Ajustez vos param\u00e8tres de confidentialit\u00e9.\",\"breadcrumb\":{\"@id\":\"https:\\\/\\\/oseconseils.fr\\\/index.php\\\/gestion-des-cookies\\\/#breadcrumb\"},\"inLanguage\":\"fr-FR\",\"potentialAction\":[{\"@type\":\"ReadAction\",\"target\":[\"https:\\\/\\\/oseconseils.fr\\\/index.php\\\/gestion-des-cookies\\\/\"]}]},{\"@type\":\"ImageObject\",\"inLanguage\":\"fr-FR\",\"@id\":\"https:\\\/\\\/oseconseils.fr\\\/index.php\\\/gestion-des-cookies\\\/#primaryimage\",\"url\":\"https:\\\/\\\/oseconseils.fr\\\/wp-content\\\/uploads\\\/2024\\\/11\\\/Sans-titre-1-scaled.jpg\",\"contentUrl\":\"https:\\\/\\\/oseconseils.fr\\\/wp-content\\\/uploads\\\/2024\\\/11\\\/Sans-titre-1-scaled.jpg\",\"width\":2560,\"height\":1920},{\"@type\":\"BreadcrumbList\",\"@id\":\"https:\\\/\\\/oseconseils.fr\\\/index.php\\\/gestion-des-cookies\\\/#breadcrumb\",\"itemListElement\":[{\"@type\":\"ListItem\",\"position\":1,\"name\":\"Accueil\",\"item\":\"https:\\\/\\\/oseconseils.fr\\\/\"},{\"@type\":\"ListItem\",\"position\":2,\"name\":\"Gestion des cookies\"}]},{\"@type\":\"WebSite\",\"@id\":\"https:\\\/\\\/oseconseils.fr\\\/#website\",\"url\":\"https:\\\/\\\/oseconseils.fr\\\/\",\"name\":\"OSE\",\"description\":\"\",\"publisher\":{\"@id\":\"https:\\\/\\\/oseconseils.fr\\\/#organization\"},\"potentialAction\":[{\"@type\":\"SearchAction\",\"target\":{\"@type\":\"EntryPoint\",\"urlTemplate\":\"https:\\\/\\\/oseconseils.fr\\\/?s={search_term_string}\"},\"query-input\":{\"@type\":\"PropertyValueSpecification\",\"valueRequired\":true,\"valueName\":\"search_term_string\"}}],\"inLanguage\":\"fr-FR\"},{\"@type\":\"Organization\",\"@id\":\"https:\\\/\\\/oseconseils.fr\\\/#organization\",\"name\":\"OSE\",\"url\":\"https:\\\/\\\/oseconseils.fr\\\/\",\"logo\":{\"@type\":\"ImageObject\",\"inLanguage\":\"fr-FR\",\"@id\":\"https:\\\/\\\/oseconseils.fr\\\/#\\\/schema\\\/logo\\\/image\\\/\",\"url\":\"https:\\\/\\\/oseconseils.fr\\\/wp-content\\\/uploads\\\/2024\\\/10\\\/AnyConv.com__OSE-LOGO_groupe-blanc.webp\",\"contentUrl\":\"https:\\\/\\\/oseconseils.fr\\\/wp-content\\\/uploads\\\/2024\\\/10\\\/AnyConv.com__OSE-LOGO_groupe-blanc.webp\",\"width\":1303,\"height\":684,\"caption\":\"OSE\"},\"image\":{\"@id\":\"https:\\\/\\\/oseconseils.fr\\\/#\\\/schema\\\/logo\\\/image\\\/\"},\"sameAs\":[\"https:\\\/\\\/www.linkedin.com\\\/company\\\/oseconseils\\\/posts\\\/?feedView=all\"]}]}<\/script>\n<!-- \/ Yoast SEO plugin. -->","yoast_head_json":{"title":"OSE - Gestion des cookies","description":"G\u00e9rez vos cookies pour une exp\u00e9rience personnalis\u00e9e sur notre site. Ajustez vos param\u00e8tres de confidentialit\u00e9.","robots":{"index":"index","follow":"follow","max-snippet":"max-snippet:-1","max-image-preview":"max-image-preview:large","max-video-preview":"max-video-preview:-1"},"canonical":"https:\/\/oseconseils.fr\/index.php\/gestion-des-cookies\/","og_locale":"fr_FR","og_type":"article","og_title":"OSE - Gestion des cookies","og_description":"G\u00e9rez vos cookies pour une exp\u00e9rience personnalis\u00e9e sur notre site. Ajustez vos param\u00e8tres de confidentialit\u00e9.","og_url":"https:\/\/oseconseils.fr\/index.php\/gestion-des-cookies\/","og_site_name":"OSE","article_modified_time":"2024-11-07T09:21:40+00:00","og_image":[{"width":2560,"height":1920,"url":"https:\/\/oseconseils.fr\/wp-content\/uploads\/2024\/11\/Sans-titre-1-scaled.jpg","type":"image\/jpeg"}],"twitter_card":"summary_large_image","twitter_misc":{"Dur\u00e9e de lecture estim\u00e9e":"1 minute"},"schema":{"@context":"https:\/\/schema.org","@graph":[{"@type":"WebPage","@id":"https:\/\/oseconseils.fr\/index.php\/gestion-des-cookies\/","url":"https:\/\/oseconseils.fr\/index.php\/gestion-des-cookies\/","name":"OSE - Gestion des cookies","isPartOf":{"@id":"https:\/\/oseconseils.fr\/#website"},"primaryImageOfPage":{"@id":"https:\/\/oseconseils.fr\/index.php\/gestion-des-cookies\/#primaryimage"},"image":{"@id":"https:\/\/oseconseils.fr\/index.php\/gestion-des-cookies\/#primaryimage"},"thumbnailUrl":"https:\/\/oseconseils.fr\/wp-content\/uploads\/2024\/11\/Sans-titre-1-scaled.jpg","datePublished":"2024-10-11T14:31:20+00:00","dateModified":"2024-11-07T09:21:40+00:00","description":"G\u00e9rez vos cookies pour une exp\u00e9rience personnalis\u00e9e sur notre site. Ajustez vos param\u00e8tres de confidentialit\u00e9.","breadcrumb":{"@id":"https:\/\/oseconseils.fr\/index.php\/gestion-des-cookies\/#breadcrumb"},"inLanguage":"fr-FR","potentialAction":[{"@type":"ReadAction","target":["https:\/\/oseconseils.fr\/index.php\/gestion-des-cookies\/"]}]},{"@type":"ImageObject","inLanguage":"fr-FR","@id":"https:\/\/oseconseils.fr\/index.php\/gestion-des-cookies\/#primaryimage","url":"https:\/\/oseconseils.fr\/wp-content\/uploads\/2024\/11\/Sans-titre-1-scaled.jpg","contentUrl":"https:\/\/oseconseils.fr\/wp-content\/uploads\/2024\/11\/Sans-titre-1-scaled.jpg","width":2560,"height":1920},{"@type":"BreadcrumbList","@id":"https:\/\/oseconseils.fr\/index.php\/gestion-des-cookies\/#breadcrumb","itemListElement":[{"@type":"ListItem","position":1,"name":"Accueil","item":"https:\/\/oseconseils.fr\/"},{"@type":"ListItem","position":2,"name":"Gestion des cookies"}]},{"@type":"WebSite","@id":"https:\/\/oseconseils.fr\/#website","url":"https:\/\/oseconseils.fr\/","name":"OSE","description":"","publisher":{"@id":"https:\/\/oseconseils.fr\/#organization"},"potentialAction":[{"@type":"SearchAction","target":{"@type":"EntryPoint","urlTemplate":"https:\/\/oseconseils.fr\/?s={search_term_string}"},"query-input":{"@type":"PropertyValueSpecification","valueRequired":true,"valueName":"search_term_string"}}],"inLanguage":"fr-FR"},{"@type":"Organization","@id":"https:\/\/oseconseils.fr\/#organization","name":"OSE","url":"https:\/\/oseconseils.fr\/","logo":{"@type":"ImageObject","inLanguage":"fr-FR","@id":"https:\/\/oseconseils.fr\/#\/schema\/logo\/image\/","url":"https:\/\/oseconseils.fr\/wp-content\/uploads\/2024\/10\/AnyConv.com__OSE-LOGO_groupe-blanc.webp","contentUrl":"https:\/\/oseconseils.fr\/wp-content\/uploads\/2024\/10\/AnyConv.com__OSE-LOGO_groupe-blanc.webp","width":1303,"height":684,"caption":"OSE"},"image":{"@id":"https:\/\/oseconseils.fr\/#\/schema\/logo\/image\/"},"sameAs":["https:\/\/www.linkedin.com\/company\/oseconseils\/posts\/?feedView=all"]}]}},"_links":{"self":[{"href":"https:\/\/oseconseils.fr\/index.php\/wp-json\/wp\/v2\/pages\/98","targetHints":{"allow":["GET"]}}],"collection":[{"href":"https:\/\/oseconseils.fr\/index.php\/wp-json\/wp\/v2\/pages"}],"about":[{"href":"https:\/\/oseconseils.fr\/index.php\/wp-json\/wp\/v2\/types\/page"}],"author":[{"embeddable":true,"href":"https:\/\/oseconseils.fr\/index.php\/wp-json\/wp\/v2\/users\/1"}],"replies":[{"embeddable":true,"href":"https:\/\/oseconseils.fr\/index.php\/wp-json\/wp\/v2\/comments?post=98"}],"version-history":[{"count":13,"href":"https:\/\/oseconseils.fr\/index.php\/wp-json\/wp\/v2\/pages\/98\/revisions"}],"predecessor-version":[{"id":2144,"href":"https:\/\/oseconseils.fr\/index.php\/wp-json\/wp\/v2\/pages\/98\/revisions\/2144"}],"wp:featuredmedia":[{"embeddable":true,"href":"https:\/\/oseconseils.fr\/index.php\/wp-json\/wp\/v2\/media\/1547"}],"wp:attachment":[{"href":"https:\/\/oseconseils.fr\/index.php\/wp-json\/wp\/v2\/media?parent=98"}],"curies":[{"name":"wp","href":"https:\/\/api.w.org\/{rel}","templated":true}]}}